{"id":20858,"date":"2025-05-23T14:42:33","date_gmt":"2025-05-23T14:42:33","guid":{"rendered":"https:\/\/maylander.wine\/impressum\/"},"modified":"2025-08-11T16:42:35","modified_gmt":"2025-08-11T16:42:35","slug":"impressum","status":"publish","type":"page","link":"https:\/\/maylander.wine\/nl\/impressum\/","title":{"rendered":"Impressum"},"content":{"rendered":"\t\t<div data-elementor-type=\"wp-page\" data-elementor-id=\"20858\" class=\"elementor elementor-20858 elementor-19371\" data-elementor-post-type=\"page\">\n\t\t\t\t<div class=\"elementor-element elementor-element-937ff95 e-flex e-con-boxed e-con e-parent\" data-id=\"937ff95\" data-element_type=\"container\" data-e-type=\"container\">\n\t\t\t\t\t<div class=\"e-con-inner\">\n\t\t\t\t<div class=\"elementor-element elementor-element-059144f elementor-widget elementor-widget-heading\" data-id=\"059144f\" data-element_type=\"widget\" data-e-type=\"widget\" data-widget_type=\"heading.default\">\n\t\t\t\t\t<h2 class=\"elementor-heading-title elementor-size-default\">Impressum<\/h2>\t\t\t\t<\/div>\n\t\t\t\t<div class=\"elementor-element elementor-element-c2864b7 elementor-widget elementor-widget-text-editor\" data-id=\"c2864b7\" data-element_type=\"widget\" data-e-type=\"widget\" data-widget_type=\"text-editor.default\">\n\t\t\t\t\t\t\t\t\t<p data-start=\"275\" data-end=\"300\"><strong data-start=\"275\" data-end=\"300\">Angaben gem\u00e4\u00df \u00a7 5 TMG<\/strong><\/p><p data-start=\"302\" data-end=\"474\"><strong data-start=\"302\" data-end=\"325\">BOX BOX Limited<\/strong><br data-start=\"325\" data-end=\"328\">Vertreten durch den Gesch\u00e4ftsf\u00fchrer: Laura Parr<br data-start=\"404\" data-end=\"407\">10-12 Alder Hills<br data-start=\"424\" data-end=\"427\">Poole, BH12 4AL<br data-start=\"442\" data-end=\"445\">Vereinigtes K\u00f6nigreich (UK)<\/p><p data-start=\"476\" data-end=\"617\"><strong data-start=\"476\" data-end=\"488\">Contact:<\/strong><br data-start=\"488\" data-end=\"491\">Telefon: +44 (0)1202 413610 ext. 115<br data-start=\"527\" data-end=\"530\">E-mail: <a class=\"cursor-pointer\" rel=\"noopener\" data-start=\"538\" data-end=\"557\">info@maylander.wine<\/a><br data-start=\"557\" data-end=\"560\">Website: <a class=\"\" href=\"https:\/\/maylander.wine\/nl\/\" target=\"_new\" rel=\"noopener\" data-start=\"569\" data-end=\"617\">https:\/\/maylander.wine<\/a><\/p><p data-start=\"476\" data-end=\"617\"><strong>AWRS-Nummer:<\/strong> XCAW00000121958<\/p><p data-start=\"619\" data-end=\"823\"><strong data-start=\"619\" data-end=\"639\">Umsatzsteuer-ID:<\/strong><br data-start=\"639\" data-end=\"642\">Umsatzsteuer-Identifikationsnummer gem\u00e4\u00df \u00a727 a Umsatzsteuergesetz:<\/p><p data-start=\"825\" data-end=\"964\"><strong data-start=\"825\" data-end=\"852\">Handelsregistereintrag:<\/strong><br data-start=\"852\" data-end=\"855\">Eingetragen im Handelsregister beim Companies House<br data-start=\"906\" data-end=\"909\">Registernummer: <strong>15088763<\/strong><\/p><hr data-start=\"966\" data-end=\"969\"><p data-start=\"971\" data-end=\"1158\"><strong data-start=\"971\" data-end=\"1027\">Verantwortlich f\u00fcr den Inhalt nach \u00a7 55 Abs. 2 RStV: <\/strong><br data-start=\"1027\" data-end=\"1030\">Laura Parr<br data-start=\"1073\" data-end=\"1076\">BOX BOX Limited<br data-start=\"1095\" data-end=\"1098\">10-12 Alder Hills<br data-start=\"1115\" data-end=\"1118\">Poole, BH12 4AL<br data-start=\"1133\" data-end=\"1136\">Vereinigtes K\u00f6nigreich<\/p><hr data-start=\"1160\" data-end=\"1163\"><p data-start=\"1165\" data-end=\"1395\"><strong data-start=\"1165\" data-end=\"1201\">Haftungsausschluss (Disclaimer):<\/strong><br data-start=\"1201\" data-end=\"1204\">Trotz sorgf\u00e4ltiger inhaltlicher Kontrolle \u00fcbernehmen wir keine Haftung f\u00fcr die Inhalte externen Links. Voor de inhoud van verlinkte pagina&#8217;s zijn uitsluitend de beheerders verantwoordelijk. <\/p><hr data-start=\"1397\" data-end=\"1400\"><h3 data-start=\"1402\" data-end=\"1420\"> <\/h3>\t\t\t\t\t\t\t\t<\/div>\n\t\t\t\t\t<\/div>\n\t\t\t\t<\/div>\n\t\t\t\t<\/div>\n\t\t","protected":false},"excerpt":{"rendered":"<p>Impressum Angaben gem\u00e4\u00df \u00a7 5 TMG BOX BOX LimitedVertreten durch den Gesch\u00e4ftsf\u00fchrer: Laura Parr10-12 Alder HillsPoole, BH12 4ALVereinigtes K\u00f6nigreich (UK) Contact:Telefon: +44 (0)1202 413610 ext. 115E-mail: info@maylander.wineWebsite: https:\/\/maylander.wine AWRS-Nummer: XCAW00000121958 Umsatzsteuer-ID:Umsatzsteuer-Identifikationsnummer gem\u00e4\u00df \u00a727 a Umsatzsteuergesetz: Handelsregistereintrag:Eingetragen im Handelsregister beim Companies HouseRegisternummer: 15088763 Verantwortlich f\u00fcr den Inhalt nach \u00a7 55 Abs. 2 RStV: Laura ParrBOX BOX [&hellip;]<\/p>\n","protected":false},"author":1,"featured_media":0,"parent":0,"menu_order":0,"comment_status":"closed","ping_status":"closed","template":"","meta":{"footnotes":""},"class_list":["post-20858","page","type-page","status-publish","hentry"],"_links":{"self":[{"href":"https:\/\/maylander.wine\/nl\/wp-json\/wp\/v2\/pages\/20858","targetHints":{"allow":["GET"]}}],"collection":[{"href":"https:\/\/maylander.wine\/nl\/wp-json\/wp\/v2\/pages"}],"about":[{"href":"https:\/\/maylander.wine\/nl\/wp-json\/wp\/v2\/types\/page"}],"author":[{"embeddable":true,"href":"https:\/\/maylander.wine\/nl\/wp-json\/wp\/v2\/users\/1"}],"replies":[{"embeddable":true,"href":"https:\/\/maylander.wine\/nl\/wp-json\/wp\/v2\/comments?post=20858"}],"version-history":[{"count":0,"href":"https:\/\/maylander.wine\/nl\/wp-json\/wp\/v2\/pages\/20858\/revisions"}],"wp:attachment":[{"href":"https:\/\/maylander.wine\/nl\/wp-json\/wp\/v2\/media?parent=20858"}],"curies":[{"name":"wp","href":"https:\/\/api.w.org\/{rel}","templated":true}]}}