{"id":30509,"date":"2026-04-17T13:07:03","date_gmt":"2026-04-17T13:07:03","guid":{"rendered":"https:\/\/maylander.wine\/serie-paddock\/"},"modified":"2026-04-23T12:40:34","modified_gmt":"2026-04-23T12:40:34","slug":"serie-paddock","status":"publish","type":"page","link":"https:\/\/maylander.wine\/it\/serie-paddock\/","title":{"rendered":"Serie Paddock"},"content":{"rendered":"\t\t<div data-elementor-type=\"wp-page\" data-elementor-id=\"30509\" class=\"elementor elementor-30509 elementor-29802\" data-elementor-post-type=\"page\">\n\t\t\t\t<div class=\"elementor-element elementor-element-eeb3773 e-flex e-con-boxed e-con e-parent\" data-id=\"eeb3773\" data-element_type=\"container\" data-e-type=\"container\">\n\t\t\t\t\t<div class=\"e-con-inner\">\n\t\t\t\t<div class=\"elementor-element elementor-element-e4566de elementor-widget elementor-widget-heading\" data-id=\"e4566de\" data-element_type=\"widget\" data-e-type=\"widget\" data-widget_type=\"heading.default\">\n\t\t\t\t\t<h3 class=\"elementor-heading-title elementor-size-default\">Vini Mayl\u00e4nder Serie Paddock<\/h3>\t\t\t\t<\/div>\n\t\t\t\t<div class=\"elementor-element elementor-element-3b838c7 elementor-widget elementor-widget-heading\" data-id=\"3b838c7\" data-element_type=\"widget\" data-e-type=\"widget\" data-widget_type=\"heading.default\">\n\t\t\t\t\t<h2 class=\"elementor-heading-title elementor-size-default\">La Paddock Series \u00e8 la collezione all'ingrosso di Mayl\u00e4nder Wine, pensata per eventi, ospitalit\u00e0 e ambienti ad alta energia dove il grande vino incontra grandi momenti. Progettata per i wine bar, i locali che si occupano di sport motoristici e gli incontri di alto livello, questa gamma offre la stessa cura, la stessa provenienza e la stessa attenzione ai dettagli della nostra Serie Apex, ma a un prezzo adatto al commercio. \n\nChe sia servita a bordo pista, in un ristorante affollato o in occasione di un evento privato, la Paddock Series consente ai partner di presentare il vino Mayl\u00e4nder con fiducia, combinando qualit\u00e0, coerenza e accessibilit\u00e0 su scala.<\/h2>\t\t\t\t<\/div>\n\t\t\t\t\t<\/div>\n\t\t\t\t<\/div>\n\t\t<div class=\"elementor-element elementor-element-3f9cf626 e-con-full e-flex e-con e-parent\" data-id=\"3f9cf626\" data-element_type=\"container\" data-e-type=\"container\">\n\t\t\t\t<div class=\"woocommerce elementor-element elementor-element-86be436 elementor-grid-3 elementor-grid-tablet-2 elementor-grid-mobile-1 elementor-widget elementor-widget-loop-grid\" data-id=\"86be436\" data-element_type=\"widget\" data-e-type=\"widget\" data-settings=\"{&quot;_skin&quot;:&quot;product&quot;,&quot;template_id&quot;:31084,&quot;columns&quot;:&quot;3&quot;,&quot;columns_tablet&quot;:&quot;2&quot;,&quot;columns_mobile&quot;:&quot;1&quot;,&quot;edit_handle_selector&quot;:&quot;[data-elementor-type=\\&quot;loop-item\\&quot;]&quot;,&quot;row_gap&quot;:{&quot;unit&quot;:&quot;px&quot;,&quot;size&quot;:&quot;&quot;,&quot;sizes&quot;:[]},&quot;row_gap_tablet&quot;:{&quot;unit&quot;:&quot;px&quot;,&quot;size&quot;:&quot;&quot;,&quot;sizes&quot;:[]},&quot;row_gap_mobile&quot;:{&quot;unit&quot;:&quot;px&quot;,&quot;size&quot;:&quot;&quot;,&quot;sizes&quot;:[]}}\" data-widget_type=\"loop-grid.product\">\n\t\t\t\t<div class=\"elementor-widget-container\">\n\t\t\t\t\t\t\t<div class=\"elementor-loop-container elementor-grid\" role=\"list\">\n\t\t<style id=\"loop-31084\">.elementor-31084 .elementor-element.elementor-element-7cc90c5{--display:flex;--flex-direction:column;--container-widget-width:100%;--container-widget-height:initial;--container-widget-flex-grow:0;--container-widget-align-self:initial;--flex-wrap-mobile:wrap;--gap:0px 0px;--row-gap:0px;--column-gap:0px;--margin-top:0px;--margin-bottom:0px;--margin-left:0px;--margin-right:0px;--padding-top:0px;--padding-bottom:0px;--padding-left:0px;--padding-right:0px;}.elementor-31084 .elementor-element.elementor-element-4f42d9a{text-align:center;margin:0px 0px calc(var(--kit-widget-spacing, 0px) + 0px) 0px;padding:0px 0px 0px 0px;}.elementor-31084 .elementor-element.elementor-element-4f42d9a .elementor-heading-title{font-family:var( --e-global-typography-accent-font-family ), Sans-serif;font-weight:var( --e-global-typography-accent-font-weight );}.elementor-31084 .elementor-element.elementor-element-959710e{text-align:center;margin:0px 0px calc(var(--kit-widget-spacing, 0px) + 0px) 0px;padding:0px 0px 0px 0px;}.elementor-31084 .elementor-element.elementor-element-e729151{text-align:center;}<\/style>\t\t<div data-elementor-type=\"loop-item\" data-elementor-id=\"31084\" class=\"elementor elementor-31084 elementor-31072 elementor-31072 e-loop-item e-loop-item-30294 post-30294 product type-product status-publish has-post-thumbnail product_cat-serie-paddock first instock shipping-taxable product-type-simple\" data-elementor-post-type=\"elementor_library\" data-custom-edit-handle=\"1\">\n\t\t\t<div class=\"elementor-element elementor-element-7cc90c5 e-flex e-con-boxed e-con e-parent\" data-id=\"7cc90c5\" data-element_type=\"container\" data-e-type=\"container\">\n\t\t\t\t\t<div class=\"e-con-inner\">\n\t\t\t\t<div class=\"elementor-element elementor-element-70d6b8d elementor-widget elementor-widget-image\" data-id=\"70d6b8d\" data-element_type=\"widget\" data-e-type=\"widget\" data-widget_type=\"image.default\">\n\t\t\t\t\t\t\t\t\t\t\t\t\t\t\t<img fetchpriority=\"high\" decoding=\"async\" width=\"300\" height=\"300\" src=\"https:\/\/maylander.wine\/wp-content\/uploads\/2026\/04\/Paddock-Series-white.jpg\" class=\"attachment-medium size-medium wp-image-29818\" alt=\"Custodia bianca della serie Paddock\" \/>\t\t\t\t\t\t\t\t\t\t\t\t\t\t\t<\/div>\n\t\t\t\t<div class=\"elementor-element elementor-element-4f42d9a elementor-widget elementor-widget-woocommerce-product-title elementor-page-title elementor-widget-heading\" data-id=\"4f42d9a\" data-element_type=\"widget\" data-e-type=\"widget\" data-widget_type=\"woocommerce-product-title.default\">\n\t\t\t\t\t<h4 class=\"product_title entry-title elementor-heading-title elementor-size-default\">Serie Paddock Bianco &#8211; Valigetta<\/h4>\t\t\t\t<\/div>\n\t\t\t\t<div class=\"elementor-element elementor-element-959710e elementor-widget elementor-widget-woocommerce-product-price\" data-id=\"959710e\" data-element_type=\"widget\" data-e-type=\"widget\" data-widget_type=\"woocommerce-product-price.default\">\n\t\t\t\t\t<p class=\"price\"><span class=\"wcpbc-price wcpbc-price-30294\" data-product-id=\"30294\"><\/span><\/p>\n\t\t\t\t<\/div>\n\t\t\t\t<div class=\"elementor-element elementor-element-e729151 elementor-widget elementor-widget-text-editor\" data-id=\"e729151\" data-element_type=\"widget\" data-e-type=\"widget\" data-widget_type=\"text-editor.default\">\n\t\t\t\t\t\t\t\t\t<p>Prezzi all&#8217;ingrosso per le casse: <a href=\"https:\/\/maylander.wine\/it\/pagina-di-registrazione-allingrosso\/\">Si prega di informarsi<\/a><\/p>\t\t\t\t\t\t\t\t<\/div>\n\t\t\t\t\t<\/div>\n\t\t\t\t<\/div>\n\t\t\t\t<\/div>\n\t\t\t\t<div data-elementor-type=\"loop-item\" data-elementor-id=\"31084\" class=\"elementor elementor-31084 elementor-31072 elementor-31072 e-loop-item e-loop-item-30536 post-30536 product type-product status-publish has-post-thumbnail product_cat-serie-paddock  instock shipping-taxable product-type-simple\" data-elementor-post-type=\"elementor_library\" data-custom-edit-handle=\"1\">\n\t\t\t<div class=\"elementor-element elementor-element-7cc90c5 e-flex e-con-boxed e-con e-parent\" data-id=\"7cc90c5\" data-element_type=\"container\" data-e-type=\"container\">\n\t\t\t\t\t<div class=\"e-con-inner\">\n\t\t\t\t<div class=\"elementor-element elementor-element-70d6b8d elementor-widget elementor-widget-image\" data-id=\"70d6b8d\" data-element_type=\"widget\" data-e-type=\"widget\" data-widget_type=\"image.default\">\n\t\t\t\t\t\t\t\t\t\t\t\t\t\t\t<img decoding=\"async\" width=\"300\" height=\"300\" src=\"https:\/\/maylander.wine\/wp-content\/uploads\/2026\/04\/Paddock-Series-Red.jpg\" class=\"attachment-medium size-medium wp-image-30580\" alt=\"Serie Mayl\u00e4nder Red Paddock\" \/>\t\t\t\t\t\t\t\t\t\t\t\t\t\t\t<\/div>\n\t\t\t\t<div class=\"elementor-element elementor-element-4f42d9a elementor-widget elementor-widget-woocommerce-product-title elementor-page-title elementor-widget-heading\" data-id=\"4f42d9a\" data-element_type=\"widget\" data-e-type=\"widget\" data-widget_type=\"woocommerce-product-title.default\">\n\t\t\t\t\t<h4 class=\"product_title entry-title elementor-heading-title elementor-size-default\">Serie Paddock Rosso &#8211; Valigetta<\/h4>\t\t\t\t<\/div>\n\t\t\t\t<div class=\"elementor-element elementor-element-959710e elementor-widget elementor-widget-woocommerce-product-price\" data-id=\"959710e\" data-element_type=\"widget\" data-e-type=\"widget\" data-widget_type=\"woocommerce-product-price.default\">\n\t\t\t\t\t<p class=\"price\"><span class=\"wcpbc-price wcpbc-price-30536\" data-product-id=\"30536\"><\/span><\/p>\n\t\t\t\t<\/div>\n\t\t\t\t<div class=\"elementor-element elementor-element-e729151 elementor-widget elementor-widget-text-editor\" data-id=\"e729151\" data-element_type=\"widget\" data-e-type=\"widget\" data-widget_type=\"text-editor.default\">\n\t\t\t\t\t\t\t\t\t<p>Prezzi all&#8217;ingrosso per le casse: <a href=\"https:\/\/maylander.wine\/it\/pagina-di-registrazione-allingrosso\/\">Si prega di informarsi<\/a><\/p>\t\t\t\t\t\t\t\t<\/div>\n\t\t\t\t\t<\/div>\n\t\t\t\t<\/div>\n\t\t\t\t<\/div>\n\t\t\t\t<\/div>\n\t\t\n\t\t\t\t\t\t<\/div>\n\t\t\t\t<\/div>\n\t\t\t\t<\/div>\n\t\t\t\t<\/div>\n\t\t","protected":false},"excerpt":{"rendered":"<p>Vini Mayl\u00e4nder Serie Paddock La Paddock Series \u00e8 la collezione all&#8217;ingrosso di Mayl\u00e4nder Wine, pensata per eventi, ospitalit\u00e0 e ambienti ad alta energia dove il grande vino incontra grandi momenti. Progettata per i wine bar, i locali che si occupano di sport motoristici e gli incontri di alto livello, questa gamma offre la stessa cura, [&hellip;]<\/p>\n","protected":false},"author":1,"featured_media":0,"parent":0,"menu_order":0,"comment_status":"closed","ping_status":"closed","template":"","meta":{"footnotes":""},"class_list":["post-30509","page","type-page","status-publish","hentry"],"_links":{"self":[{"href":"https:\/\/maylander.wine\/it\/wp-json\/wp\/v2\/pages\/30509","targetHints":{"allow":["GET"]}}],"collection":[{"href":"https:\/\/maylander.wine\/it\/wp-json\/wp\/v2\/pages"}],"about":[{"href":"https:\/\/maylander.wine\/it\/wp-json\/wp\/v2\/types\/page"}],"author":[{"embeddable":true,"href":"https:\/\/maylander.wine\/it\/wp-json\/wp\/v2\/users\/1"}],"replies":[{"embeddable":true,"href":"https:\/\/maylander.wine\/it\/wp-json\/wp\/v2\/comments?post=30509"}],"version-history":[{"count":6,"href":"https:\/\/maylander.wine\/it\/wp-json\/wp\/v2\/pages\/30509\/revisions"}],"predecessor-version":[{"id":31141,"href":"https:\/\/maylander.wine\/it\/wp-json\/wp\/v2\/pages\/30509\/revisions\/31141"}],"wp:attachment":[{"href":"https:\/\/maylander.wine\/it\/wp-json\/wp\/v2\/media?parent=30509"}],"curies":[{"name":"wp","href":"https:\/\/api.w.org\/{rel}","templated":true}]}}