{"id":20692,"date":"2025-08-05T12:41:54","date_gmt":"2025-08-05T12:41:54","guid":{"rendered":"https:\/\/maylander.wine\/regali\/"},"modified":"2026-03-31T16:47:24","modified_gmt":"2026-03-31T16:47:24","slug":"regali","status":"publish","type":"page","link":"https:\/\/maylander.wine\/it\/regali\/","title":{"rendered":"Regali"},"content":{"rendered":"\t\t<div data-elementor-type=\"wp-page\" data-elementor-id=\"20692\" class=\"elementor elementor-20692 elementor-20685\" data-elementor-post-type=\"page\">\n\t\t\t\t\t\t<section class=\"elementor-section elementor-top-section elementor-element elementor-element-66fdc81c elementor-section-height-min-height elementor-section-full_width elementor-section-height-default elementor-section-items-middle\" data-id=\"66fdc81c\" data-element_type=\"section\" data-e-type=\"section\" data-settings=\"{&quot;background_background&quot;:&quot;classic&quot;}\">\n\t\t\t\t\t\t<div class=\"elementor-container elementor-column-gap-no\">\n\t\t\t\t\t<div class=\"elementor-column elementor-col-100 elementor-top-column elementor-element elementor-element-51c0b158\" data-id=\"51c0b158\" data-element_type=\"column\" data-e-type=\"column\">\n\t\t\t<div class=\"elementor-widget-wrap elementor-element-populated\">\n\t\t\t\t\t\t<section class=\"elementor-section elementor-inner-section elementor-element elementor-element-7f4c72df elementor-section-boxed elementor-section-height-default elementor-section-height-default\" data-id=\"7f4c72df\" data-element_type=\"section\" data-e-type=\"section\">\n\t\t\t\t\t\t<div class=\"elementor-container elementor-column-gap-default\">\n\t\t\t\t\t<div class=\"elementor-column elementor-col-100 elementor-inner-column elementor-element elementor-element-23c9823c\" data-id=\"23c9823c\" data-element_type=\"column\" data-e-type=\"column\" data-settings=\"{&quot;background_background&quot;:&quot;classic&quot;}\">\n\t\t\t<div class=\"elementor-widget-wrap elementor-element-populated\">\n\t\t\t\t\t\t<div class=\"elementor-element elementor-element-7645dc85 elementor-widget elementor-widget-heading\" data-id=\"7645dc85\" data-element_type=\"widget\" data-e-type=\"widget\" data-widget_type=\"heading.default\">\n\t\t\t\t\t<h2 class=\"elementor-heading-title elementor-size-default\">Fai un regalo che non dimenticheranno mai<\/h2>\t\t\t\t<\/div>\n\t\t\t\t<div class=\"elementor-element elementor-element-61975fe4 elementor-widget elementor-widget-heading\" data-id=\"61975fe4\" data-element_type=\"widget\" data-e-type=\"widget\" data-widget_type=\"heading.default\">\n\t\t\t\t\t<h2 class=\"elementor-heading-title elementor-size-default\">Esplora la nostra collezione di regali Mayl\u00e4nder Wine, perfetti per una persona speciale, sia che ami gli sport motoristici, il vino pregiato o entrambi. Dai curati set di mezze bottiglie Duo e Trio alle flessibili Carte Regalo Mayl\u00e4nder, ogni opzione \u00e8 pensata per adattarsi a qualsiasi occasione, dal Natale e la Festa del Pap\u00e0 ai compleanni, agli anniversari e alle celebrazioni di ogni tipo. Presentato con cura e facile da regalare, ogni dono trasmette un senso di precisione, tradizione e lusso, consegnato direttamente a casa.  <\/h2>\t\t\t\t<\/div>\n\t\t\t\t\t<\/div>\n\t\t<\/div>\n\t\t\t\t\t<\/div>\n\t\t<\/section>\n\t\t\t\t\t<\/div>\n\t\t<\/div>\n\t\t\t\t\t<\/div>\n\t\t<\/section>\n\t\t<div class=\"elementor-element elementor-element-327495b2 e-flex e-con-boxed e-con e-parent\" data-id=\"327495b2\" data-element_type=\"container\" data-e-type=\"container\">\n\t\t\t\t\t<div class=\"e-con-inner\">\n\t\t<div class=\"elementor-element elementor-element-7c788fd7 e-con-full e-flex e-con e-child\" data-id=\"7c788fd7\" data-element_type=\"container\" data-e-type=\"container\">\n\t\t\t\t<div class=\"elementor-element elementor-element-2845215 elementor-widget elementor-widget-woocommerce-breadcrumb\" data-id=\"2845215\" data-element_type=\"widget\" data-e-type=\"widget\" data-widget_type=\"woocommerce-breadcrumb.default\">\n\t\t\t\t\t<nav class=\"woocommerce-breadcrumb\" aria-label=\"Breadcrumb\">Casa<\/nav>\t\t\t\t<\/div>\n\t\t\t\t<\/div>\n\t\t\t\t\t<\/div>\n\t\t\t\t<\/div>\n\t\t<div class=\"elementor-element elementor-element-19b850e4 e-con-full e-flex e-con e-parent\" data-id=\"19b850e4\" data-element_type=\"container\" data-e-type=\"container\">\n\t\t\t\t<div class=\"elementor-element elementor-element-18677f66 elementor-product-loop-item--align-center elementor-grid-mobile-2 elementor-grid-4 elementor-grid-tablet-3 elementor-products-grid elementor-wc-products elementor-widget elementor-widget-woocommerce-products\" data-id=\"18677f66\" data-element_type=\"widget\" data-e-type=\"widget\" data-widget_type=\"woocommerce-products.default\">\n\t\t\t\t<div class=\"elementor-widget-container\">\n\t\t\t\t\t<div class=\"woocommerce columns-4 \"><ul class=\"products elementor-grid columns-4\">\n<li class=\"product type-product post-28075 status-publish first instock product_cat-carta-regalo product_cat-regali has-post-thumbnail shipping-taxable purchasable product-type-variable\">\n\t<a href=\"https:\/\/maylander.wine\/it\/shop\/carta-regalo\/\" class=\"woocommerce-LoopProduct-link woocommerce-loop-product__link\"><img fetchpriority=\"high\" decoding=\"async\" width=\"680\" height=\"680\" src=\"https:\/\/maylander.wine\/wp-content\/uploads\/2026\/03\/Gift-Card.jpg\" class=\"attachment-woocommerce_thumbnail size-woocommerce_thumbnail\" alt=\"Carta regalo\" \/><h2 class=\"woocommerce-loop-product__title\">Carta regalo<\/h2>\n\t<span class=\"price\"><span class=\"wcpbc-price wcpbc-price-28075\" data-product-id=\"28075\"><span class=\"woocommerce-Price-amount amount\" aria-hidden=\"true\"><bdi><span class=\"woocommerce-Price-currencySymbol\">&pound;<\/span>50.00<\/bdi><\/span> <span aria-hidden=\"true\">-<\/span> <span class=\"woocommerce-Price-amount amount\" aria-hidden=\"true\"><bdi><span class=\"woocommerce-Price-currencySymbol\">&pound;<\/span>250.00<\/bdi><\/span><span class=\"screen-reader-text\">Fascia di prezzo: da &pound;50.00 a &pound;250.00<\/span><\/span><\/span>\n<\/a><a href=\"#\" class=\"button ml-notify-btn ml-region-cta\" data-ml-popup=\"23751\" data-ml-product=\"28075\" data-ml-title=\"Carta regalo\" aria-haspopup=\"dialog\" role=\"button\" rel=\"nofollow\">Avvisa quando \u00e8 disponibile nel tuo paese<\/a>\t<span id=\"woocommerce_loop_add_to_cart_link_describedby_28075\" class=\"screen-reader-text\">\n\t\tQuesto prodotto ha pi\u00f9 varianti. Le opzioni possono essere scelte nella pagina del prodotto\t<\/span>\n\t\t\t<input type=\"hidden\" class=\"pmwProductId\" data-id=\"28075\">\n\t\t\t\t\t<script data-cfasync=\"false\">\n\t\t\t(window.pmwDataLayer = window.pmwDataLayer || {}).products                = window.pmwDataLayer.products || {};\n\t\t\twindow.pmwDataLayer.products[28075] = {\"id\":\"28075\",\"sku\":\"\",\"price\":50,\"brand\":\"\",\"quantity\":1,\"dyn_r_ids\":{\"post_id\":\"28075\",\"sku\":28075,\"gpf\":\"woocommerce_gpf_28075\",\"gla\":\"gla_28075\"},\"is_variable\":true,\"type\":\"variable\",\"name\":\"Carta regalo\",\"category\":[\"Carta regalo\",\"Regali\"],\"is_variation\":false};\n\t\t\t\t\twindow.pmw_product_position = window.pmw_product_position || 1;\n\t\twindow.pmwDataLayer.products[28075]['position'] = window.pmw_product_position++;\n\t\t\t\t<\/script>\n\t\t<\/li>\n<li class=\"product type-product post-24887 status-publish instock product_cat-regali product_cat-vino product_cat-vino-bianco-it product_cat-vino-rosato product_cat-vino-rosso product_tag-riesling-it product_tag-vino-bianco has-post-thumbnail purchasable product-type-simple\">\n\t<a href=\"https:\/\/maylander.wine\/it\/shop\/set-regalo-mezza-bottiglia-per-le-vacanze-trio-3-x-375-ml-copy\/\" class=\"woocommerce-LoopProduct-link woocommerce-loop-product__link\"><img decoding=\"async\" width=\"900\" height=\"900\" src=\"https:\/\/maylander.wine\/wp-content\/uploads\/2025\/12\/Maylander-Duo-Gift-Set-face-on.jpg\" class=\"attachment-woocommerce_thumbnail size-woocommerce_thumbnail\" alt=\"Mayl\u00e4nder Vino Mezza Bottiglia Duo-Regalo\" \/><h2 class=\"woocommerce-loop-product__title\">Set regalo mezza bottiglia Duo (2x375ml)<\/h2>\n\t<span class=\"price\"><span class=\"wcpbc-price wcpbc-price-24887\" data-product-id=\"24887\"><span class=\"woocommerce-Price-amount amount\"><bdi><span class=\"woocommerce-Price-currencySymbol\">&pound;<\/span>38.00<\/bdi><\/span><\/span><\/span>\n<\/a><a href=\"#\" class=\"button ml-notify-btn ml-region-cta\" data-ml-popup=\"23751\" data-ml-product=\"24887\" data-ml-title=\"Set regalo mezza bottiglia Duo (2x375ml)\" aria-haspopup=\"dialog\" role=\"button\" rel=\"nofollow\">Avvisa quando \u00e8 disponibile nel tuo paese<\/a>\t<span id=\"woocommerce_loop_add_to_cart_link_describedby_24887\" class=\"screen-reader-text\">\n\t\t\t<\/span>\n\t\t\t<input type=\"hidden\" class=\"pmwProductId\" data-id=\"24887\">\n\t\t\t\t\t<script data-cfasync=\"false\">\n\t\t\t(window.pmwDataLayer = window.pmwDataLayer || {}).products                = window.pmwDataLayer.products || {};\n\t\t\twindow.pmwDataLayer.products[24887] = {\"id\":\"24887\",\"sku\":\"570 27 25-3-1-1\",\"price\":38,\"brand\":\"\",\"quantity\":1,\"dyn_r_ids\":{\"post_id\":\"24887\",\"sku\":\"570 27 25-3-1-1\",\"gpf\":\"woocommerce_gpf_24887\",\"gla\":\"gla_24887\"},\"is_variable\":false,\"type\":\"simple\",\"name\":\"Set regalo mezza bottiglia Duo (2x375ml)\",\"category\":[\"Regali\",\"Vino\",\"Vino bianco\",\"Vino rosato\",\"Vino rosso\"],\"is_variation\":false};\n\t\t\t\t\twindow.pmw_product_position = window.pmw_product_position || 1;\n\t\twindow.pmwDataLayer.products[24887]['position'] = window.pmw_product_position++;\n\t\t\t\t<\/script>\n\t\t<\/li>\n<li class=\"product type-product post-24603 status-publish instock product_cat-regali product_cat-vino product_cat-vino-bianco-it product_cat-vino-rosato product_cat-vino-rosso product_tag-riesling-it product_tag-vino-bianco has-post-thumbnail sale purchasable product-type-simple\">\n\t<a href=\"https:\/\/maylander.wine\/it\/shop\/3-mezze-bottiglie-di-riesling-maylander-2024-375ml-copy-2\/\" class=\"woocommerce-LoopProduct-link woocommerce-loop-product__link\">\n\t<span class=\"onsale\">In offerta!<\/span>\n\t<img decoding=\"async\" width=\"900\" height=\"900\" src=\"https:\/\/maylander.wine\/wp-content\/uploads\/2025\/11\/Maylander-Trio-GIft-Set-slight-left-side-P1060564-1.jpg\" class=\"attachment-woocommerce_thumbnail size-woocommerce_thumbnail\" alt=\"Set regalo Trio Mayl\u00e4nder\" \/><h2 class=\"woocommerce-loop-product__title\">Set regalo mezza bottiglia &#8211; Trio (3 \u00d7 375 ml)<\/h2>\n\t<span class=\"price\"><span class=\"wcpbc-price wcpbc-price-24603\" data-product-id=\"24603\"><del aria-hidden=\"true\"><span class=\"woocommerce-Price-amount amount\"><bdi><span class=\"woocommerce-Price-currencySymbol\">&pound;<\/span>54.00<\/bdi><\/span><\/del> <span class=\"screen-reader-text\">Il prezzo originale era: &pound;54.00.<\/span><ins aria-hidden=\"true\"><span class=\"woocommerce-Price-amount amount\"><bdi><span class=\"woocommerce-Price-currencySymbol\">&pound;<\/span>49.00<\/bdi><\/span><\/ins><span class=\"screen-reader-text\">Il prezzo attuale \u00e8: &pound;49.00.<\/span><\/span><\/span>\n<\/a><a href=\"#\" class=\"button ml-notify-btn ml-region-cta\" data-ml-popup=\"23751\" data-ml-product=\"24603\" data-ml-title=\"Set regalo mezza bottiglia - Trio (3 \u00d7 375 ml)\" aria-haspopup=\"dialog\" role=\"button\" rel=\"nofollow\">Avvisa quando \u00e8 disponibile nel tuo paese<\/a>\t<span id=\"woocommerce_loop_add_to_cart_link_describedby_24603\" class=\"screen-reader-text\">\n\t\t\t<\/span>\n\t\t\t<input type=\"hidden\" class=\"pmwProductId\" data-id=\"24603\">\n\t\t\t\t\t<script data-cfasync=\"false\">\n\t\t\t(window.pmwDataLayer = window.pmwDataLayer || {}).products                = window.pmwDataLayer.products || {};\n\t\t\twindow.pmwDataLayer.products[24603] = {\"id\":\"24603\",\"sku\":\"570 27 25-3-1\",\"price\":49,\"brand\":\"\",\"quantity\":1,\"dyn_r_ids\":{\"post_id\":\"24603\",\"sku\":\"570 27 25-3-1\",\"gpf\":\"woocommerce_gpf_24603\",\"gla\":\"gla_24603\"},\"is_variable\":false,\"type\":\"simple\",\"name\":\"Set regalo mezza bottiglia - Trio (3 \u00d7 375 ml)\",\"category\":[\"Regali\",\"Vino\",\"Vino bianco\",\"Vino rosato\",\"Vino rosso\"],\"is_variation\":false};\n\t\t\t\t\twindow.pmw_product_position = window.pmw_product_position || 1;\n\t\twindow.pmwDataLayer.products[24603]['position'] = window.pmw_product_position++;\n\t\t\t\t<\/script>\n\t\t<\/li>\n<\/ul>\n<\/div>\t\t\t\t<\/div>\n\t\t\t\t<\/div>\n\t\t\t\t<\/div>\n\t\t\t\t<\/div>\n\t\t","protected":false},"excerpt":{"rendered":"<p>Esplora la nostra collezione di regali Mayl\u00e4nder Wine, perfetti per la persona speciale della tua vita, che sia appassionata di motori o di vini pregiati. Abbiamo una gamma di set di regali curati che non mancheranno di stupire in occasioni speciali come la festa del pap\u00e0, la festa della mamma, i compleanni o gli anniversari. Elimina le congetture su cosa comprare a un amico o a una persona cara e fai un regalo di passione, eredit\u00e0 e lusso, consegnato direttamente a casa sua.<\/p>\n","protected":false},"author":1,"featured_media":19819,"parent":0,"menu_order":0,"comment_status":"closed","ping_status":"closed","template":"","meta":{"footnotes":""},"class_list":["post-20692","page","type-page","status-publish","has-post-thumbnail","hentry"],"_links":{"self":[{"href":"https:\/\/maylander.wine\/it\/wp-json\/wp\/v2\/pages\/20692","targetHints":{"allow":["GET"]}}],"collection":[{"href":"https:\/\/maylander.wine\/it\/wp-json\/wp\/v2\/pages"}],"about":[{"href":"https:\/\/maylander.wine\/it\/wp-json\/wp\/v2\/types\/page"}],"author":[{"embeddable":true,"href":"https:\/\/maylander.wine\/it\/wp-json\/wp\/v2\/users\/1"}],"replies":[{"embeddable":true,"href":"https:\/\/maylander.wine\/it\/wp-json\/wp\/v2\/comments?post=20692"}],"version-history":[{"count":0,"href":"https:\/\/maylander.wine\/it\/wp-json\/wp\/v2\/pages\/20692\/revisions"}],"wp:featuredmedia":[{"embeddable":true,"href":"https:\/\/maylander.wine\/it\/wp-json\/wp\/v2\/media\/19819"}],"wp:attachment":[{"href":"https:\/\/maylander.wine\/it\/wp-json\/wp\/v2\/media?parent=20692"}],"curies":[{"name":"wp","href":"https:\/\/api.w.org\/{rel}","templated":true}]}}