{"id":30505,"date":"2026-04-17T13:07:03","date_gmt":"2026-04-17T13:07:03","guid":{"rendered":"https:\/\/maylander.wine\/serie-paddock\/"},"modified":"2026-04-23T12:40:33","modified_gmt":"2026-04-23T12:40:33","slug":"serie-paddock","status":"publish","type":"page","link":"https:\/\/maylander.wine\/fr\/serie-paddock\/","title":{"rendered":"S\u00e9rie Paddock"},"content":{"rendered":"\t\t<div data-elementor-type=\"wp-page\" data-elementor-id=\"30505\" class=\"elementor elementor-30505 elementor-29802\" data-elementor-post-type=\"page\">\n\t\t\t\t<div class=\"elementor-element elementor-element-eeb3773 e-flex e-con-boxed e-con e-parent\" data-id=\"eeb3773\" data-element_type=\"container\" data-e-type=\"container\">\n\t\t\t\t\t<div class=\"e-con-inner\">\n\t\t\t\t<div class=\"elementor-element elementor-element-e4566de elementor-widget elementor-widget-heading\" data-id=\"e4566de\" data-element_type=\"widget\" data-e-type=\"widget\" data-widget_type=\"heading.default\">\n\t\t\t\t\t<h3 class=\"elementor-heading-title elementor-size-default\">Mayl\u00e4nder Wines S\u00e9rie Paddock<\/h3>\t\t\t\t<\/div>\n\t\t\t\t<div class=\"elementor-element elementor-element-3b838c7 elementor-widget elementor-widget-heading\" data-id=\"3b838c7\" data-element_type=\"widget\" data-e-type=\"widget\" data-widget_type=\"heading.default\">\n\t\t\t\t\t<h2 class=\"elementor-heading-title elementor-size-default\">La s\u00e9rie Paddock est la collection de gros de Mayl\u00e4nder Wine - con\u00e7ue pour les \u00e9v\u00e9nements, l'hospitalit\u00e9 et les environnements \u00e0 haute \u00e9nergie o\u00f9 les grands vins rencontrent les grands moments. Con\u00e7ue pour les bars \u00e0 vin, les lieux li\u00e9s au sport automobile et les rassemblements haut de gamme, cette gamme offre le m\u00eame soin, la m\u00eame provenance et la m\u00eame attention aux d\u00e9tails que notre s\u00e9rie Apex, mais \u00e0 un prix adapt\u00e9 au commerce. \n\nQu'ils soient servis en bord de piste, dans un restaurant anim\u00e9 ou lors d'un \u00e9v\u00e9nement priv\u00e9, les Paddock Series permettent aux partenaires de pr\u00e9senter le vin Mayl\u00e4nder en toute confiance - en combinant qualit\u00e9, coh\u00e9rence et accessibilit\u00e9 \u00e0 grande \u00e9chelle.<\/h2>\t\t\t\t<\/div>\n\t\t\t\t\t<\/div>\n\t\t\t\t<\/div>\n\t\t<div class=\"elementor-element elementor-element-3f9cf626 e-con-full e-flex e-con e-parent\" data-id=\"3f9cf626\" data-element_type=\"container\" data-e-type=\"container\">\n\t\t\t\t<div class=\"woocommerce elementor-element elementor-element-86be436 elementor-grid-3 elementor-grid-tablet-2 elementor-grid-mobile-1 elementor-widget elementor-widget-loop-grid\" data-id=\"86be436\" data-element_type=\"widget\" data-e-type=\"widget\" data-settings=\"{&quot;_skin&quot;:&quot;product&quot;,&quot;template_id&quot;:31085,&quot;columns&quot;:&quot;3&quot;,&quot;columns_tablet&quot;:&quot;2&quot;,&quot;columns_mobile&quot;:&quot;1&quot;,&quot;edit_handle_selector&quot;:&quot;[data-elementor-type=\\&quot;loop-item\\&quot;]&quot;,&quot;row_gap&quot;:{&quot;unit&quot;:&quot;px&quot;,&quot;size&quot;:&quot;&quot;,&quot;sizes&quot;:[]},&quot;row_gap_tablet&quot;:{&quot;unit&quot;:&quot;px&quot;,&quot;size&quot;:&quot;&quot;,&quot;sizes&quot;:[]},&quot;row_gap_mobile&quot;:{&quot;unit&quot;:&quot;px&quot;,&quot;size&quot;:&quot;&quot;,&quot;sizes&quot;:[]}}\" data-widget_type=\"loop-grid.product\">\n\t\t\t\t<div class=\"elementor-widget-container\">\n\t\t\t\t\t\t\t<div class=\"elementor-loop-container elementor-grid\" role=\"list\">\n\t\t<style id=\"loop-31085\">.elementor-31085 .elementor-element.elementor-element-7cc90c5{--display:flex;--flex-direction:column;--container-widget-width:100%;--container-widget-height:initial;--container-widget-flex-grow:0;--container-widget-align-self:initial;--flex-wrap-mobile:wrap;--gap:0px 0px;--row-gap:0px;--column-gap:0px;--margin-top:0px;--margin-bottom:0px;--margin-left:0px;--margin-right:0px;--padding-top:0px;--padding-bottom:0px;--padding-left:0px;--padding-right:0px;}.elementor-31085 .elementor-element.elementor-element-4f42d9a{text-align:center;margin:0px 0px calc(var(--kit-widget-spacing, 0px) + 0px) 0px;padding:0px 0px 0px 0px;}.elementor-31085 .elementor-element.elementor-element-4f42d9a .elementor-heading-title{font-family:var( --e-global-typography-accent-font-family ), Sans-serif;font-weight:var( --e-global-typography-accent-font-weight );}.elementor-31085 .elementor-element.elementor-element-959710e{text-align:center;margin:0px 0px calc(var(--kit-widget-spacing, 0px) + 0px) 0px;padding:0px 0px 0px 0px;}.elementor-31085 .elementor-element.elementor-element-e729151{text-align:center;}<\/style>\t\t<div data-elementor-type=\"loop-item\" data-elementor-id=\"31085\" class=\"elementor elementor-31085 elementor-31072 elementor-31072 e-loop-item e-loop-item-30291 post-30291 product type-product status-publish has-post-thumbnail product_cat-serie-paddock first instock shipping-taxable product-type-simple\" data-elementor-post-type=\"elementor_library\" data-custom-edit-handle=\"1\">\n\t\t\t<div class=\"elementor-element elementor-element-7cc90c5 e-flex e-con-boxed e-con e-parent\" data-id=\"7cc90c5\" data-element_type=\"container\" data-e-type=\"container\">\n\t\t\t\t\t<div class=\"e-con-inner\">\n\t\t\t\t<div class=\"elementor-element elementor-element-70d6b8d elementor-widget elementor-widget-image\" data-id=\"70d6b8d\" data-element_type=\"widget\" data-e-type=\"widget\" data-widget_type=\"image.default\">\n\t\t\t\t\t\t\t\t\t\t\t\t\t\t\t<img fetchpriority=\"high\" decoding=\"async\" width=\"300\" height=\"300\" src=\"https:\/\/maylander.wine\/wp-content\/uploads\/2026\/04\/Paddock-Series-white.jpg\" class=\"attachment-medium size-medium wp-image-29817\" alt=\"Paddock Series White Case\" \/>\t\t\t\t\t\t\t\t\t\t\t\t\t\t\t<\/div>\n\t\t\t\t<div class=\"elementor-element elementor-element-4f42d9a elementor-widget elementor-widget-woocommerce-product-title elementor-page-title elementor-widget-heading\" data-id=\"4f42d9a\" data-element_type=\"widget\" data-e-type=\"widget\" data-widget_type=\"woocommerce-product-title.default\">\n\t\t\t\t\t<h4 class=\"product_title entry-title elementor-heading-title elementor-size-default\">S\u00e9rie Paddock Blanc &#8211; Caisse<\/h4>\t\t\t\t<\/div>\n\t\t\t\t<div class=\"elementor-element elementor-element-959710e elementor-widget elementor-widget-woocommerce-product-price\" data-id=\"959710e\" data-element_type=\"widget\" data-e-type=\"widget\" data-widget_type=\"woocommerce-product-price.default\">\n\t\t\t\t\t<p class=\"price\"><span class=\"wcpbc-price wcpbc-price-30291\" data-product-id=\"30291\"><\/span><\/p>\n\t\t\t\t<\/div>\n\t\t\t\t<div class=\"elementor-element elementor-element-e729151 elementor-widget elementor-widget-text-editor\" data-id=\"e729151\" data-element_type=\"widget\" data-e-type=\"widget\" data-widget_type=\"text-editor.default\">\n\t\t\t\t\t\t\t\t\t<p>Prix de gros pour les caisses : <a href=\"https:\/\/maylander.wine\/fr\/page-dinscription-pour-le-commerce-de-gros\/\">Veuillez vous renseigner<\/a><\/p>\t\t\t\t\t\t\t\t<\/div>\n\t\t\t\t\t<\/div>\n\t\t\t\t<\/div>\n\t\t\t\t<\/div>\n\t\t\t\t<div data-elementor-type=\"loop-item\" data-elementor-id=\"31085\" class=\"elementor elementor-31085 elementor-31072 elementor-31072 e-loop-item e-loop-item-30535 post-30535 product type-product status-publish has-post-thumbnail product_cat-serie-paddock  instock shipping-taxable product-type-simple\" data-elementor-post-type=\"elementor_library\" data-custom-edit-handle=\"1\">\n\t\t\t<div class=\"elementor-element elementor-element-7cc90c5 e-flex e-con-boxed e-con e-parent\" data-id=\"7cc90c5\" data-element_type=\"container\" data-e-type=\"container\">\n\t\t\t\t\t<div class=\"e-con-inner\">\n\t\t\t\t<div class=\"elementor-element elementor-element-70d6b8d elementor-widget elementor-widget-image\" data-id=\"70d6b8d\" data-element_type=\"widget\" data-e-type=\"widget\" data-widget_type=\"image.default\">\n\t\t\t\t\t\t\t\t\t\t\t\t\t\t\t<img decoding=\"async\" width=\"300\" height=\"300\" src=\"https:\/\/maylander.wine\/wp-content\/uploads\/2026\/04\/Paddock-Series-Red.jpg\" class=\"attachment-medium size-medium wp-image-30579\" alt=\"S\u00e9rie Mayl\u00e4nder Red Paddock\" \/>\t\t\t\t\t\t\t\t\t\t\t\t\t\t\t<\/div>\n\t\t\t\t<div class=\"elementor-element elementor-element-4f42d9a elementor-widget elementor-widget-woocommerce-product-title elementor-page-title elementor-widget-heading\" data-id=\"4f42d9a\" data-element_type=\"widget\" data-e-type=\"widget\" data-widget_type=\"woocommerce-product-title.default\">\n\t\t\t\t\t<h4 class=\"product_title entry-title elementor-heading-title elementor-size-default\">S\u00e9rie Paddock Rouge &#8211; Caisse<\/h4>\t\t\t\t<\/div>\n\t\t\t\t<div class=\"elementor-element elementor-element-959710e elementor-widget elementor-widget-woocommerce-product-price\" data-id=\"959710e\" data-element_type=\"widget\" data-e-type=\"widget\" data-widget_type=\"woocommerce-product-price.default\">\n\t\t\t\t\t<p class=\"price\"><span class=\"wcpbc-price wcpbc-price-30535\" data-product-id=\"30535\"><\/span><\/p>\n\t\t\t\t<\/div>\n\t\t\t\t<div class=\"elementor-element elementor-element-e729151 elementor-widget elementor-widget-text-editor\" data-id=\"e729151\" data-element_type=\"widget\" data-e-type=\"widget\" data-widget_type=\"text-editor.default\">\n\t\t\t\t\t\t\t\t\t<p>Prix de gros pour les caisses : <a href=\"https:\/\/maylander.wine\/fr\/page-dinscription-pour-le-commerce-de-gros\/\">Veuillez vous renseigner<\/a><\/p>\t\t\t\t\t\t\t\t<\/div>\n\t\t\t\t\t<\/div>\n\t\t\t\t<\/div>\n\t\t\t\t<\/div>\n\t\t\t\t<\/div>\n\t\t\n\t\t\t\t\t\t<\/div>\n\t\t\t\t<\/div>\n\t\t\t\t<\/div>\n\t\t\t\t<\/div>\n\t\t","protected":false},"excerpt":{"rendered":"<p>Mayl\u00e4nder Wines S\u00e9rie Paddock La s\u00e9rie Paddock est la collection de gros de Mayl\u00e4nder Wine &#8211; con\u00e7ue pour les \u00e9v\u00e9nements, l&rsquo;hospitalit\u00e9 et les environnements \u00e0 haute \u00e9nergie o\u00f9 les grands vins rencontrent les grands moments. Con\u00e7ue pour les bars \u00e0 vin, les lieux li\u00e9s au sport automobile et les rassemblements haut de gamme, cette gamme [&hellip;]<\/p>\n","protected":false},"author":1,"featured_media":0,"parent":0,"menu_order":0,"comment_status":"closed","ping_status":"closed","template":"","meta":{"footnotes":""},"class_list":["post-30505","page","type-page","status-publish","hentry"],"_links":{"self":[{"href":"https:\/\/maylander.wine\/fr\/wp-json\/wp\/v2\/pages\/30505","targetHints":{"allow":["GET"]}}],"collection":[{"href":"https:\/\/maylander.wine\/fr\/wp-json\/wp\/v2\/pages"}],"about":[{"href":"https:\/\/maylander.wine\/fr\/wp-json\/wp\/v2\/types\/page"}],"author":[{"embeddable":true,"href":"https:\/\/maylander.wine\/fr\/wp-json\/wp\/v2\/users\/1"}],"replies":[{"embeddable":true,"href":"https:\/\/maylander.wine\/fr\/wp-json\/wp\/v2\/comments?post=30505"}],"version-history":[{"count":6,"href":"https:\/\/maylander.wine\/fr\/wp-json\/wp\/v2\/pages\/30505\/revisions"}],"predecessor-version":[{"id":31140,"href":"https:\/\/maylander.wine\/fr\/wp-json\/wp\/v2\/pages\/30505\/revisions\/31140"}],"wp:attachment":[{"href":"https:\/\/maylander.wine\/fr\/wp-json\/wp\/v2\/media?parent=30505"}],"curies":[{"name":"wp","href":"https:\/\/api.w.org\/{rel}","templated":true}]}}