{"id":29677,"date":"2026-04-08T08:13:29","date_gmt":"2026-04-08T08:13:29","guid":{"rendered":"https:\/\/maylander.wine\/maylander-wine-conditions-de-la-promotion\/"},"modified":"2026-04-17T09:39:53","modified_gmt":"2026-04-17T09:39:53","slug":"maylander-wine-conditions-de-la-promotion","status":"publish","type":"page","link":"https:\/\/maylander.wine\/fr\/maylander-wine-conditions-de-la-promotion\/","title":{"rendered":"Mayl\u00e4nder Wine &#8211; Conditions de la promotion"},"content":{"rendered":"\t\t<div data-elementor-type=\"wp-page\" data-elementor-id=\"29677\" class=\"elementor elementor-29677 elementor-28478\" data-elementor-post-type=\"page\">\n\t\t\t\t<div class=\"elementor-element elementor-element-1c318d8a e-flex e-con-boxed e-con e-parent\" data-id=\"1c318d8a\" data-element_type=\"container\" data-e-type=\"container\">\n\t\t\t\t\t<div class=\"e-con-inner\">\n\t\t\t\t<div class=\"elementor-element elementor-element-ac79391 elementor-widget elementor-widget-heading\" data-id=\"ac79391\" data-element_type=\"widget\" data-e-type=\"widget\" data-widget_type=\"heading.default\">\n\t\t\t\t\t<h3 class=\"elementor-heading-title elementor-size-default\">Mayl\u00e4nder Wine - Conditions de la promotion<\/h3>\t\t\t\t<\/div>\n\t\t\t\t<div class=\"elementor-element elementor-element-7cb62ad elementor-widget elementor-widget-heading\" data-id=\"7cb62ad\" data-element_type=\"widget\" data-e-type=\"widget\" data-widget_type=\"heading.default\">\n\t\t\t\t\t<h3 class=\"elementor-heading-title elementor-size-default\">\"Une chance de gagner une pi\u00e8ce d\u00e9dicac\u00e9e de l'histoire du sport automobile\".<\/h3>\t\t\t\t<\/div>\n\t\t\t\t<div class=\"elementor-element elementor-element-e34a069 elementor-widget elementor-widget-text-editor\" data-id=\"e34a069\" data-element_type=\"widget\" data-e-type=\"widget\" data-widget_type=\"text-editor.default\">\n\t\t\t\t\t\t\t\t\t<h6 data-section-id=\"f9sxyu\" data-start=\"433\" data-end=\"451\"><span role=\"text\"><strong data-start=\"436\" data-end=\"451\">1. Promoteur<\/strong><\/span><\/h6><p data-start=\"452\" data-end=\"551\">Cette promotion est organis\u00e9e par <strong data-start=\"482\" data-end=\"533\">Box Box Box Limited (op\u00e9rant sous le nom de Mayl\u00e4nder Wine)<\/strong> (\u00ab\u00a0le promoteur\u00a0\u00bb).<\/p><hr data-start=\"553\" data-end=\"556\"><h6 data-section-id=\"1o6t0vo\" data-start=\"558\" data-end=\"579\"><span role=\"text\"><strong data-start=\"561\" data-end=\"579\">2. L&rsquo;\u00e9ligibilit\u00e9<\/strong><\/span><\/h6><ul data-start=\"580\" data-end=\"931\"><li data-section-id=\"1abw08s\" data-start=\"580\" data-end=\"629\">Ouvert aux personnes \u00e2g\u00e9es de <strong data-start=\"607\" data-end=\"627\">18 ans ou plus<\/strong><\/li><li data-section-id=\"lepxwc\" data-start=\"630\" data-end=\"730\">Les participants doivent \u00eatre l\u00e9galement autoris\u00e9s \u00e0 acheter et \u00e0 consommer de l&rsquo;alcool dans leur pays de r\u00e9sidence.<\/li><li data-section-id=\"hpcxvh\" data-start=\"731\" data-end=\"812\">Ouvert aux r\u00e9sidents des pays o\u00f9 Mayl\u00e4nder Wine peut l\u00e9galement exp\u00e9dier des produits.<\/li><li data-section-id=\"155zbkj\" data-start=\"813\" data-end=\"931\">Les employ\u00e9s du promoteur, de ses affili\u00e9s et toute personne professionnellement li\u00e9e \u00e0 la promotion ne sont pas \u00e9ligibles.<\/li><\/ul><hr data-start=\"933\" data-end=\"936\"><h6 data-section-id=\"1vcvnse\" data-start=\"938\" data-end=\"964\"><span role=\"text\"><strong data-start=\"941\" data-end=\"964\">3. P\u00e9riode de promotion<\/strong><\/span><\/h6><ul data-start=\"965\" data-end=\"1123\"><li data-section-id=\"kg5xol\" data-start=\"965\" data-end=\"1009\">La promotion est ouverte le <strong data-start=\"990\" data-end=\"1007\">10 avril 2026<\/strong><\/li><li data-section-id=\"w8wdx\" data-start=\"1010\" data-end=\"1068\">La promotion se termine \u00e0 <strong data-start=\"1036\" data-end=\"1066\">23:59 (BST) le 24 mai 2026<\/strong>.<\/li><li data-section-id=\"45gdeg\" data-start=\"1069\" data-end=\"1123\">Les inscriptions re\u00e7ues apr\u00e8s cette heure ne seront pas valables.<\/li><\/ul><hr data-start=\"1125\" data-end=\"1128\"><h6 data-section-id=\"13xor76\" data-start=\"1130\" data-end=\"1149\"><span role=\"text\"><strong data-start=\"1133\" data-end=\"1149\">4. Le prix<\/strong><\/span><\/h6><p data-start=\"1150\" data-end=\"1201\">Il y aura <strong data-start=\"1164\" data-end=\"1182\">un (1) gagnant<\/strong>, qui recevra :<\/p><ul data-start=\"1203\" data-end=\"1464\"><li data-section-id=\"1bg11l7\" data-start=\"1203\" data-end=\"1243\"><strong data-start=\"1205\" data-end=\"1243\">1 x bouteille sign\u00e9e 25 | 500 (750ml)<\/strong><\/li><li data-section-id=\"5mzfxi\" data-start=\"1245\" data-end=\"1306\">La bouteille sera sign\u00e9e individuellement par Bernd Mayl\u00e4nder.<\/li><li data-section-id=\"g8hry2\" data-start=\"1307\" data-end=\"1372\">L&rsquo;attribution des num\u00e9ros de bouteilles est laiss\u00e9e \u00e0 la discr\u00e9tion de l&rsquo;organisateur.<\/li><li data-section-id=\"2wkopo\" data-start=\"1373\" data-end=\"1409\">Aucune alternative en esp\u00e8ces n&rsquo;est disponible<\/li><li data-section-id=\"11rv5b8\" data-start=\"1410\" data-end=\"1464\">Le prix est non transf\u00e9rable et non \u00e9changeable.<\/li><\/ul><hr data-start=\"1466\" data-end=\"1469\"><h6 data-section-id=\"pyxmnx\" data-start=\"1471\" data-end=\"1493\"><span role=\"text\"><strong data-start=\"1474\" data-end=\"1493\">5. Comment entrer dans le syst\u00e8me<\/strong><\/span><\/h6><h6 data-section-id=\"t5d6pf\" data-start=\"1495\" data-end=\"1545\"><span role=\"text\"><strong data-start=\"1499\" data-end=\"1543\">5.1 Entr\u00e9e des achats (premi\u00e8re voie d&rsquo;entr\u00e9e)<\/strong><\/span><\/h6><p data-start=\"1546\" data-end=\"1718\">Pendant la p\u00e9riode de promotion, les clients qui ach\u00e8tent une bouteille de la <strong data-start=\"1618\" data-end=\"1648\">s\u00e9rie Mayl\u00e4nder Wine Apex<\/strong> via le site officiel seront automatiquement inscrits au tirage au sort.<\/p><ul data-start=\"1720\" data-end=\"1836\"><li data-section-id=\"15572yy\" data-start=\"1720\" data-end=\"1756\"><strong data-start=\"1722\" data-end=\"1754\">1 bouteille achet\u00e9e = 2 entr\u00e9es<\/strong><\/li><li data-section-id=\"oiuif3\" data-start=\"1757\" data-end=\"1796\"><strong data-start=\"1759\" data-end=\"1794\">2 bouteilles achet\u00e9es = 4 entr\u00e9es<\/strong><\/li><li data-section-id=\"18gf873\" data-start=\"1797\" data-end=\"1836\"><strong data-start=\"1799\" data-end=\"1834\">3 bouteilles achet\u00e9es = 6 entr\u00e9es<\/strong><\/li><\/ul><p data-start=\"1838\" data-end=\"1894\">Il <strong data-start=\"1847\" data-end=\"1859\">n&rsquo;y a pas de limite<\/strong> au nombre de participations \u00e0 l&rsquo;achat.<\/p><hr data-start=\"1896\" data-end=\"1899\"><h6 data-section-id=\"1bq3zui\" data-start=\"1901\" data-end=\"1961\"><span role=\"text\"><strong data-start=\"1905\" data-end=\"1959\">5.2 Voie d&rsquo;entr\u00e9e libre (autre m\u00e9thode d&rsquo;entr\u00e9e)<\/strong><\/span><\/h6><p data-start=\"1962\" data-end=\"2054\">Une voie d&rsquo;acc\u00e8s gratuite est disponible pour garantir la conformit\u00e9 avec les r\u00e9glementations du Royaume-Uni et de l&rsquo;UE en mati\u00e8re de promotion.<\/p><p data-start=\"2056\" data-end=\"2101\">Pour participer sans achat, les participants doivent<\/p><ul data-start=\"2103\" data-end=\"2365\"><li data-section-id=\"q6c9z9\" data-start=\"2103\" data-end=\"2157\">Suivez <strong data-start=\"2112\" data-end=\"2130\">@maylanderwine<\/strong> sur Instagram ou Facebook<\/li><li data-section-id=\"d2gagm\" data-start=\"2158\" data-end=\"2196\">Likez le post officiel du concours<\/li><li data-section-id=\"163bsla\" data-start=\"2197\" data-end=\"2279\">Commentez l&rsquo;article (par exemple, en \u00e9tiquetant un ami ou en indiquant \u00e0 qui vous souhaitez l&rsquo;offrir).<\/li><li data-section-id=\"1pyiv36\" data-start=\"2281\" data-end=\"2336\"><strong data-start=\"2288\" data-end=\"2321\">Une (1) seule entr\u00e9e gratuite par personne<\/strong> est autoris\u00e9e.<\/li><li data-section-id=\"kihggv\" data-start=\"2337\" data-end=\"2365\">Aucun achat n&rsquo;est n\u00e9cessaire<\/li><\/ul><hr data-start=\"2367\" data-end=\"2370\"><h6 data-section-id=\"1a20yc4\" data-start=\"2372\" data-end=\"2398\"><span role=\"text\"><strong data-start=\"2375\" data-end=\"2398\">6. S\u00e9lection des gagnants<\/strong><\/span><\/h6><ul data-start=\"2399\" data-end=\"2575\"><li data-section-id=\"190b0hh\" data-start=\"2399\" data-end=\"2463\">Le gagnant sera s\u00e9lectionn\u00e9 au hasard parmi tous les bulletins de participation valides.<\/li><li data-section-id=\"1ah1zgl\" data-start=\"2464\" data-end=\"2538\">Le tirage au sort aura lieu pendant le <strong data-start=\"2502\" data-end=\"2536\">Grand Prix du Canada (mai 2026<\/strong>).<\/li><li data-section-id=\"lbxbl\" data-start=\"2539\" data-end=\"2575\">La d\u00e9cision du promoteur est d\u00e9finitive<\/li><\/ul><hr data-start=\"2577\" data-end=\"2580\"><h6 data-section-id=\"6qnoe0\" data-start=\"2582\" data-end=\"2611\"><span role=\"text\"><strong data-start=\"2585\" data-end=\"2611\">7. Notification des gagnants<\/strong><\/span><\/h6><ul data-start=\"2612\" data-end=\"2818\"><li data-section-id=\"187jvz3\" data-start=\"2612\" data-end=\"2700\">Le gagnant sera contact\u00e9 par e-mail ou via les m\u00e9dias sociaux dans les <strong data-start=\"2676\" data-end=\"2686\">5 jours<\/strong> suivant le tirage au sort.<\/li><li data-section-id=\"1so06xk\" data-start=\"2701\" data-end=\"2818\">Si le gagnant ne r\u00e9pond pas dans les <strong data-start=\"2741\" data-end=\"2751\">5 jours<\/strong>, l&rsquo;organisateur se r\u00e9serve le droit de s\u00e9lectionner un autre gagnant.<\/li><\/ul><hr data-start=\"2820\" data-end=\"2823\"><h6 data-section-id=\"1v4nocy\" data-start=\"2825\" data-end=\"2852\"><span role=\"text\"><strong data-start=\"2828\" data-end=\"2852\">8. Remise du prix<\/strong><\/span><\/h6><ul data-start=\"2853\" data-end=\"3149\"><li data-section-id=\"5sdknd\" data-start=\"2853\" data-end=\"2920\">Le prix sera exp\u00e9di\u00e9 au gagnant \u00e0 l&rsquo;adresse indiqu\u00e9e.<\/li><li data-section-id=\"9rybj9\" data-start=\"2921\" data-end=\"2966\">L&rsquo;exp\u00e9dition sera organis\u00e9e par le promoteur<\/li><li data-section-id=\"1c7yt66\" data-start=\"2967\" data-end=\"3064\">Le gagnant peut \u00eatre responsable des <strong data-start=\"3003\" data-end=\"3045\">droits d&rsquo;importation, des taxes ou des frais locaux<\/strong>, le cas \u00e9ch\u00e9ant.<\/li><li data-section-id=\"1dl6lwz\" data-start=\"3065\" data-end=\"3149\">Le promoteur n&rsquo;est pas responsable des retards caus\u00e9s par les douanes ou les services de messagerie.<\/li><\/ul><hr data-start=\"3151\" data-end=\"3154\"><h6 data-section-id=\"ki21w\" data-start=\"3156\" data-end=\"3184\"><span role=\"text\"><strong data-start=\"3159\" data-end=\"3184\">9. Conditions g\u00e9n\u00e9rales<\/strong><\/span><\/h6><ul data-start=\"3185\" data-end=\"3537\"><li data-section-id=\"1n62vkk\" data-start=\"3185\" data-end=\"3263\">Les inscriptions incompl\u00e8tes, illisibles ou frauduleuses seront disqualifi\u00e9es.<\/li><li data-section-id=\"1rquver\" data-start=\"3264\" data-end=\"3337\">L&rsquo;organisateur se r\u00e9serve le droit de v\u00e9rifier l&rsquo;\u00e9ligibilit\u00e9 des participants.<\/li><li data-section-id=\"xrrs9r\" data-start=\"3338\" data-end=\"3469\">Le promoteur se r\u00e9serve le droit de modifier, de suspendre ou d&rsquo;annuler la promotion si cela s&rsquo;av\u00e8re n\u00e9cessaire en raison de circonstances ind\u00e9pendantes de sa volont\u00e9<\/li><li data-section-id=\"mdsv3q\" data-start=\"3470\" data-end=\"3537\">La promotion est soumise \u00e0 toutes les lois et r\u00e9glementations applicables.<\/li><\/ul><hr data-start=\"3539\" data-end=\"3542\"><h6 data-section-id=\"x185m4\" data-start=\"3544\" data-end=\"3578\"><span role=\"text\"><strong data-start=\"3547\" data-end=\"3578\">10. Limitation de la responsabilit\u00e9<\/strong><\/span><\/h6><p data-start=\"3579\" data-end=\"3656\">Dans toute la mesure permise par la loi, le promoteur ne peut \u00eatre tenu responsable de ce qui suit :<\/p><ul data-start=\"3658\" data-end=\"3845\"><li data-section-id=\"11mpcer\" data-start=\"3658\" data-end=\"3733\">toute perte, tout dommage ou toute blessure r\u00e9sultant de la participation \u00e0 la promotion<\/li><li data-section-id=\"1r1s4p9\" data-start=\"3734\" data-end=\"3793\">toute d\u00e9faillance technique, tout probl\u00e8me de site web ou toute erreur de saisie<\/li><li data-section-id=\"tly10p\" data-start=\"3794\" data-end=\"3845\">tout retard ou d\u00e9faut de livraison du prix<\/li><\/ul><hr data-start=\"3847\" data-end=\"3850\"><h6 data-section-id=\"ts3nso\" data-start=\"3852\" data-end=\"3878\"><span role=\"text\"><strong data-start=\"3855\" data-end=\"3878\">11. Protection des donn\u00e9es<\/strong><\/span><\/h6><ul data-start=\"3879\" data-end=\"4148\"><li data-section-id=\"1jr8wyw\" data-start=\"3879\" data-end=\"4055\">Les donn\u00e9es personnelles fournies dans le cadre de cette promotion seront utilis\u00e9es uniquement pour l&rsquo;administration de la promotion, \u00e0 moins que le participant n&rsquo;ait choisi de recevoir des communications marketing.<\/li><li data-section-id=\"slyphx\" data-start=\"4056\" data-end=\"4148\">Les donn\u00e9es seront trait\u00e9es conform\u00e9ment aux lois applicables en mati\u00e8re de protection des donn\u00e9es (y compris le GDPR).<\/li><\/ul><hr data-start=\"4150\" data-end=\"4153\"><h6 data-section-id=\"1l3fk50\" data-start=\"4155\" data-end=\"4189\"><span role=\"text\"><strong data-start=\"4158\" data-end=\"4189\">12. Avis de non-responsabilit\u00e9 concernant les m\u00e9dias sociaux<\/strong><\/span><\/h6><p data-start=\"4190\" data-end=\"4295\">Cette promotion <strong data-start=\"4208\" data-end=\"4294\">n&rsquo;<\/strong>est <strong data-start=\"4208\" data-end=\"4294\">pas sponsoris\u00e9e, approuv\u00e9e, administr\u00e9e par ou associ\u00e9e \u00e0 Instagram ou Facebook.<\/strong><\/p><hr data-start=\"4297\" data-end=\"4300\"><h6 data-section-id=\"1gs5r90\" data-start=\"4302\" data-end=\"4326\"><span role=\"text\"><strong data-start=\"4305\" data-end=\"4326\">13. Droit applicable<\/strong><\/span><\/h6><p data-start=\"4327\" data-end=\"4501\">Les pr\u00e9sentes conditions g\u00e9n\u00e9rales sont r\u00e9gies par les lois de l&rsquo;<strong data-start=\"4380\" data-end=\"4401\">Angleterre et du Pays de Galles<\/strong>, et tout litige sera soumis \u00e0 la comp\u00e9tence exclusive des tribunaux de l&rsquo;Angleterre et du Pays de Galles.<\/p>\t\t\t\t\t\t\t\t<\/div>\n\t\t\t\t<div class=\"elementor-element elementor-element-e93fe9c elementor-widget elementor-widget-text-editor\" data-id=\"e93fe9c\" data-element_type=\"widget\" data-e-type=\"widget\" data-widget_type=\"text-editor.default\">\n\t\t\t\t\t\t\t\t\t<h5 data-start=\"1474\" data-end=\"1516\">Contr\u00f4les et documentation pr\u00e9alables aux op\u00e9rations<\/h5><p data-start=\"1518\" data-end=\"1766\">Avant d&rsquo;entamer toute transaction, nous pouvons demander \u00e0 des partenaires potentiels de remplir un formulaire de demande de transaction et de fournir leur propre politique et proc\u00e9dures de diligence raisonnable. Toutes les informations fournies sur les entreprises sont soumises \u00e0 une v\u00e9rification sur la base d&rsquo;une <strong data-start=\"1742\" data-end=\"1765\">\u00e9valuation des risques<\/strong>. <\/p><p data-start=\"1768\" data-end=\"1780\">Veuillez noter :<\/p><ul data-start=\"1781\" data-end=\"2014\"><li data-start=\"1781\" data-end=\"1852\"><p data-start=\"1783\" data-end=\"1852\">Tous les contr\u00f4les doivent \u00eatre effectu\u00e9s et approuv\u00e9s <strong data-start=\"1825\" data-end=\"1850\">avant le d\u00e9but des \u00e9changes.<\/strong><\/p><\/li><li data-start=\"1853\" data-end=\"1946\"><p data-start=\"1855\" data-end=\"1946\">Nous <strong data-start=\"1858\" data-end=\"1900\">n&rsquo;acceptons que les paiements par virement bancaire<\/strong> &#8211; les transactions en esp\u00e8ces sont strictement interdites.<\/p><\/li><li data-start=\"1947\" data-end=\"2014\"><p data-start=\"1949\" data-end=\"2014\">Une piste d&rsquo;audit num\u00e9rique est requise pour toutes les transactions commerciales.<\/p><\/li><\/ul>\t\t\t\t\t\t\t\t<\/div>\n\t\t\t\t<div class=\"elementor-element elementor-element-fe6e6c0 elementor-widget elementor-widget-text-editor\" data-id=\"fe6e6c0\" data-element_type=\"widget\" data-e-type=\"widget\" data-widget_type=\"text-editor.default\">\n\t\t\t\t\t\t\t\t\t<h5 data-start=\"2021\" data-end=\"2056\">S\u00e9curit\u00e9 des donn\u00e9es et rapports<\/h5><p data-start=\"2058\" data-end=\"2298\">Tous les dossiers sont conserv\u00e9s dans des formats num\u00e9riques s\u00e9curis\u00e9s, crypt\u00e9s et prot\u00e9g\u00e9s par des syst\u00e8mes de pare-feu, conform\u00e9ment aux normes de s\u00e9curit\u00e9 des donn\u00e9es. Nous attendons de nos partenaires qu&rsquo;ils respectent des normes similaires lorsqu&rsquo;ils traitent des informations sensibles de l&rsquo;entreprise. <\/p><p data-start=\"2300\" data-end=\"2427\">Nous nous r\u00e9servons le droit de signaler sans d\u00e9lai tout comportement suspect ou tout manquement aux autorit\u00e9s r\u00e9glementaires comp\u00e9tentes.<\/p>\t\t\t\t\t\t\t\t<\/div>\n\t\t\t\t<div class=\"elementor-element elementor-element-3d03fdc elementor-widget elementor-widget-text-editor\" data-id=\"3d03fdc\" data-element_type=\"widget\" data-e-type=\"widget\" data-widget_type=\"text-editor.default\">\n\t\t\t\t\t\t\t\t\t<h5 data-start=\"2434\" data-end=\"2461\">Informations sur le contact<\/h5><p data-start=\"2463\" data-end=\"2543\"><strong data-start=\"2463\" data-end=\"2486\">Box Box Box Limited<\/strong><br data-start=\"2486\" data-end=\"2489\">10-12 Alder Hills<br data-start=\"2506\" data-end=\"2509\">Poole, BH12 4AL<br data-start=\"2524\" data-end=\"2527\">Royaume-Uni<\/p><p data-start=\"2545\" data-end=\"2636\">\ud83d\udcde Tel : 01202 413610 ext. 115<br data-start=\"2574\" data-end=\"2577\">\ud83d\udce7 Email : <a class=\"cursor-pointer\" href=\"mailto:info@maylander.wine\" rel=\"noopener\" data-start=\"2587\" data-end=\"2636\">info@maylander.wine<\/a><\/p>\t\t\t\t\t\t\t\t<\/div>\n\t\t\t\t\t<\/div>\n\t\t\t\t<\/div>\n\t\t\t\t<\/div>\n\t\t","protected":false},"excerpt":{"rendered":"<p>Des contr\u00f4les sont effectu\u00e9s, conform\u00e9ment au syst\u00e8me d&rsquo;enregistrement des grossistes en alcool (Alcohol Wholesaler Registration Scheme &#8211; AWRS), aupr\u00e8s de ses fournisseurs de produits alcoolis\u00e9s, de ses clients grossistes et des soci\u00e9t\u00e9s de transport engag\u00e9es par l&rsquo;entreprise pour distribuer lesdits produits.<\/p>\n","protected":false},"author":1,"featured_media":0,"parent":0,"menu_order":0,"comment_status":"closed","ping_status":"closed","template":"","meta":{"footnotes":""},"class_list":["post-29677","page","type-page","status-publish","hentry"],"_links":{"self":[{"href":"https:\/\/maylander.wine\/fr\/wp-json\/wp\/v2\/pages\/29677","targetHints":{"allow":["GET"]}}],"collection":[{"href":"https:\/\/maylander.wine\/fr\/wp-json\/wp\/v2\/pages"}],"about":[{"href":"https:\/\/maylander.wine\/fr\/wp-json\/wp\/v2\/types\/page"}],"author":[{"embeddable":true,"href":"https:\/\/maylander.wine\/fr\/wp-json\/wp\/v2\/users\/1"}],"replies":[{"embeddable":true,"href":"https:\/\/maylander.wine\/fr\/wp-json\/wp\/v2\/comments?post=29677"}],"version-history":[{"count":1,"href":"https:\/\/maylander.wine\/fr\/wp-json\/wp\/v2\/pages\/29677\/revisions"}],"predecessor-version":[{"id":29678,"href":"https:\/\/maylander.wine\/fr\/wp-json\/wp\/v2\/pages\/29677\/revisions\/29678"}],"wp:attachment":[{"href":"https:\/\/maylander.wine\/fr\/wp-json\/wp\/v2\/media?parent=29677"}],"curies":[{"name":"wp","href":"https:\/\/api.w.org\/{rel}","templated":true}]}}