{"id":28286,"date":"2026-04-07T15:26:20","date_gmt":"2026-04-07T15:26:20","guid":{"rendered":"https:\/\/maylander.wine\/une-chance-de-gagner-une-piece-dedicacee-de-lhistoire-du-sport-automobile\/"},"modified":"2026-04-17T09:39:57","modified_gmt":"2026-04-17T09:39:57","slug":"une-chance-de-gagner-une-piece-dedicacee-de-lhistoire-du-sport-automobile","status":"publish","type":"page","link":"https:\/\/maylander.wine\/fr\/une-chance-de-gagner-une-piece-dedicacee-de-lhistoire-du-sport-automobile\/","title":{"rendered":"Une chance de gagner une pi\u00e8ce d\u00e9dicac\u00e9e de l&rsquo;histoire du sport automobile"},"content":{"rendered":"\t\t<div data-elementor-type=\"wp-page\" data-elementor-id=\"28286\" class=\"elementor elementor-28286 elementor-28245\" data-elementor-post-type=\"page\">\n\t\t\t\t<div class=\"elementor-element elementor-element-3b4ae83f e-con-full e-flex e-con e-parent\" data-id=\"3b4ae83f\" data-element_type=\"container\" data-e-type=\"container\" data-settings=\"{&quot;background_background&quot;:&quot;classic&quot;}\">\n\t\t<div class=\"elementor-element elementor-element-1c0d5919 e-con-full e-flex e-con e-child\" data-id=\"1c0d5919\" data-element_type=\"container\" data-e-type=\"container\" data-settings=\"{&quot;background_background&quot;:&quot;classic&quot;}\">\n\t\t\t\t<div class=\"elementor-element elementor-element-3a97586b elementor-widget elementor-widget-heading\" data-id=\"3a97586b\" data-element_type=\"widget\" data-e-type=\"widget\" data-widget_type=\"heading.default\">\n\t\t\t\t\t<h2 class=\"elementor-heading-title elementor-size-default\">Une chance de gagner<\/h2>\t\t\t\t<\/div>\n\t\t<div class=\"elementor-element elementor-element-fc23099 e-con-full elementor-hidden-desktop e-flex e-con e-child\" data-id=\"fc23099\" data-element_type=\"container\" data-e-type=\"container\" data-settings=\"{&quot;background_background&quot;:&quot;classic&quot;}\">\n\t\t\t\t<div class=\"elementor-element elementor-element-6bd46a5e elementor-grid-1 elementor-widget__width-auto elementor-fixed elementor-shape-rounded e-grid-align-center elementor-widget elementor-widget-social-icons\" data-id=\"6bd46a5e\" data-element_type=\"widget\" data-e-type=\"widget\" data-settings=\"{&quot;_position&quot;:&quot;fixed&quot;}\" data-widget_type=\"social-icons.default\">\n\t\t\t\t\t\t\t<div class=\"elementor-social-icons-wrapper elementor-grid\" role=\"list\">\n\t\t\t\t\t\t\t<span class=\"elementor-grid-item\" role=\"listitem\">\n\t\t\t\t\t<a class=\"elementor-icon elementor-social-icon elementor-social-icon-facebook elementor-animation-grow elementor-repeater-item-902d5c1\" href=\"https:\/\/www.facebook.com\/maylander.wine\/\" target=\"_blank\">\n\t\t\t\t\t\t<span class=\"elementor-screen-only\">Facebook<\/span>\n\t\t\t\t\t\t<svg aria-hidden=\"true\" class=\"e-font-icon-svg e-fab-facebook\" viewBox=\"0 0 512 512\" xmlns=\"http:\/\/www.w3.org\/2000\/svg\"><path d=\"M504 256C504 119 393 8 256 8S8 119 8 256c0 123.78 90.69 226.38 209.25 245V327.69h-63V256h63v-54.64c0-62.15 37-96.48 93.67-96.48 27.14 0 55.52 4.84 55.52 4.84v61h-31.28c-30.8 0-40.41 19.12-40.41 38.73V256h68.78l-11 71.69h-57.78V501C413.31 482.38 504 379.78 504 256z\"><\/path><\/svg>\t\t\t\t\t<\/a>\n\t\t\t\t<\/span>\n\t\t\t\t\t\t\t<span class=\"elementor-grid-item\" role=\"listitem\">\n\t\t\t\t\t<a class=\"elementor-icon elementor-social-icon elementor-social-icon-instagram elementor-animation-grow elementor-repeater-item-4b62d00\" href=\"https:\/\/www.instagram.com\/maylander.wine\/\" target=\"_blank\">\n\t\t\t\t\t\t<span class=\"elementor-screen-only\">Instagram<\/span>\n\t\t\t\t\t\t<svg aria-hidden=\"true\" class=\"e-font-icon-svg e-fab-instagram\" viewBox=\"0 0 448 512\" xmlns=\"http:\/\/www.w3.org\/2000\/svg\"><path d=\"M224.1 141c-63.6 0-114.9 51.3-114.9 114.9s51.3 114.9 114.9 114.9S339 319.5 339 255.9 287.7 141 224.1 141zm0 189.6c-41.1 0-74.7-33.5-74.7-74.7s33.5-74.7 74.7-74.7 74.7 33.5 74.7 74.7-33.6 74.7-74.7 74.7zm146.4-194.3c0 14.9-12 26.8-26.8 26.8-14.9 0-26.8-12-26.8-26.8s12-26.8 26.8-26.8 26.8 12 26.8 26.8zm76.1 27.2c-1.7-35.9-9.9-67.7-36.2-93.9-26.2-26.2-58-34.4-93.9-36.2-37-2.1-147.9-2.1-184.9 0-35.8 1.7-67.6 9.9-93.9 36.1s-34.4 58-36.2 93.9c-2.1 37-2.1 147.9 0 184.9 1.7 35.9 9.9 67.7 36.2 93.9s58 34.4 93.9 36.2c37 2.1 147.9 2.1 184.9 0 35.9-1.7 67.7-9.9 93.9-36.2 26.2-26.2 34.4-58 36.2-93.9 2.1-37 2.1-147.8 0-184.8zM398.8 388c-7.8 19.6-22.9 34.7-42.6 42.6-29.5 11.7-99.5 9-132.1 9s-102.7 2.6-132.1-9c-19.6-7.8-34.7-22.9-42.6-42.6-11.7-29.5-9-99.5-9-132.1s-2.6-102.7 9-132.1c7.8-19.6 22.9-34.7 42.6-42.6 29.5-11.7 99.5-9 132.1-9s102.7-2.6 132.1 9c19.6 7.8 34.7 22.9 42.6 42.6 11.7 29.5 9 99.5 9 132.1s2.7 102.7-9 132.1z\"><\/path><\/svg>\t\t\t\t\t<\/a>\n\t\t\t\t<\/span>\n\t\t\t\t\t\t\t<span class=\"elementor-grid-item\" role=\"listitem\">\n\t\t\t\t\t<a class=\"elementor-icon elementor-social-icon elementor-social-icon-youtube elementor-animation-grow elementor-repeater-item-bbd7dda\" href=\"https:\/\/www.youtube.com\/@BerndMayl\u00e4nder-official\" target=\"_blank\" rel=\"noopener\">\n\t\t\t\t\t\t<span class=\"elementor-screen-only\">Youtube<\/span>\n\t\t\t\t\t\t<svg aria-hidden=\"true\" class=\"e-font-icon-svg e-fab-youtube\" viewBox=\"0 0 576 512\" xmlns=\"http:\/\/www.w3.org\/2000\/svg\"><path d=\"M549.655 124.083c-6.281-23.65-24.787-42.276-48.284-48.597C458.781 64 288 64 288 64S117.22 64 74.629 75.486c-23.497 6.322-42.003 24.947-48.284 48.597-11.412 42.867-11.412 132.305-11.412 132.305s0 89.438 11.412 132.305c6.281 23.65 24.787 41.5 48.284 47.821C117.22 448 288 448 288 448s170.78 0 213.371-11.486c23.497-6.321 42.003-24.171 48.284-47.821 11.412-42.867 11.412-132.305 11.412-132.305s0-89.438-11.412-132.305zm-317.51 213.508V175.185l142.739 81.205-142.739 81.201z\"><\/path><\/svg>\t\t\t\t\t<\/a>\n\t\t\t\t<\/span>\n\t\t\t\t\t<\/div>\n\t\t\t\t\t\t<\/div>\n\t\t\t\t<\/div>\n\t\t\t\t<div class=\"elementor-element elementor-element-2130af6a elementor-widget elementor-widget-heading\" data-id=\"2130af6a\" data-element_type=\"widget\" data-e-type=\"widget\" data-widget_type=\"heading.default\">\n\t\t\t\t\t<h2 class=\"elementor-heading-title elementor-size-default\">Participez \u00e0 l'achat d'une bouteille rare et d\u00e9dicac\u00e9e de l'histoire du sport automobile<\/h2>\t\t\t\t<\/div>\n\t\t\t\t<div class=\"elementor-element elementor-element-4aaa1ec elementor-widget elementor-widget-text-editor\" data-id=\"4aaa1ec\" data-element_type=\"widget\" data-e-type=\"widget\" data-widget_type=\"text-editor.default\">\n\t\t\t\t\t\t\t\t\t<h5><strong>Pour la f\u00eate des p\u00e8res, offrez quelque chose qui m\u00e9rite d&rsquo;\u00eatre rappel\u00e9 &#8211; et courez la chance de gagner une bouteille de collection sign\u00e9e.  <\/strong><\/h5>\t\t\t\t\t\t\t\t<\/div>\n\t\t\t\t<div class=\"elementor-element elementor-element-cf4a490 elementor-widget elementor-widget-text-editor\" data-id=\"cf4a490\" data-element_type=\"widget\" data-e-type=\"widget\" data-widget_type=\"text-editor.default\">\n\t\t\t\t\t\t\t\t\t<p>Si vous achetez une bouteille de la <a href=\"https:\/\/maylander.wine\/fr\/shop\/\">s\u00e9rie Apex<\/a> entre le 10 avril et le 24 mai, vous aurez automatiquement la possibilit\u00e9 de gagner une bouteille sign\u00e9e <br>25 | 500 Legacy Edition.  <\/p>\t\t\t\t\t\t\t\t<\/div>\n\t\t\t\t<div class=\"elementor-element elementor-element-5fa8e74 elementor-widget elementor-widget-text-editor\" data-id=\"5fa8e74\" data-element_type=\"widget\" data-e-type=\"widget\" data-widget_type=\"text-editor.default\">\n\t\t\t\t\t\t\t\t\t<p data-start=\"1564\" data-end=\"1629\">Gagnant tir\u00e9 au sort lors du Grand Prix du Canada.<\/p>\t\t\t\t\t\t\t\t<\/div>\n\t\t\t\t<div class=\"elementor-element elementor-element-2227f539 elementor-align-center elementor-widget elementor-widget-button\" data-id=\"2227f539\" data-element_type=\"widget\" data-e-type=\"widget\" data-widget_type=\"button.default\">\n\t\t\t\t\t\t\t\t\t\t<a class=\"elementor-button elementor-button-link elementor-size-lg elementor-animation-grow\" href=\"https:\/\/maylander.wine\/fr\/shop\/\">\n\t\t\t\t\t\t<span class=\"elementor-button-content-wrapper\">\n\t\t\t\t\t\t\t\t\t<span class=\"elementor-button-text\">Acheter la s\u00e9rie Apex<\/span>\n\t\t\t\t\t<\/span>\n\t\t\t\t\t<\/a>\n\t\t\t\t\t\t\t\t<\/div>\n\t\t\t\t<div class=\"elementor-element elementor-element-5614c6e5 elementor-widget elementor-widget-text-editor\" data-id=\"5614c6e5\" data-element_type=\"widget\" data-e-type=\"widget\" data-widget_type=\"text-editor.default\">\n\t\t\t\t\t\t\t\t\t<h5><strong>Chaque bouteille achet\u00e9e augmente vos chances de gagner.<\/strong><\/h5>\t\t\t\t\t\t\t\t<\/div>\n\t\t\t\t<div class=\"elementor-element elementor-element-bb30d79 elementor-widget elementor-widget-text-editor\" data-id=\"bb30d79\" data-element_type=\"widget\" data-e-type=\"widget\" data-widget_type=\"text-editor.default\">\n\t\t\t\t\t\t\t\t\t<p data-start=\"1564\" data-end=\"1629\"><em>**Aucun achat n&rsquo;est n\u00e9cessaire &#8211; vous pouvez \u00e9galement participer une fois via les m\u00e9dias sociaux.<\/em><\/p>\t\t\t\t\t\t\t\t<\/div>\n\t\t\t\t<div class=\"elementor-element elementor-element-319c521 elementor-align-center elementor-widget elementor-widget-button\" data-id=\"319c521\" data-element_type=\"widget\" data-e-type=\"widget\" data-widget_type=\"button.default\">\n\t\t\t\t\t\t\t\t\t\t<a class=\"elementor-button elementor-button-link elementor-size-lg elementor-animation-grow\" href=\"#free-entry\">\n\t\t\t\t\t\t<span class=\"elementor-button-content-wrapper\">\n\t\t\t\t\t\t\t\t\t<span class=\"elementor-button-text\">Participez au tirage au sort gratuit<\/span>\n\t\t\t\t\t<\/span>\n\t\t\t\t\t<\/a>\n\t\t\t\t\t\t\t\t<\/div>\n\t\t\t\t<\/div>\n\t\t<div class=\"elementor-element elementor-element-6f923ce e-con-full elementor-hidden-tablet elementor-hidden-mobile e-flex e-con e-child\" data-id=\"6f923ce\" data-element_type=\"container\" data-e-type=\"container\" data-settings=\"{&quot;background_background&quot;:&quot;classic&quot;}\">\n\t\t\t\t<div class=\"elementor-element elementor-element-747647c elementor-grid-1 elementor-widget__width-auto elementor-fixed elementor-shape-rounded e-grid-align-center elementor-widget elementor-widget-social-icons\" data-id=\"747647c\" data-element_type=\"widget\" data-e-type=\"widget\" data-settings=\"{&quot;_position&quot;:&quot;fixed&quot;}\" data-widget_type=\"social-icons.default\">\n\t\t\t\t\t\t\t<div class=\"elementor-social-icons-wrapper elementor-grid\" role=\"list\">\n\t\t\t\t\t\t\t<span class=\"elementor-grid-item\" role=\"listitem\">\n\t\t\t\t\t<a class=\"elementor-icon elementor-social-icon elementor-social-icon-facebook elementor-animation-grow elementor-repeater-item-902d5c1\" href=\"https:\/\/www.facebook.com\/maylander.wine\/\" target=\"_blank\">\n\t\t\t\t\t\t<span class=\"elementor-screen-only\">Facebook<\/span>\n\t\t\t\t\t\t<svg aria-hidden=\"true\" class=\"e-font-icon-svg e-fab-facebook\" viewBox=\"0 0 512 512\" xmlns=\"http:\/\/www.w3.org\/2000\/svg\"><path d=\"M504 256C504 119 393 8 256 8S8 119 8 256c0 123.78 90.69 226.38 209.25 245V327.69h-63V256h63v-54.64c0-62.15 37-96.48 93.67-96.48 27.14 0 55.52 4.84 55.52 4.84v61h-31.28c-30.8 0-40.41 19.12-40.41 38.73V256h68.78l-11 71.69h-57.78V501C413.31 482.38 504 379.78 504 256z\"><\/path><\/svg>\t\t\t\t\t<\/a>\n\t\t\t\t<\/span>\n\t\t\t\t\t\t\t<span class=\"elementor-grid-item\" role=\"listitem\">\n\t\t\t\t\t<a class=\"elementor-icon elementor-social-icon elementor-social-icon-instagram elementor-animation-grow elementor-repeater-item-4b62d00\" href=\"https:\/\/www.instagram.com\/maylander.wine\/\" target=\"_blank\">\n\t\t\t\t\t\t<span class=\"elementor-screen-only\">Instagram<\/span>\n\t\t\t\t\t\t<svg aria-hidden=\"true\" class=\"e-font-icon-svg e-fab-instagram\" viewBox=\"0 0 448 512\" xmlns=\"http:\/\/www.w3.org\/2000\/svg\"><path d=\"M224.1 141c-63.6 0-114.9 51.3-114.9 114.9s51.3 114.9 114.9 114.9S339 319.5 339 255.9 287.7 141 224.1 141zm0 189.6c-41.1 0-74.7-33.5-74.7-74.7s33.5-74.7 74.7-74.7 74.7 33.5 74.7 74.7-33.6 74.7-74.7 74.7zm146.4-194.3c0 14.9-12 26.8-26.8 26.8-14.9 0-26.8-12-26.8-26.8s12-26.8 26.8-26.8 26.8 12 26.8 26.8zm76.1 27.2c-1.7-35.9-9.9-67.7-36.2-93.9-26.2-26.2-58-34.4-93.9-36.2-37-2.1-147.9-2.1-184.9 0-35.8 1.7-67.6 9.9-93.9 36.1s-34.4 58-36.2 93.9c-2.1 37-2.1 147.9 0 184.9 1.7 35.9 9.9 67.7 36.2 93.9s58 34.4 93.9 36.2c37 2.1 147.9 2.1 184.9 0 35.9-1.7 67.7-9.9 93.9-36.2 26.2-26.2 34.4-58 36.2-93.9 2.1-37 2.1-147.8 0-184.8zM398.8 388c-7.8 19.6-22.9 34.7-42.6 42.6-29.5 11.7-99.5 9-132.1 9s-102.7 2.6-132.1-9c-19.6-7.8-34.7-22.9-42.6-42.6-11.7-29.5-9-99.5-9-132.1s-2.6-102.7 9-132.1c7.8-19.6 22.9-34.7 42.6-42.6 29.5-11.7 99.5-9 132.1-9s102.7-2.6 132.1 9c19.6 7.8 34.7 22.9 42.6 42.6 11.7 29.5 9 99.5 9 132.1s2.7 102.7-9 132.1z\"><\/path><\/svg>\t\t\t\t\t<\/a>\n\t\t\t\t<\/span>\n\t\t\t\t\t\t\t<span class=\"elementor-grid-item\" role=\"listitem\">\n\t\t\t\t\t<a class=\"elementor-icon elementor-social-icon elementor-social-icon-youtube elementor-animation-grow elementor-repeater-item-bbd7dda\" href=\"https:\/\/www.youtube.com\/@BerndMaylander-official\" target=\"_blank\" rel=\"noopener\">\n\t\t\t\t\t\t<span class=\"elementor-screen-only\">Youtube<\/span>\n\t\t\t\t\t\t<svg aria-hidden=\"true\" class=\"e-font-icon-svg e-fab-youtube\" viewBox=\"0 0 576 512\" xmlns=\"http:\/\/www.w3.org\/2000\/svg\"><path d=\"M549.655 124.083c-6.281-23.65-24.787-42.276-48.284-48.597C458.781 64 288 64 288 64S117.22 64 74.629 75.486c-23.497 6.322-42.003 24.947-48.284 48.597-11.412 42.867-11.412 132.305-11.412 132.305s0 89.438 11.412 132.305c6.281 23.65 24.787 41.5 48.284 47.821C117.22 448 288 448 288 448s170.78 0 213.371-11.486c23.497-6.321 42.003-24.171 48.284-47.821 11.412-42.867 11.412-132.305 11.412-132.305s0-89.438-11.412-132.305zm-317.51 213.508V175.185l142.739 81.205-142.739 81.201z\"><\/path><\/svg>\t\t\t\t\t<\/a>\n\t\t\t\t<\/span>\n\t\t\t\t\t<\/div>\n\t\t\t\t\t\t<\/div>\n\t\t\t\t<\/div>\n\t\t\t\t<\/div>\n\t\t<div class=\"elementor-element elementor-element-455e405 e-flex e-con-boxed e-con e-parent\" data-id=\"455e405\" data-element_type=\"container\" data-e-type=\"container\">\n\t\t\t\t\t<div class=\"e-con-inner\">\n\t\t\t\t<div class=\"elementor-element elementor-element-c6c15b0 elementor-widget elementor-widget-heading\" data-id=\"c6c15b0\" data-element_type=\"widget\" data-e-type=\"widget\" data-widget_type=\"heading.default\">\n\t\t\t\t\t<h2 class=\"elementor-heading-title elementor-size-default\">Achetez la s\u00e9rie Apex.  <br>Augmentez vos chances.<\/h2>\t\t\t\t<\/div>\n\t\t\t\t<div class=\"elementor-element elementor-element-80db08c elementor-widget elementor-widget-text-editor\" data-id=\"80db08c\" data-element_type=\"widget\" data-e-type=\"widget\" data-widget_type=\"text-editor.default\">\n\t\t\t\t\t\t\t\t\t<p data-start=\"871\" data-end=\"974\">Chaque bouteille achet\u00e9e de la s\u00e9rie Apex pendant la campagne participe automatiquement au tirage au sort.<\/p><p data-start=\"976\" data-end=\"1037\"><strong data-start=\"976\" data-end=\"1037\">Plus vous en acqu\u00e9rez, plus vous avez de chances de gagner.<\/strong><\/p>\t\t\t\t\t\t\t\t<\/div>\n\t\t\t\t<div class=\"elementor-element elementor-element-aa81854 elementor-widget elementor-widget-text-editor\" data-id=\"aa81854\" data-element_type=\"widget\" data-e-type=\"widget\" data-widget_type=\"text-editor.default\">\n\t\t\t\t\t\t\t\t\t<p>1 bouteille = 2 entr\u00e9es <br>2 bouteilles = 4 entr\u00e9es <br>3 bouteilles = 6 entr\u00e9es<\/p>\t\t\t\t\t\t\t\t<\/div>\n\t\t\t\t<div class=\"elementor-element elementor-element-df66594 elementor-align-center elementor-widget elementor-widget-button\" data-id=\"df66594\" data-element_type=\"widget\" data-e-type=\"widget\" data-widget_type=\"button.default\">\n\t\t\t\t\t\t\t\t\t\t<a class=\"elementor-button elementor-button-link elementor-size-lg elementor-animation-grow\" href=\"https:\/\/maylander.wine\/fr\/shop\/\">\n\t\t\t\t\t\t<span class=\"elementor-button-content-wrapper\">\n\t\t\t\t\t\t\t\t\t<span class=\"elementor-button-text\">Acheter la s\u00e9rie Apex<\/span>\n\t\t\t\t\t<\/span>\n\t\t\t\t\t<\/a>\n\t\t\t\t\t\t\t\t<\/div>\n\t\t\t\t<div class=\"elementor-element elementor-element-77cb4ce elementor-widget elementor-widget-text-editor\" data-id=\"77cb4ce\" data-element_type=\"widget\" data-e-type=\"widget\" data-widget_type=\"text-editor.default\">\n\t\t\t\t\t\t\t\t\t<blockquote><p>Il n&rsquo;existe que <strong>500<\/strong> bouteilles de la s\u00e9rie signature <strong>en \u00e9dition limit\u00e9e.<\/strong> <\/p><\/blockquote>\t\t\t\t\t\t\t\t<\/div>\n\t\t\t\t<div class=\"elementor-element elementor-element-88f22f8 elementor-widget elementor-widget-text-editor\" data-id=\"88f22f8\" data-element_type=\"widget\" data-e-type=\"widget\" data-widget_type=\"text-editor.default\">\n\t\t\t\t\t\t\t\t\t<blockquote><p><strong>Une seule bouteille sera attribu\u00e9e | Un gagnant | Une pi\u00e8ce de collection<\/strong><\/p><\/blockquote>\t\t\t\t\t\t\t\t<\/div>\n\t\t\t\t\t<\/div>\n\t\t\t\t<\/div>\n\t\t<div class=\"elementor-element elementor-element-1ddff3de e-flex e-con-boxed e-con e-parent\" data-id=\"1ddff3de\" data-element_type=\"container\" data-e-type=\"container\" data-settings=\"{&quot;background_background&quot;:&quot;classic&quot;}\">\n\t\t\t\t\t<div class=\"e-con-inner\">\n\t\t<div class=\"elementor-element elementor-element-3ea656e0 e-con-full e-flex e-con e-child\" data-id=\"3ea656e0\" data-element_type=\"container\" data-e-type=\"container\">\n\t\t\t\t<div class=\"elementor-element elementor-element-366014ae animated-slow elementor-invisible elementor-widget elementor-widget-heading\" data-id=\"366014ae\" data-element_type=\"widget\" data-e-type=\"widget\" data-settings=\"{&quot;_animation&quot;:&quot;slideInUp&quot;}\" data-widget_type=\"heading.default\">\n\t\t\t\t\t<h2 class=\"elementor-heading-title elementor-size-default\">A propos du prix<\/h2>\t\t\t\t<\/div>\n\t\t\t\t<div class=\"elementor-element elementor-element-63e545d5 animated-slow elementor-invisible elementor-widget elementor-widget-heading\" data-id=\"63e545d5\" data-element_type=\"widget\" data-e-type=\"widget\" data-settings=\"{&quot;_animation&quot;:&quot;slideInUp&quot;}\" data-widget_type=\"heading.default\">\n\t\t\t\t\t<h4 class=\"elementor-heading-title elementor-size-default\">25 | 500 Legacy Edition<\/h4>\t\t\t\t<\/div>\n\t\t\t\t<div class=\"elementor-element elementor-element-11ff660c elementor-widget elementor-widget-text-editor\" data-id=\"11ff660c\" data-element_type=\"widget\" data-e-type=\"widget\" data-widget_type=\"text-editor.default\">\n\t\t\t\t\t\t\t\t\t<p>La <strong data-start=\"378\" data-end=\"405\">25 | 500 Legacy Edition<\/strong> c\u00e9l\u00e8bre l&rsquo;une des carri\u00e8res les plus marquantes du sport automobile moderne. Pendant plus de vingt ans, Mayl\u00e4nder a men\u00e9 le peloton dans les moments les plus critiques de la Formule 1 &#8211; guidant le sport \u00e0 travers la pluie, le chaos et les courses d\u00e9cisives pour le championnat sur les circuits du monde entier. <\/p>\t\t\t\t\t\t\t\t<\/div>\n\t\t\t\t<div class=\"elementor-element elementor-element-747f9833 elementor-align-left elementor-widget elementor-widget-button\" data-id=\"747f9833\" data-element_type=\"widget\" data-e-type=\"widget\" data-widget_type=\"button.default\">\n\t\t\t\t\t\t\t\t\t\t<a class=\"elementor-button elementor-button-link elementor-size-lg elementor-animation-grow\" href=\"https:\/\/maylander.wine\/fr\/shop\/maylander-25-500-legacy-magnum-signe-a-la-main-et-numerote-1-50-copy\/\">\n\t\t\t\t\t\t<span class=\"elementor-button-content-wrapper\">\n\t\t\t\t\t\t\t\t\t<span class=\"elementor-button-text\">Acheter maintenant<\/span>\n\t\t\t\t\t<\/span>\n\t\t\t\t\t<\/a>\n\t\t\t\t\t\t\t\t<\/div>\n\t\t\t\t<\/div>\n\t\t\t\t<div class=\"elementor-element elementor-element-78bd5beb elementor-widget elementor-widget-image\" data-id=\"78bd5beb\" data-element_type=\"widget\" data-e-type=\"widget\" data-widget_type=\"image.default\">\n\t\t\t\t\t\t\t\t\t\t\t\t\t\t\t\t<a href=\"https:\/\/maylander.wine\/fr\/shop\/maylander-25-500-legacy-magnum-signe-a-la-main-et-numerote-1-50-copy\/\">\n\t\t\t\t\t\t\t<img fetchpriority=\"high\" decoding=\"async\" width=\"800\" height=\"800\" src=\"https:\/\/maylander.wine\/wp-content\/uploads\/2026\/03\/Outside-of-25-500-750ml-box-square.jpg\" class=\"attachment-large size-large wp-image-27567\" alt=\"Mayl\u00e4nder Edition Limit\u00e9e Collectors - 25 | 500 -750ml\" \/>\t\t\t\t\t\t\t\t<\/a>\n\t\t\t\t\t\t\t\t\t\t\t\t\t\t\t<\/div>\n\t\t\t\t\t<\/div>\n\t\t\t\t<\/div>\n\t\t<div class=\"elementor-element elementor-element-7745388 free-entry e-flex e-con-boxed e-con e-parent\" data-id=\"7745388\" data-element_type=\"container\" data-e-type=\"container\" id=\"free-entry\">\n\t\t\t\t\t<div class=\"e-con-inner\">\n\t\t\t\t<div class=\"elementor-element elementor-element-00116bd elementor-widget elementor-widget-heading\" data-id=\"00116bd\" data-element_type=\"widget\" data-e-type=\"widget\" data-widget_type=\"heading.default\">\n\t\t\t\t\t<h5 class=\"elementor-heading-title elementor-size-default\">Itin\u00e9raire d'acc\u00e8s gratuit<\/h5>\t\t\t\t<\/div>\n\t\t\t\t<div class=\"elementor-element elementor-element-6e5238b elementor-widget elementor-widget-text-editor\" data-id=\"6e5238b\" data-element_type=\"widget\" data-e-type=\"widget\" data-widget_type=\"text-editor.default\">\n\t\t\t\t\t\t\t\t\t<p data-start=\"1452\" data-end=\"1537\">Vous pr\u00e9f\u00e9rez participer sans achat ? Vous pouvez <strong data-start=\"1501\" data-end=\"1519\">soumettre une seule participation<\/strong> via les m\u00e9dias sociaux. <\/p><p data-start=\"232\" data-end=\"339\">Pour garantir la conformit\u00e9 avec les r\u00e9glementations du Royaume-Uni et de l&rsquo;UE en mati\u00e8re de promotion, <br>propose une autre m\u00e9thode d&rsquo;entr\u00e9e gratuite.<\/p><p data-start=\"405\" data-end=\"443\"><strong data-start=\"405\" data-end=\"443\">1 x bouteille sign\u00e9e 25 | 500 Legacy Edition (750ml)<\/strong><\/p>\t\t\t\t\t\t\t\t<\/div>\n\t\t\t\t\t<\/div>\n\t\t\t\t<\/div>\n\t\t<div class=\"elementor-element elementor-element-2e36470 e-flex e-con-boxed e-con e-parent\" data-id=\"2e36470\" data-element_type=\"container\" data-e-type=\"container\">\n\t\t\t\t\t<div class=\"e-con-inner\">\n\t\t<div class=\"elementor-element elementor-element-a2dc838 e-con-full e-flex e-con e-child\" data-id=\"a2dc838\" data-element_type=\"container\" data-e-type=\"container\">\n\t\t\t\t<div class=\"elementor-element elementor-element-9306b40 elementor-widget elementor-widget-heading\" data-id=\"9306b40\" data-element_type=\"widget\" data-e-type=\"widget\" data-widget_type=\"heading.default\">\n\t\t\t\t\t<h6 class=\"elementor-heading-title elementor-size-default\">Comment entrer (entr\u00e9e gratuite)<\/h6>\t\t\t\t<\/div>\n\t\t\t\t<div class=\"elementor-element elementor-element-0b22002 elementor-widget elementor-widget-text-editor\" data-id=\"0b22002\" data-element_type=\"widget\" data-e-type=\"widget\" data-widget_type=\"text-editor.default\">\n\t\t\t\t\t\t\t\t\t<p data-start=\"484\" data-end=\"512\">Pour entrer par la voie libre :<\/p><ul data-start=\"514\" data-end=\"677\"><li data-section-id=\"q6c9z9\" data-start=\"514\" data-end=\"568\">Suivez <strong data-start=\"523\" data-end=\"541\">@maylanderwine<\/strong> sur Instagram ou Facebook<\/li><li data-section-id=\"d2gagm\" data-start=\"569\" data-end=\"607\">Likez le post officiel du concours<\/li><li data-section-id=\"bk87qg\" data-start=\"608\" data-end=\"677\">Commentez l&rsquo;article (par exemple, \u00e0 qui vous l&rsquo;offrirez ou marquez un ami)<\/li><\/ul>\t\t\t\t\t\t\t\t<\/div>\n\t\t\t\t<\/div>\n\t\t<div class=\"elementor-element elementor-element-ad31182 e-con-full e-flex e-con e-child\" data-id=\"ad31182\" data-element_type=\"container\" data-e-type=\"container\">\n\t\t\t\t<div class=\"elementor-element elementor-element-434bf39 elementor-widget elementor-widget-heading\" data-id=\"434bf39\" data-element_type=\"widget\" data-e-type=\"widget\" data-widget_type=\"heading.default\">\n\t\t\t\t\t<h6 class=\"elementor-heading-title elementor-size-default\">Informations importantes<\/h6>\t\t\t\t<\/div>\n\t\t\t\t<div class=\"elementor-element elementor-element-2831e88 elementor-widget elementor-widget-text-editor\" data-id=\"2831e88\" data-element_type=\"widget\" data-e-type=\"widget\" data-widget_type=\"text-editor.default\">\n\t\t\t\t\t\t\t\t\t<ul data-start=\"714\" data-end=\"916\"><li data-section-id=\"14kbuhi\" data-start=\"714\" data-end=\"755\">Maximum d&rsquo;<strong data-start=\"724\" data-end=\"753\">une entr\u00e9e gratuite par personne<\/strong><\/li><li data-section-id=\"1m9z9j\" data-start=\"756\" data-end=\"798\">L&rsquo;entr\u00e9e est gratuite et ne n\u00e9cessite pas d&rsquo;achat<\/li><li data-section-id=\"1mocpq8\" data-start=\"799\" data-end=\"877\">Les achats ne sont pas limit\u00e9s et augmentent vos chances de gagner.<\/li><li data-section-id=\"2lctuw\" data-start=\"878\" data-end=\"916\">Les participants doivent \u00eatre \u00e2g\u00e9s de <strong data-start=\"902\" data-end=\"916\">18 ans ou plus, avoir l&rsquo;\u00e2ge l\u00e9gal pour consommer de l&rsquo;alcool dans leur pays de r\u00e9sidence.<\/strong><\/li><\/ul>\t\t\t\t\t\t\t\t<\/div>\n\t\t\t\t<\/div>\n\t\t<div class=\"elementor-element elementor-element-0b94ea8 e-con-full e-flex e-con e-child\" data-id=\"0b94ea8\" data-element_type=\"container\" data-e-type=\"container\">\n\t\t\t\t<div class=\"elementor-element elementor-element-de7d8e6 elementor-widget elementor-widget-text-editor\" data-id=\"de7d8e6\" data-element_type=\"widget\" data-e-type=\"widget\" data-widget_type=\"text-editor.default\">\n\t\t\t\t\t\t\t\t\t<p><a href=\"https:\/\/maylander.wine\/fr\/maylander-wine-conditions-de-la-promotion\/\">Toutes les conditions s&rsquo;appliquent<\/a>.<br data-start=\"995\" data-end=\"998\">Le gagnant sera tir\u00e9 au sort et annonc\u00e9 lors du Grand Prix du Canada le 24 mai 2026.<\/p>\t\t\t\t\t\t\t\t<\/div>\n\t\t\t\t<\/div>\n\t\t\t\t\t<\/div>\n\t\t\t\t<\/div>\n\t\t\t\t<\/div>\n\t\t","protected":false},"excerpt":{"rendered":"<p>Achetez n&rsquo;importe quelle bouteille de la s\u00e9rie Apex entre le 10 avril et le 23 mai, et vous serez automatiquement inscrit pour avoir la chance de gagner une bouteille de 25 500 sign\u00e9e \u00e0 la main.  <\/p>\n","protected":false},"author":1,"featured_media":27568,"parent":0,"menu_order":0,"comment_status":"closed","ping_status":"closed","template":"elementor_canvas","meta":{"footnotes":""},"class_list":["post-28286","page","type-page","status-publish","has-post-thumbnail","hentry"],"_links":{"self":[{"href":"https:\/\/maylander.wine\/fr\/wp-json\/wp\/v2\/pages\/28286","targetHints":{"allow":["GET"]}}],"collection":[{"href":"https:\/\/maylander.wine\/fr\/wp-json\/wp\/v2\/pages"}],"about":[{"href":"https:\/\/maylander.wine\/fr\/wp-json\/wp\/v2\/types\/page"}],"author":[{"embeddable":true,"href":"https:\/\/maylander.wine\/fr\/wp-json\/wp\/v2\/users\/1"}],"replies":[{"embeddable":true,"href":"https:\/\/maylander.wine\/fr\/wp-json\/wp\/v2\/comments?post=28286"}],"version-history":[{"count":0,"href":"https:\/\/maylander.wine\/fr\/wp-json\/wp\/v2\/pages\/28286\/revisions"}],"wp:featuredmedia":[{"embeddable":true,"href":"https:\/\/maylander.wine\/fr\/wp-json\/wp\/v2\/media\/27568"}],"wp:attachment":[{"href":"https:\/\/maylander.wine\/fr\/wp-json\/wp\/v2\/media?parent=28286"}],"curies":[{"name":"wp","href":"https:\/\/api.w.org\/{rel}","templated":true}]}}