{"id":20696,"date":"2025-08-05T12:41:54","date_gmt":"2025-08-05T12:41:54","guid":{"rendered":"https:\/\/maylander.wine\/cadeaux\/"},"modified":"2026-03-31T16:47:14","modified_gmt":"2026-03-31T16:47:14","slug":"cadeaux","status":"publish","type":"page","link":"https:\/\/maylander.wine\/fr\/cadeaux\/","title":{"rendered":"Cadeaux"},"content":{"rendered":"\t\t<div data-elementor-type=\"wp-page\" data-elementor-id=\"20696\" class=\"elementor elementor-20696 elementor-20685\" data-elementor-post-type=\"page\">\n\t\t\t\t\t\t<section class=\"elementor-section elementor-top-section elementor-element elementor-element-66fdc81c elementor-section-height-min-height elementor-section-full_width elementor-section-height-default elementor-section-items-middle\" data-id=\"66fdc81c\" data-element_type=\"section\" data-e-type=\"section\" data-settings=\"{&quot;background_background&quot;:&quot;classic&quot;}\">\n\t\t\t\t\t\t<div class=\"elementor-container elementor-column-gap-no\">\n\t\t\t\t\t<div class=\"elementor-column elementor-col-100 elementor-top-column elementor-element elementor-element-51c0b158\" data-id=\"51c0b158\" data-element_type=\"column\" data-e-type=\"column\">\n\t\t\t<div class=\"elementor-widget-wrap elementor-element-populated\">\n\t\t\t\t\t\t<section class=\"elementor-section elementor-inner-section elementor-element elementor-element-7f4c72df elementor-section-boxed elementor-section-height-default elementor-section-height-default\" data-id=\"7f4c72df\" data-element_type=\"section\" data-e-type=\"section\">\n\t\t\t\t\t\t<div class=\"elementor-container elementor-column-gap-default\">\n\t\t\t\t\t<div class=\"elementor-column elementor-col-100 elementor-inner-column elementor-element elementor-element-23c9823c\" data-id=\"23c9823c\" data-element_type=\"column\" data-e-type=\"column\" data-settings=\"{&quot;background_background&quot;:&quot;classic&quot;}\">\n\t\t\t<div class=\"elementor-widget-wrap elementor-element-populated\">\n\t\t\t\t\t\t<div class=\"elementor-element elementor-element-7645dc85 elementor-widget elementor-widget-heading\" data-id=\"7645dc85\" data-element_type=\"widget\" data-e-type=\"widget\" data-widget_type=\"heading.default\">\n\t\t\t\t\t<h2 class=\"elementor-heading-title elementor-size-default\">Offrez un cadeau qu'ils n'oublieront jamais<\/h2>\t\t\t\t<\/div>\n\t\t\t\t<div class=\"elementor-element elementor-element-61975fe4 elementor-widget elementor-widget-heading\" data-id=\"61975fe4\" data-element_type=\"widget\" data-e-type=\"widget\" data-widget_type=\"heading.default\">\n\t\t\t\t\t<h2 class=\"elementor-heading-title elementor-size-default\">Explorez notre collection de cadeaux Mayl\u00e4nder Wine - parfaits pour cette personne sp\u00e9ciale, qu'elle aime le sport automobile, le bon vin ou les deux. Des coffrets de demi-bouteilles Duo et Trio aux cartes-cadeaux Mayl\u00e4nder, chaque option est con\u00e7ue pour convenir \u00e0 toutes les occasions, de No\u00ebl et la f\u00eate des p\u00e8res aux anniversaires et c\u00e9l\u00e9brations en tout genre. Pr\u00e9sent\u00e9 avec soin et facile \u00e0 offrir, chaque cadeau partage un sens de la pr\u00e9cision, de l'h\u00e9ritage et du luxe - livr\u00e9 directement \u00e0 leur porte.  <\/h2>\t\t\t\t<\/div>\n\t\t\t\t\t<\/div>\n\t\t<\/div>\n\t\t\t\t\t<\/div>\n\t\t<\/section>\n\t\t\t\t\t<\/div>\n\t\t<\/div>\n\t\t\t\t\t<\/div>\n\t\t<\/section>\n\t\t<div class=\"elementor-element elementor-element-327495b2 e-flex e-con-boxed e-con e-parent\" data-id=\"327495b2\" data-element_type=\"container\" data-e-type=\"container\">\n\t\t\t\t\t<div class=\"e-con-inner\">\n\t\t<div class=\"elementor-element elementor-element-7c788fd7 e-con-full e-flex e-con e-child\" data-id=\"7c788fd7\" data-element_type=\"container\" data-e-type=\"container\">\n\t\t\t\t<div class=\"elementor-element elementor-element-2845215 elementor-widget elementor-widget-woocommerce-breadcrumb\" data-id=\"2845215\" data-element_type=\"widget\" data-e-type=\"widget\" data-widget_type=\"woocommerce-breadcrumb.default\">\n\t\t\t\t\t<nav class=\"woocommerce-breadcrumb\" aria-label=\"Breadcrumb\">Accueil<\/nav>\t\t\t\t<\/div>\n\t\t\t\t<\/div>\n\t\t\t\t\t<\/div>\n\t\t\t\t<\/div>\n\t\t<div class=\"elementor-element elementor-element-19b850e4 e-con-full e-flex e-con e-parent\" data-id=\"19b850e4\" data-element_type=\"container\" data-e-type=\"container\">\n\t\t\t\t<div class=\"elementor-element elementor-element-18677f66 elementor-product-loop-item--align-center elementor-grid-mobile-2 elementor-grid-4 elementor-grid-tablet-3 elementor-products-grid elementor-wc-products elementor-widget elementor-widget-woocommerce-products\" data-id=\"18677f66\" data-element_type=\"widget\" data-e-type=\"widget\" data-widget_type=\"woocommerce-products.default\">\n\t\t\t\t<div class=\"elementor-widget-container\">\n\t\t\t\t\t<div class=\"woocommerce columns-4 \"><ul class=\"products elementor-grid columns-4\">\n<li class=\"product type-product post-28071 status-publish first instock product_cat-cadeaux product_cat-carte-cadeau has-post-thumbnail shipping-taxable purchasable product-type-variable\">\n\t<a href=\"https:\/\/maylander.wine\/fr\/shop\/carte-cadeau\/\" class=\"woocommerce-LoopProduct-link woocommerce-loop-product__link\"><img fetchpriority=\"high\" decoding=\"async\" width=\"680\" height=\"680\" src=\"https:\/\/maylander.wine\/wp-content\/uploads\/2026\/03\/Gift-Card.jpg\" class=\"attachment-woocommerce_thumbnail size-woocommerce_thumbnail\" alt=\"Carte cadeau\" \/><h2 class=\"woocommerce-loop-product__title\">Carte cadeau<\/h2>\n\t<span class=\"price\"><span class=\"wcpbc-price wcpbc-price-28071\" data-product-id=\"28071\"><span class=\"woocommerce-Price-amount amount\" aria-hidden=\"true\"><bdi><span class=\"woocommerce-Price-currencySymbol\">&pound;<\/span>50.00<\/bdi><\/span> <span aria-hidden=\"true\">\u00a0\u2013\u00a0<\/span> <span class=\"woocommerce-Price-amount amount\" aria-hidden=\"true\"><bdi><span class=\"woocommerce-Price-currencySymbol\">&pound;<\/span>250.00<\/bdi><\/span><span class=\"screen-reader-text\">Plage de prix\u00a0: &pound;50.00 \u00e0 &pound;250.00<\/span><\/span><\/span>\n<\/a><a href=\"#\" class=\"button ml-notify-btn ml-region-cta\" data-ml-popup=\"23747\" data-ml-product=\"28071\" data-ml-title=\"Carte cadeau\" aria-haspopup=\"dialog\" role=\"button\" rel=\"nofollow\">Notifier la disponibilit\u00e9 dans votre pays<\/a>\t<span id=\"woocommerce_loop_add_to_cart_link_describedby_28071\" class=\"screen-reader-text\">\n\t\tCe produit a plusieurs variations. Les options peuvent \u00eatre choisies sur la page du produit\t<\/span>\n\t\t\t<input type=\"hidden\" class=\"pmwProductId\" data-id=\"28071\">\n\t\t\t\t\t<script data-cfasync=\"false\">\n\t\t\t(window.pmwDataLayer = window.pmwDataLayer || {}).products                = window.pmwDataLayer.products || {};\n\t\t\twindow.pmwDataLayer.products[28071] = {\"id\":\"28071\",\"sku\":\"\",\"price\":50,\"brand\":\"\",\"quantity\":1,\"dyn_r_ids\":{\"post_id\":\"28071\",\"sku\":28071,\"gpf\":\"woocommerce_gpf_28071\",\"gla\":\"gla_28071\"},\"is_variable\":true,\"type\":\"variable\",\"name\":\"Carte cadeau\",\"category\":[\"Cadeaux\",\"Carte cadeau\"],\"is_variation\":false};\n\t\t\t\t\twindow.pmw_product_position = window.pmw_product_position || 1;\n\t\twindow.pmwDataLayer.products[28071]['position'] = window.pmw_product_position++;\n\t\t\t\t<\/script>\n\t\t<\/li>\n<li class=\"product type-product post-24886 status-publish instock product_cat-cadeaux product_cat-le-vin product_cat-rose-wine-fr product_cat-vin-blanc product_cat-vin-rouge product_tag-riesling-fr product_tag-vin-blanc has-post-thumbnail purchasable product-type-simple\">\n\t<a href=\"https:\/\/maylander.wine\/fr\/shop\/maylander-wine-demi-bouteille-set-cadeau-festif-de-vacances-copy\/\" class=\"woocommerce-LoopProduct-link woocommerce-loop-product__link\"><img decoding=\"async\" width=\"900\" height=\"900\" src=\"https:\/\/maylander.wine\/wp-content\/uploads\/2025\/12\/Maylander-Duo-Gift-Set-face-on.jpg\" class=\"attachment-woocommerce_thumbnail size-woocommerce_thumbnail\" alt=\"Mayl\u00e4nder Wine Half Bottle Duo-Gift-Set\" \/><h2 class=\"woocommerce-loop-product__title\">Coffret demi-bouteille Duo (2x375ml)<\/h2>\n\t<span class=\"price\"><span class=\"wcpbc-price wcpbc-price-24886\" data-product-id=\"24886\"><span class=\"woocommerce-Price-amount amount\"><bdi><span class=\"woocommerce-Price-currencySymbol\">&pound;<\/span>38.00<\/bdi><\/span><\/span><\/span>\n<\/a><a href=\"#\" class=\"button ml-notify-btn ml-region-cta\" data-ml-popup=\"23747\" data-ml-product=\"24886\" data-ml-title=\"Coffret demi-bouteille Duo (2x375ml)\" aria-haspopup=\"dialog\" role=\"button\" rel=\"nofollow\">Notifier la disponibilit\u00e9 dans votre pays<\/a>\t<span id=\"woocommerce_loop_add_to_cart_link_describedby_24886\" class=\"screen-reader-text\">\n\t\t\t<\/span>\n\t\t\t<input type=\"hidden\" class=\"pmwProductId\" data-id=\"24886\">\n\t\t\t\t\t<script data-cfasync=\"false\">\n\t\t\t(window.pmwDataLayer = window.pmwDataLayer || {}).products                = window.pmwDataLayer.products || {};\n\t\t\twindow.pmwDataLayer.products[24886] = {\"id\":\"24886\",\"sku\":\"570 27 25-3-1-1\",\"price\":38,\"brand\":\"\",\"quantity\":1,\"dyn_r_ids\":{\"post_id\":\"24886\",\"sku\":\"570 27 25-3-1-1\",\"gpf\":\"woocommerce_gpf_24886\",\"gla\":\"gla_24886\"},\"is_variable\":false,\"type\":\"simple\",\"name\":\"Coffret demi-bouteille Duo (2x375ml)\",\"category\":[\"Cadeaux\",\"Le vin\",\"Ros\u00e9 WIne\",\"Vin blanc\",\"Vin rouge\"],\"is_variation\":false};\n\t\t\t\t\twindow.pmw_product_position = window.pmw_product_position || 1;\n\t\twindow.pmwDataLayer.products[24886]['position'] = window.pmw_product_position++;\n\t\t\t\t<\/script>\n\t\t<\/li>\n<li class=\"product type-product post-24602 status-publish instock product_cat-cadeaux product_cat-le-vin product_cat-rose-wine-fr product_cat-vin-blanc product_cat-vin-rouge product_tag-riesling-fr product_tag-vin-blanc has-post-thumbnail sale purchasable product-type-simple\">\n\t<a href=\"https:\/\/maylander.wine\/fr\/shop\/3-demi-bouteilles-de-riesling-maylander-2024-375ml-copy-2\/\" class=\"woocommerce-LoopProduct-link woocommerce-loop-product__link\">\n\t<span class=\"onsale\">Promo\u00a0!<\/span>\n\t<img decoding=\"async\" width=\"900\" height=\"900\" src=\"https:\/\/maylander.wine\/wp-content\/uploads\/2025\/11\/Maylander-Trio-GIft-Set-slight-left-side-P1060564-1.jpg\" class=\"attachment-woocommerce_thumbnail size-woocommerce_thumbnail\" alt=\"Coffret Mayl\u00e4nder Trio\" \/><h2 class=\"woocommerce-loop-product__title\">Coffret demi-bouteille &#8211; Trio (3 \u00d7 375 ml)<\/h2>\n\t<span class=\"price\"><span class=\"wcpbc-price wcpbc-price-24602\" data-product-id=\"24602\"><del aria-hidden=\"true\"><span class=\"woocommerce-Price-amount amount\"><bdi><span class=\"woocommerce-Price-currencySymbol\">&pound;<\/span>54.00<\/bdi><\/span><\/del> <span class=\"screen-reader-text\">Le prix initial \u00e9tait\u00a0: &pound;54.00.<\/span><ins aria-hidden=\"true\"><span class=\"woocommerce-Price-amount amount\"><bdi><span class=\"woocommerce-Price-currencySymbol\">&pound;<\/span>49.00<\/bdi><\/span><\/ins><span class=\"screen-reader-text\">Le prix actuel est\u00a0: &pound;49.00.<\/span><\/span><\/span>\n<\/a><a href=\"#\" class=\"button ml-notify-btn ml-region-cta\" data-ml-popup=\"23747\" data-ml-product=\"24602\" data-ml-title=\"Coffret demi-bouteille - Trio (3 \u00d7 375 ml)\" aria-haspopup=\"dialog\" role=\"button\" rel=\"nofollow\">Notifier la disponibilit\u00e9 dans votre pays<\/a>\t<span id=\"woocommerce_loop_add_to_cart_link_describedby_24602\" class=\"screen-reader-text\">\n\t\t\t<\/span>\n\t\t\t<input type=\"hidden\" class=\"pmwProductId\" data-id=\"24602\">\n\t\t\t\t\t<script data-cfasync=\"false\">\n\t\t\t(window.pmwDataLayer = window.pmwDataLayer || {}).products                = window.pmwDataLayer.products || {};\n\t\t\twindow.pmwDataLayer.products[24602] = {\"id\":\"24602\",\"sku\":\"570 27 25-3-1\",\"price\":49,\"brand\":\"\",\"quantity\":1,\"dyn_r_ids\":{\"post_id\":\"24602\",\"sku\":\"570 27 25-3-1\",\"gpf\":\"woocommerce_gpf_24602\",\"gla\":\"gla_24602\"},\"is_variable\":false,\"type\":\"simple\",\"name\":\"Coffret demi-bouteille - Trio (3 \u00d7 375 ml)\",\"category\":[\"Cadeaux\",\"Le vin\",\"Ros\u00e9 WIne\",\"Vin blanc\",\"Vin rouge\"],\"is_variation\":false};\n\t\t\t\t\twindow.pmw_product_position = window.pmw_product_position || 1;\n\t\twindow.pmwDataLayer.products[24602]['position'] = window.pmw_product_position++;\n\t\t\t\t<\/script>\n\t\t<\/li>\n<\/ul>\n<\/div>\t\t\t\t<\/div>\n\t\t\t\t<\/div>\n\t\t\t\t<\/div>\n\t\t\t\t<\/div>\n\t\t","protected":false},"excerpt":{"rendered":"<p>Explorez notre collection de cadeaux Mayl\u00e4nder Wine, parfaits pour cette personne sp\u00e9ciale dans votre vie, qu&rsquo;elle aime le sport automobile ou le bon vin. Nous vous proposons une gamme de coffrets cadeaux qui ne manqueront pas d&rsquo;impressionner lors d&rsquo;occasions sp\u00e9ciales telles que la f\u00eate des p\u00e8res, la f\u00eate des m\u00e8res, les anniversaires ou les f\u00eates de fin d&rsquo;ann\u00e9e. Ne cherchez plus \u00e0 savoir quoi acheter \u00e0 votre ami ou \u00e0 votre proche et offrez-lui le cadeau de la passion, de l&rsquo;h\u00e9ritage et du luxe, livr\u00e9 directement \u00e0 sa porte.<\/p>\n","protected":false},"author":1,"featured_media":19817,"parent":0,"menu_order":0,"comment_status":"closed","ping_status":"closed","template":"","meta":{"footnotes":""},"class_list":["post-20696","page","type-page","status-publish","has-post-thumbnail","hentry"],"_links":{"self":[{"href":"https:\/\/maylander.wine\/fr\/wp-json\/wp\/v2\/pages\/20696","targetHints":{"allow":["GET"]}}],"collection":[{"href":"https:\/\/maylander.wine\/fr\/wp-json\/wp\/v2\/pages"}],"about":[{"href":"https:\/\/maylander.wine\/fr\/wp-json\/wp\/v2\/types\/page"}],"author":[{"embeddable":true,"href":"https:\/\/maylander.wine\/fr\/wp-json\/wp\/v2\/users\/1"}],"replies":[{"embeddable":true,"href":"https:\/\/maylander.wine\/fr\/wp-json\/wp\/v2\/comments?post=20696"}],"version-history":[{"count":0,"href":"https:\/\/maylander.wine\/fr\/wp-json\/wp\/v2\/pages\/20696\/revisions"}],"wp:featuredmedia":[{"embeddable":true,"href":"https:\/\/maylander.wine\/fr\/wp-json\/wp\/v2\/media\/19817"}],"wp:attachment":[{"href":"https:\/\/maylander.wine\/fr\/wp-json\/wp\/v2\/media?parent=20696"}],"curies":[{"name":"wp","href":"https:\/\/api.w.org\/{rel}","templated":true}]}}