{"id":18635,"date":"2025-03-03T14:17:55","date_gmt":"2025-03-03T14:17:55","guid":{"rendered":"https:\/\/maylander.wine\/diligence-raisonnable\/"},"modified":"2025-05-23T14:48:16","modified_gmt":"2025-05-23T14:48:16","slug":"diligence-raisonnable","status":"publish","type":"page","link":"https:\/\/maylander.wine\/fr\/diligence-raisonnable\/","title":{"rendered":"diligence raisonnable"},"content":{"rendered":"\t\t<div data-elementor-type=\"wp-page\" data-elementor-id=\"18635\" class=\"elementor elementor-18635 elementor-1179\" data-elementor-post-type=\"page\">\n\t\t\t\t<div class=\"elementor-element elementor-element-1c318d8a e-flex e-con-boxed e-con e-parent\" data-id=\"1c318d8a\" data-element_type=\"container\" data-e-type=\"container\">\n\t\t\t\t\t<div class=\"e-con-inner\">\n\t\t\t\t<div class=\"elementor-element elementor-element-ac79391 elementor-widget elementor-widget-heading\" data-id=\"ac79391\" data-element_type=\"widget\" data-e-type=\"widget\" data-widget_type=\"heading.default\">\n\t\t\t\t\t<h3 class=\"elementor-heading-title elementor-size-default\">Politique de diligence raisonnable<\/h3>\t\t\t\t<\/div>\n\t\t\t\t<div class=\"elementor-element elementor-element-d0ccae8 elementor-widget elementor-widget-text-editor\" data-id=\"d0ccae8\" data-element_type=\"widget\" data-e-type=\"widget\" data-widget_type=\"text-editor.default\">\n\t\t\t\t\t\t\t\t\t<p data-start=\"301\" data-end=\"432\"><strong data-start=\"301\" data-end=\"324\">Box Box Box Limited<\/strong> effectue tous les contr\u00f4les de diligence raisonnable conform\u00e9ment au <strong data-start=\"382\" data-end=\"431\">syst\u00e8me d&rsquo;enregistrement des grossistes en alcool (Alcohol Wholesaler Registration Scheme &#8211; AWRS).<\/strong><\/p><p data-start=\"434\" data-end=\"533\">Nous sommes enregistr\u00e9s sous ce r\u00e9gime et notre num\u00e9ro de r\u00e9f\u00e9rence unique AWRS est le suivant :<br data-start=\"511\" data-end=\"514\"> XCAW00000121958.<\/p><p data-start=\"535\" data-end=\"755\">Pour plus d&rsquo;informations, veuillez consulter le guide officiel du gouvernement britannique :<br data-start=\"606\" data-end=\"609\"><a class=\"\" href=\"https:\/\/www.gov.uk\/guidance\/the-alcohol-wholesaler-registration-scheme-awrs\" target=\"_new\" rel=\"noopener\" data-start=\"609\" data-end=\"755\">www.gov.uk\/guidance\/the-alcohol-wholesaler-registration-scheme-awrs<\/a><\/p>\t\t\t\t\t\t\t\t<\/div>\n\t\t\t\t<div class=\"elementor-element elementor-element-e34a069 elementor-widget elementor-widget-text-editor\" data-id=\"e34a069\" data-element_type=\"widget\" data-e-type=\"widget\" data-widget_type=\"text-editor.default\">\n\t\t\t\t\t\t\t\t\t<h5 data-start=\"762\" data-end=\"797\">Cha\u00eene d&rsquo;approvisionnement et conformit\u00e9<\/h5><p data-start=\"799\" data-end=\"949\">Conform\u00e9ment \u00e0 ces orientations et \u00e0 notre engagement \u00e0 lutter contre la fraude \u00e0 l&rsquo;alcool, <strong data-start=\"877\" data-end=\"900\">Box Box Box Limited<\/strong> effectue des v\u00e9rifications raisonnables et proportionn\u00e9es :<\/p><ul data-start=\"951\" data-end=\"1085\"><li data-start=\"951\" data-end=\"986\"><p data-start=\"953\" data-end=\"986\">Fournisseurs de produits alcoolis\u00e9s<\/p><\/li><li data-start=\"987\" data-end=\"1010\"><p data-start=\"989\" data-end=\"1010\">Clients en gros<\/p><\/li><li data-start=\"1011\" data-end=\"1085\"><p data-start=\"1013\" data-end=\"1085\">Entreprises de transport et de logistique charg\u00e9es de la distribution de marchandises<\/p><\/li><\/ul><p data-start=\"1087\" data-end=\"1264\">Nous proc\u00e9dons \u00e0 des examens r\u00e9guliers de l&rsquo;ensemble de notre cha\u00eene d&rsquo;approvisionnement et demandons \u00e0 tous nos partenaires commerciaux de nous informer de tout changement concernant des informations commerciales cl\u00e9s, y compris, mais sans s&rsquo;y limiter :<\/p><ul data-start=\"1266\" data-end=\"1467\"><li data-start=\"1266\" data-end=\"1302\"><p data-start=\"1268\" data-end=\"1302\">Structure de l&rsquo;entreprise et propri\u00e9t\u00e9<\/p><\/li><li data-start=\"1303\" data-end=\"1339\"><p data-start=\"1305\" data-end=\"1339\">Adresse du si\u00e8ge social et adresse commerciale<\/p><\/li><li data-start=\"1340\" data-end=\"1377\"><p data-start=\"1342\" data-end=\"1377\">Site web et coordonn\u00e9es \u00e9lectroniques<\/p><\/li><li data-start=\"1378\" data-end=\"1401\"><p data-start=\"1380\" data-end=\"1401\">Informations bancaires<\/p><\/li><li data-start=\"1402\" data-end=\"1430\"><p data-start=\"1404\" data-end=\"1430\">Num\u00e9ro d&rsquo;immatriculation \u00e0 la TVA<\/p><\/li><li data-start=\"1431\" data-end=\"1446\"><p data-start=\"1433\" data-end=\"1446\">Statut AWRS<\/p><\/li><li data-start=\"1447\" data-end=\"1467\"><p data-start=\"1449\" data-end=\"1467\">R\u00e9f\u00e9rences commerciales<\/p><\/li><\/ul>\t\t\t\t\t\t\t\t<\/div>\n\t\t\t\t<div class=\"elementor-element elementor-element-e93fe9c elementor-widget elementor-widget-text-editor\" data-id=\"e93fe9c\" data-element_type=\"widget\" data-e-type=\"widget\" data-widget_type=\"text-editor.default\">\n\t\t\t\t\t\t\t\t\t<h5 data-start=\"1474\" data-end=\"1516\">Contr\u00f4les et documentation pr\u00e9alables \u00e0 la transaction<\/h5><p data-start=\"1518\" data-end=\"1766\">Avant d&rsquo;entamer toute transaction, nous pouvons demander \u00e0 des partenaires potentiels de remplir un formulaire de demande de transaction et de fournir leur propre politique et proc\u00e9dures de diligence raisonnable. Toutes les informations fournies sur les entreprises sont soumises \u00e0 une v\u00e9rification sur la base d&rsquo;une <strong data-start=\"1742\" data-end=\"1765\">\u00e9valuation des risques<\/strong>. <\/p><p data-start=\"1768\" data-end=\"1780\">Veuillez noter :<\/p><ul data-start=\"1781\" data-end=\"2014\"><li data-start=\"1781\" data-end=\"1852\"><p data-start=\"1783\" data-end=\"1852\">Tous les contr\u00f4les doivent \u00eatre effectu\u00e9s et approuv\u00e9s <strong data-start=\"1825\" data-end=\"1850\">avant le d\u00e9but des \u00e9changes.<\/strong><\/p><\/li><li data-start=\"1853\" data-end=\"1946\"><p data-start=\"1855\" data-end=\"1946\">Nous <strong data-start=\"1858\" data-end=\"1900\">n&rsquo;acceptons que les paiements par virement bancaire<\/strong> &#8211; les transactions en esp\u00e8ces sont strictement interdites.<\/p><\/li><li data-start=\"1947\" data-end=\"2014\"><p data-start=\"1949\" data-end=\"2014\">Une piste d&rsquo;audit num\u00e9rique est requise pour toutes les transactions commerciales.<\/p><\/li><\/ul>\t\t\t\t\t\t\t\t<\/div>\n\t\t\t\t<div class=\"elementor-element elementor-element-fe6e6c0 elementor-widget elementor-widget-text-editor\" data-id=\"fe6e6c0\" data-element_type=\"widget\" data-e-type=\"widget\" data-widget_type=\"text-editor.default\">\n\t\t\t\t\t\t\t\t\t<h5 data-start=\"2021\" data-end=\"2056\">S\u00e9curit\u00e9 des donn\u00e9es et rapports<\/h5><p data-start=\"2058\" data-end=\"2298\">Tous les dossiers sont conserv\u00e9s dans des formats num\u00e9riques s\u00e9curis\u00e9s, crypt\u00e9s et prot\u00e9g\u00e9s par des syst\u00e8mes de pare-feu, conform\u00e9ment aux normes de s\u00e9curit\u00e9 des donn\u00e9es. Nous attendons de nos partenaires qu&rsquo;ils respectent des normes similaires lorsqu&rsquo;ils traitent des informations sensibles de l&rsquo;entreprise. <\/p><p data-start=\"2300\" data-end=\"2427\">Nous nous r\u00e9servons le droit de signaler sans d\u00e9lai tout comportement suspect ou tout manquement aux autorit\u00e9s r\u00e9glementaires comp\u00e9tentes.<\/p>\t\t\t\t\t\t\t\t<\/div>\n\t\t\t\t<div class=\"elementor-element elementor-element-3d03fdc elementor-widget elementor-widget-text-editor\" data-id=\"3d03fdc\" data-element_type=\"widget\" data-e-type=\"widget\" data-widget_type=\"text-editor.default\">\n\t\t\t\t\t\t\t\t\t<h5 data-start=\"2434\" data-end=\"2461\">Informations sur le contact<\/h5><p data-start=\"2463\" data-end=\"2543\"><strong data-start=\"2463\" data-end=\"2486\">Box Box Box Limited<\/strong><br data-start=\"2486\" data-end=\"2489\">10-12 Alder Hills<br data-start=\"2506\" data-end=\"2509\">Poole, BH12 4AL<br data-start=\"2524\" data-end=\"2527\">Royaume-Uni<\/p><p data-start=\"2545\" data-end=\"2636\">\ud83d\udcde Tel : 01202 413610 ext. 115<br data-start=\"2574\" data-end=\"2577\">\ud83d\udce7 Email : <a class=\"cursor-pointer\" href=\"mailto:info@maylander.wine\" rel=\"noopener\" data-start=\"2587\" data-end=\"2636\">info@maylander.wine<\/a><\/p>\t\t\t\t\t\t\t\t<\/div>\n\t\t\t\t\t<\/div>\n\t\t\t\t<\/div>\n\t\t\t\t<\/div>\n\t\t","protected":false},"excerpt":{"rendered":"<p>Des contr\u00f4les sont effectu\u00e9s, conform\u00e9ment au syst\u00e8me d&rsquo;enregistrement des grossistes en alcool (Alcohol Wholesaler Registration Scheme &#8211; AWRS), aupr\u00e8s de ses fournisseurs de produits alcoolis\u00e9s, de ses clients grossistes et des soci\u00e9t\u00e9s de transport engag\u00e9es par l&rsquo;entreprise pour distribuer lesdits produits.<\/p>\n","protected":false},"author":1,"featured_media":0,"parent":0,"menu_order":0,"comment_status":"closed","ping_status":"closed","template":"","meta":{"footnotes":""},"class_list":["post-18635","page","type-page","status-publish","hentry"],"_links":{"self":[{"href":"https:\/\/maylander.wine\/fr\/wp-json\/wp\/v2\/pages\/18635","targetHints":{"allow":["GET"]}}],"collection":[{"href":"https:\/\/maylander.wine\/fr\/wp-json\/wp\/v2\/pages"}],"about":[{"href":"https:\/\/maylander.wine\/fr\/wp-json\/wp\/v2\/types\/page"}],"author":[{"embeddable":true,"href":"https:\/\/maylander.wine\/fr\/wp-json\/wp\/v2\/users\/1"}],"replies":[{"embeddable":true,"href":"https:\/\/maylander.wine\/fr\/wp-json\/wp\/v2\/comments?post=18635"}],"version-history":[{"count":0,"href":"https:\/\/maylander.wine\/fr\/wp-json\/wp\/v2\/pages\/18635\/revisions"}],"wp:attachment":[{"href":"https:\/\/maylander.wine\/fr\/wp-json\/wp\/v2\/media?parent=18635"}],"curies":[{"name":"wp","href":"https:\/\/api.w.org\/{rel}","templated":true}]}}