{"id":18580,"date":"2025-03-03T14:17:30","date_gmt":"2025-03-03T14:17:30","guid":{"rendered":"https:\/\/maylander.wine\/conditions-generales-dutilisation\/"},"modified":"2025-07-18T07:07:53","modified_gmt":"2025-07-18T07:07:53","slug":"conditions-generales-dutilisation","status":"publish","type":"page","link":"https:\/\/maylander.wine\/fr\/conditions-generales-dutilisation\/","title":{"rendered":"Conditions g\u00e9n\u00e9rales d&rsquo;utilisation"},"content":{"rendered":"\t\t<div data-elementor-type=\"wp-page\" data-elementor-id=\"18580\" class=\"elementor elementor-18580 elementor-108\">\n\t\t\t\t<div class=\"elementor-element elementor-element-1c318d8a e-flex e-con-boxed e-con e-parent\" data-id=\"1c318d8a\" data-element_type=\"container\" data-e-type=\"container\">\n\t\t\t\t\t<div class=\"e-con-inner\">\n\t\t\t\t<div class=\"elementor-element elementor-element-4cafc697 elementor-widget elementor-widget-text-editor\" data-id=\"4cafc697\" data-element_type=\"widget\" data-e-type=\"widget\" data-widget_type=\"text-editor.default\">\n\t\t\t\t\t\t\t\t\t<p><span style=\"font-family: arial, helvetica, sans-serif;\"><strong>CONDITIONS G\u00c9N\u00c9RALES<\/strong><\/span><\/p>\n<h3><span style=\"font-family: arial, helvetica, sans-serif;\">Conditions d&rsquo;utilisation du site web<\/span><\/h3>\n<p><span style=\"font-family: arial, helvetica, sans-serif;\">Ces termes et conditions s&rsquo;appliquent entre vous, l&rsquo;utilisateur de ce site Web, et Mayl\u00e4nder Wine, le propri\u00e9taire et l&rsquo;op\u00e9rateur de ce site Web. En utilisant notre site, vous indiquez que vous acceptez ces conditions d&rsquo;utilisation et que vous vous engagez \u00e0 les respecter. Si vous n&rsquo;acceptez pas ces conditions, veuillez vous abstenir d&rsquo;utiliser notre site.  <\/span><\/p>\n<p><span style=\"font-family: arial, helvetica, sans-serif;\">Vous devez \u00eatre \u00e2g\u00e9 d&rsquo;au moins 18 ans pour utiliser ce site web. En utilisant le site web et en acceptant les pr\u00e9sentes conditions g\u00e9n\u00e9rales, vous confirmez que vous avez au moins 18 ans. <\/span><\/p>\n<hr>\n<h3><span style=\"font-family: arial, helvetica, sans-serif;\">Propri\u00e9t\u00e9 intellectuelle et utilisation acceptable<\/span><\/h3>\n<p><span style=\"font-family: arial, helvetica, sans-serif;\">Tout le contenu du site Web est la propri\u00e9t\u00e9 de Mayl\u00e4nder Wine, de nos affili\u00e9s ou de tiers concern\u00e9s. En continuant \u00e0 utiliser le site Web, vous reconnaissez que ce contenu est prot\u00e9g\u00e9 par des droits d&rsquo;auteur, des marques, des droits de base de donn\u00e9es et d&rsquo;autres lois sur la propri\u00e9t\u00e9 intellectuelle. <\/span><\/p>\n<p><span style=\"font-family: arial, helvetica, sans-serif;\">Vous ne pouvez pas utiliser le site web \u00e0 des fins nuisibles, ill\u00e9gales, abusives, harcelantes, mena\u00e7antes ou autrement r\u00e9pr\u00e9hensibles, ou en violation de toute loi ou r\u00e9glementation applicable.<\/span><\/p>\n<hr>\n<h3><span style=\"font-family: arial, helvetica, sans-serif;\">Inscription, mot de passe et s\u00e9curit\u00e9<\/span><\/h3>\n<p><span style=\"font-family: arial, helvetica, sans-serif;\">Vous devez vous assurer que les informations fournies lors de l&rsquo;inscription sont correctes et compl\u00e8tes.<\/span><\/p>\n<p><span style=\"font-family: arial, helvetica, sans-serif;\">Vous pouvez annuler votre inscription \u00e0 tout moment en nous \u00e9crivant \u00e0 l&rsquo;adresse suivante <strong><a href=\"mailto:info@maylander.wine\">info@maylander.wine<\/a><\/strong>.<\/span><\/p>\n<p><span style=\"font-family: arial, helvetica, sans-serif;\">Lorsque vous vous inscrivez sur ce site web, il vous est demand\u00e9 de cr\u00e9er un mot de passe, qui doit rester confidentiel. Si nous soup\u00e7onnons une utilisation abusive du site web ou une violation de la s\u00e9curit\u00e9, nous pouvons vous demander de changer votre mot de passe ou suspendre votre compte. <\/span><\/p>\n<hr>\n<h3><span style=\"font-family: arial, helvetica, sans-serif;\">D\u00e9lais d&rsquo;exp\u00e9dition<\/span><\/h3>\n<p><span style=\"font-family: arial, helvetica, sans-serif;\">Les commandes sont exp\u00e9di\u00e9es dans les 48 heures les jours ouvrables uniquement. Les livraisons peuvent \u00eatre effectu\u00e9es entre 10 heures et 22 heures, en fonction de la disponibilit\u00e9 des services de messagerie. Si un article est en rupture de stock, nous vous en informerons rapidement avec un d\u00e9lai estim\u00e9. Si vous souhaitez v\u00e9rifier les niveaux de stock avant de passer une commande, n&rsquo;h\u00e9sitez pas \u00e0 nous envoyer un courriel \u00e0 l&rsquo;adresse suivante <strong><a href=\"mailto:info@maylander.wine\">info@maylander.wine<\/a><\/strong>.   <\/span><\/p>\n<hr>\n<h3><span style=\"font-family: arial, helvetica, sans-serif;\">Frais de livraison<\/span><\/h3>\n<p><span style=\"font-family: arial, helvetica, sans-serif;\">Les frais de livraison indiqu\u00e9s sur le site Web couvrent la livraison standard par un service de messagerie d\u00e9sign\u00e9. Si vous avez besoin de services de livraison sp\u00e9ciaux, veuillez nous contacter pour obtenir un devis adapt\u00e9 \u00e0 vos besoins. <\/span><\/p>\n<hr>\n<h3><span style=\"font-family: arial, helvetica, sans-serif;\">Paiements<\/span><\/h3>\n<p><span style=\"font-family: arial, helvetica, sans-serif;\">Les paiements pour les commandes pass\u00e9es sur notre site web sont effectu\u00e9s par carte de cr\u00e9dit ou de d\u00e9bit via notre serveur s\u00e9curis\u00e9. Les donn\u00e9es de votre carte sont crypt\u00e9es avant d&rsquo;\u00eatre transmises, ce qui garantit la protection totale de vos informations confidentielles. <\/span><\/p>\n<hr>\n<h3><span style=\"font-family: arial, helvetica, sans-serif;\">Politique de retour<\/span><\/h3>\n<p><span style=\"font-family: arial, helvetica, sans-serif;\">Mayl\u00e4nder Wine accepte les retours ou les remboursements dans les 14 jours suivant la r\u00e9ception, \u00e0 condition que les articles n&rsquo;aient pas \u00e9t\u00e9 utilis\u00e9s et qu&rsquo;ils aient \u00e9t\u00e9 envoy\u00e9s en port pay\u00e9 (le cas \u00e9ch\u00e9ant), accompagn\u00e9s de la facture et des d\u00e9tails de la raison du retour. Les remboursements seront effectu\u00e9s en utilisant la m\u00e9thode de paiement originale (par exemple, carte de cr\u00e9dit ou de d\u00e9bit). Veuillez noter que les frais d&rsquo;exp\u00e9dition ne sont pas remboursables, sauf si les marchandises ont \u00e9t\u00e9 jug\u00e9es d\u00e9fectueuses avant l&rsquo;exp\u00e9dition.  <\/span><\/p>\n<hr>\n<h3><span style=\"font-family: arial, helvetica, sans-serif;\">Marchandises endommag\u00e9es en cours de transport<\/span><\/h3>\n<p><span style=\"font-family: arial, helvetica, sans-serif;\">Bien que nous prenions grand soin de l&#8217;emballage de votre commande, nous ne sommes pas responsables des dommages survenus apr\u00e8s la remise des marchandises au transporteur. Si vous recevez des marchandises endommag\u00e9es, informez-nous imm\u00e9diatement et conservez tous les documents pertinents afin que nous puissions d\u00e9poser une demande d&rsquo;assurance aupr\u00e8s du transporteur. Si le colis semble endommag\u00e9 \u00e0 l&rsquo;arriv\u00e9e, veuillez le signaler lors de la signature du colis, m\u00eame avant de l&rsquo;ouvrir.  <\/span><\/p>\n<p><span style=\"font-family: arial, helvetica, sans-serif;\">Pour plus de d\u00e9tails, veuillez vous r\u00e9f\u00e9rer \u00e0 notre <a href=\"https:\/\/maylander.wine\/fr\/diligence-raisonnable\/\">politique de diligence raisonnable.<\/a><\/span><\/p>\t\t\t\t\t\t\t\t<\/div>\n\t\t\t\t\t<\/div>\n\t\t\t\t<\/div>\n\t\t\t\t<\/div>\n\t\t","protected":false},"excerpt":{"rendered":"<p>Ces termes et conditions s&rsquo;appliquent entre vous, l&rsquo;utilisateur de ce site Web, et Mayl\u00e4nder Wine, le propri\u00e9taire et l&rsquo;op\u00e9rateur de ce site Web. En utilisant notre site, vous indiquez que vous acceptez ces conditions d&rsquo;utilisation et que vous vous engagez \u00e0 les respecter. Si vous n&rsquo;acceptez pas ces conditions, veuillez vous abstenir d&rsquo;utiliser notre site.  <\/p>\n<p>Vous devez \u00eatre \u00e2g\u00e9 d&rsquo;au moins 18 ans pour utiliser ce site web. En utilisant le site web et en acceptant les pr\u00e9sentes conditions g\u00e9n\u00e9rales, vous confirmez que vous avez au moins 18 ans. <\/p>\n","protected":false},"author":1,"featured_media":0,"parent":0,"menu_order":0,"comment_status":"closed","ping_status":"closed","template":"","meta":{"footnotes":""},"class_list":["post-18580","page","type-page","status-publish","hentry"],"_links":{"self":[{"href":"https:\/\/maylander.wine\/fr\/wp-json\/wp\/v2\/pages\/18580","targetHints":{"allow":["GET"]}}],"collection":[{"href":"https:\/\/maylander.wine\/fr\/wp-json\/wp\/v2\/pages"}],"about":[{"href":"https:\/\/maylander.wine\/fr\/wp-json\/wp\/v2\/types\/page"}],"author":[{"embeddable":true,"href":"https:\/\/maylander.wine\/fr\/wp-json\/wp\/v2\/users\/1"}],"replies":[{"embeddable":true,"href":"https:\/\/maylander.wine\/fr\/wp-json\/wp\/v2\/comments?post=18580"}],"version-history":[{"count":0,"href":"https:\/\/maylander.wine\/fr\/wp-json\/wp\/v2\/pages\/18580\/revisions"}],"wp:attachment":[{"href":"https:\/\/maylander.wine\/fr\/wp-json\/wp\/v2\/media?parent=18580"}],"curies":[{"name":"wp","href":"https:\/\/api.w.org\/{rel}","templated":true}]}}