{"id":30511,"date":"2026-04-17T13:07:03","date_gmt":"2026-04-17T13:07:03","guid":{"rendered":"https:\/\/maylander.wine\/serie-paddock\/"},"modified":"2026-04-23T12:40:32","modified_gmt":"2026-04-23T12:40:32","slug":"serie-paddock","status":"publish","type":"page","link":"https:\/\/maylander.wine\/es\/serie-paddock\/","title":{"rendered":"Serie Paddock"},"content":{"rendered":"\t\t<div data-elementor-type=\"wp-page\" data-elementor-id=\"30511\" class=\"elementor elementor-30511 elementor-29802\" data-elementor-post-type=\"page\">\n\t\t\t\t<div class=\"elementor-element elementor-element-eeb3773 e-flex e-con-boxed e-con e-parent\" data-id=\"eeb3773\" data-element_type=\"container\" data-e-type=\"container\">\n\t\t\t\t\t<div class=\"e-con-inner\">\n\t\t\t\t<div class=\"elementor-element elementor-element-e4566de elementor-widget elementor-widget-heading\" data-id=\"e4566de\" data-element_type=\"widget\" data-e-type=\"widget\" data-widget_type=\"heading.default\">\n\t\t\t\t\t<h3 class=\"elementor-heading-title elementor-size-default\">Vinos Mayl\u00e4nder Serie Paddock<\/h3>\t\t\t\t<\/div>\n\t\t\t\t<div class=\"elementor-element elementor-element-3b838c7 elementor-widget elementor-widget-heading\" data-id=\"3b838c7\" data-element_type=\"widget\" data-e-type=\"widget\" data-widget_type=\"heading.default\">\n\t\t\t\t\t<h2 class=\"elementor-heading-title elementor-size-default\">La Serie Paddock es la colecci\u00f3n para mayoristas de Mayl\u00e4nder Wine, creada para eventos, hosteler\u00eda y entornos de gran energ\u00eda en los que el gran vino se une a los grandes momentos. Dise\u00f1ada para vinotecas, lugares relacionados con el automovilismo y reuniones de alto nivel, esta gama ofrece el mismo cuidado, procedencia y atenci\u00f3n al detalle que nuestra Serie Apex, pero a un precio adaptado al comercio. \n\nYa se sirva en la pista, en un restaurante bullicioso o en un evento privado, la Serie Paddock permite a los socios exhibir el Vino Mayl\u00e4nder con confianza, combinando calidad, consistencia y accesibilidad a escala.<\/h2>\t\t\t\t<\/div>\n\t\t\t\t\t<\/div>\n\t\t\t\t<\/div>\n\t\t<div class=\"elementor-element elementor-element-3f9cf626 e-con-full e-flex e-con e-parent\" data-id=\"3f9cf626\" data-element_type=\"container\" data-e-type=\"container\">\n\t\t\t\t<div class=\"woocommerce elementor-element elementor-element-86be436 elementor-grid-3 elementor-grid-tablet-2 elementor-grid-mobile-1 elementor-widget elementor-widget-loop-grid\" data-id=\"86be436\" data-element_type=\"widget\" data-e-type=\"widget\" data-settings=\"{&quot;_skin&quot;:&quot;product&quot;,&quot;template_id&quot;:31089,&quot;columns&quot;:&quot;3&quot;,&quot;columns_tablet&quot;:&quot;2&quot;,&quot;columns_mobile&quot;:&quot;1&quot;,&quot;edit_handle_selector&quot;:&quot;[data-elementor-type=\\&quot;loop-item\\&quot;]&quot;,&quot;row_gap&quot;:{&quot;unit&quot;:&quot;px&quot;,&quot;size&quot;:&quot;&quot;,&quot;sizes&quot;:[]},&quot;row_gap_tablet&quot;:{&quot;unit&quot;:&quot;px&quot;,&quot;size&quot;:&quot;&quot;,&quot;sizes&quot;:[]},&quot;row_gap_mobile&quot;:{&quot;unit&quot;:&quot;px&quot;,&quot;size&quot;:&quot;&quot;,&quot;sizes&quot;:[]}}\" data-widget_type=\"loop-grid.product\">\n\t\t\t\t<div class=\"elementor-widget-container\">\n\t\t\t\t\t\t\t<div class=\"elementor-loop-container elementor-grid\" role=\"list\">\n\t\t<style id=\"loop-31089\">.elementor-31089 .elementor-element.elementor-element-7cc90c5{--display:flex;--flex-direction:column;--container-widget-width:100%;--container-widget-height:initial;--container-widget-flex-grow:0;--container-widget-align-self:initial;--flex-wrap-mobile:wrap;--gap:0px 0px;--row-gap:0px;--column-gap:0px;--margin-top:0px;--margin-bottom:0px;--margin-left:0px;--margin-right:0px;--padding-top:0px;--padding-bottom:0px;--padding-left:0px;--padding-right:0px;}.elementor-31089 .elementor-element.elementor-element-4f42d9a{text-align:center;margin:0px 0px calc(var(--kit-widget-spacing, 0px) + 0px) 0px;padding:0px 0px 0px 0px;}.elementor-31089 .elementor-element.elementor-element-4f42d9a .elementor-heading-title{font-family:var( --e-global-typography-accent-font-family ), Sans-serif;font-weight:var( --e-global-typography-accent-font-weight );}.elementor-31089 .elementor-element.elementor-element-959710e{text-align:center;margin:0px 0px calc(var(--kit-widget-spacing, 0px) + 0px) 0px;padding:0px 0px 0px 0px;}.elementor-31089 .elementor-element.elementor-element-e729151{text-align:center;}<\/style>\t\t<div data-elementor-type=\"loop-item\" data-elementor-id=\"31089\" class=\"elementor elementor-31089 elementor-31072 elementor-31072 e-loop-item e-loop-item-30293 post-30293 product type-product status-publish has-post-thumbnail product_cat-serie-paddock first instock shipping-taxable product-type-simple\" data-elementor-post-type=\"elementor_library\" data-custom-edit-handle=\"1\">\n\t\t\t<div class=\"elementor-element elementor-element-7cc90c5 e-flex e-con-boxed e-con e-parent\" data-id=\"7cc90c5\" data-element_type=\"container\" data-e-type=\"container\">\n\t\t\t\t\t<div class=\"e-con-inner\">\n\t\t\t\t<div class=\"elementor-element elementor-element-70d6b8d elementor-widget elementor-widget-image\" data-id=\"70d6b8d\" data-element_type=\"widget\" data-e-type=\"widget\" data-widget_type=\"image.default\">\n\t\t\t\t\t\t\t\t\t\t\t\t\t\t\t<img fetchpriority=\"high\" decoding=\"async\" width=\"300\" height=\"300\" src=\"https:\/\/maylander.wine\/wp-content\/uploads\/2026\/04\/Paddock-Series-white.jpg\" class=\"attachment-medium size-medium wp-image-29816\" alt=\"Malet\u00edn Blanco Serie Paddock\" \/>\t\t\t\t\t\t\t\t\t\t\t\t\t\t\t<\/div>\n\t\t\t\t<div class=\"elementor-element elementor-element-4f42d9a elementor-widget elementor-widget-woocommerce-product-title elementor-page-title elementor-widget-heading\" data-id=\"4f42d9a\" data-element_type=\"widget\" data-e-type=\"widget\" data-widget_type=\"woocommerce-product-title.default\">\n\t\t\t\t\t<h4 class=\"product_title entry-title elementor-heading-title elementor-size-default\">Paddock Series Blanco &#8211; Estuche<\/h4>\t\t\t\t<\/div>\n\t\t\t\t<div class=\"elementor-element elementor-element-959710e elementor-widget elementor-widget-woocommerce-product-price\" data-id=\"959710e\" data-element_type=\"widget\" data-e-type=\"widget\" data-widget_type=\"woocommerce-product-price.default\">\n\t\t\t\t\t<p class=\"price\"><span class=\"wcpbc-price wcpbc-price-30293\" data-product-id=\"30293\"><\/span><\/p>\n\t\t\t\t<\/div>\n\t\t\t\t<div class=\"elementor-element elementor-element-e729151 elementor-widget elementor-widget-text-editor\" data-id=\"e729151\" data-element_type=\"widget\" data-e-type=\"widget\" data-widget_type=\"text-editor.default\">\n\t\t\t\t\t\t\t\t\t<p>Precios al por mayor por caja: <a href=\"https:\/\/maylander.wine\/es\/pagina-de-registro-de-mayoristas\/\">Consultar<\/a><\/p>\t\t\t\t\t\t\t\t<\/div>\n\t\t\t\t\t<\/div>\n\t\t\t\t<\/div>\n\t\t\t\t<\/div>\n\t\t\t\t<div data-elementor-type=\"loop-item\" data-elementor-id=\"31089\" class=\"elementor elementor-31089 elementor-31072 elementor-31072 e-loop-item e-loop-item-30534 post-30534 product type-product status-publish has-post-thumbnail product_cat-serie-paddock  instock shipping-taxable product-type-simple\" data-elementor-post-type=\"elementor_library\" data-custom-edit-handle=\"1\">\n\t\t\t<div class=\"elementor-element elementor-element-7cc90c5 e-flex e-con-boxed e-con e-parent\" data-id=\"7cc90c5\" data-element_type=\"container\" data-e-type=\"container\">\n\t\t\t\t\t<div class=\"e-con-inner\">\n\t\t\t\t<div class=\"elementor-element elementor-element-70d6b8d elementor-widget elementor-widget-image\" data-id=\"70d6b8d\" data-element_type=\"widget\" data-e-type=\"widget\" data-widget_type=\"image.default\">\n\t\t\t\t\t\t\t\t\t\t\t\t\t\t\t<img decoding=\"async\" width=\"300\" height=\"300\" src=\"https:\/\/maylander.wine\/wp-content\/uploads\/2026\/04\/Paddock-Series-Red.jpg\" class=\"attachment-medium size-medium wp-image-30578\" alt=\"Serie Mayl\u00e4nder Red Paddock\" \/>\t\t\t\t\t\t\t\t\t\t\t\t\t\t\t<\/div>\n\t\t\t\t<div class=\"elementor-element elementor-element-4f42d9a elementor-widget elementor-widget-woocommerce-product-title elementor-page-title elementor-widget-heading\" data-id=\"4f42d9a\" data-element_type=\"widget\" data-e-type=\"widget\" data-widget_type=\"woocommerce-product-title.default\">\n\t\t\t\t\t<h4 class=\"product_title entry-title elementor-heading-title elementor-size-default\">Paddock Series Rojo &#8211; Estuche<\/h4>\t\t\t\t<\/div>\n\t\t\t\t<div class=\"elementor-element elementor-element-959710e elementor-widget elementor-widget-woocommerce-product-price\" data-id=\"959710e\" data-element_type=\"widget\" data-e-type=\"widget\" data-widget_type=\"woocommerce-product-price.default\">\n\t\t\t\t\t<p class=\"price\"><span class=\"wcpbc-price wcpbc-price-30534\" data-product-id=\"30534\"><\/span><\/p>\n\t\t\t\t<\/div>\n\t\t\t\t<div class=\"elementor-element elementor-element-e729151 elementor-widget elementor-widget-text-editor\" data-id=\"e729151\" data-element_type=\"widget\" data-e-type=\"widget\" data-widget_type=\"text-editor.default\">\n\t\t\t\t\t\t\t\t\t<p>Precios al por mayor por caja: <a href=\"https:\/\/maylander.wine\/es\/pagina-de-registro-de-mayoristas\/\">Consultar<\/a><\/p>\t\t\t\t\t\t\t\t<\/div>\n\t\t\t\t\t<\/div>\n\t\t\t\t<\/div>\n\t\t\t\t<\/div>\n\t\t\t\t<\/div>\n\t\t\n\t\t\t\t\t\t<\/div>\n\t\t\t\t<\/div>\n\t\t\t\t<\/div>\n\t\t\t\t<\/div>\n\t\t","protected":false},"excerpt":{"rendered":"<p>Vinos Mayl\u00e4nder Serie Paddock La Serie Paddock es la colecci\u00f3n para mayoristas de Mayl\u00e4nder Wine, creada para eventos, hosteler\u00eda y entornos de gran energ\u00eda en los que el gran vino se une a los grandes momentos. Dise\u00f1ada para vinotecas, lugares relacionados con el automovilismo y reuniones de alto nivel, esta gama ofrece el mismo cuidado, [&hellip;]<\/p>\n","protected":false},"author":1,"featured_media":0,"parent":0,"menu_order":0,"comment_status":"closed","ping_status":"closed","template":"","meta":{"footnotes":""},"class_list":["post-30511","page","type-page","status-publish","hentry"],"_links":{"self":[{"href":"https:\/\/maylander.wine\/es\/wp-json\/wp\/v2\/pages\/30511","targetHints":{"allow":["GET"]}}],"collection":[{"href":"https:\/\/maylander.wine\/es\/wp-json\/wp\/v2\/pages"}],"about":[{"href":"https:\/\/maylander.wine\/es\/wp-json\/wp\/v2\/types\/page"}],"author":[{"embeddable":true,"href":"https:\/\/maylander.wine\/es\/wp-json\/wp\/v2\/users\/1"}],"replies":[{"embeddable":true,"href":"https:\/\/maylander.wine\/es\/wp-json\/wp\/v2\/comments?post=30511"}],"version-history":[{"count":6,"href":"https:\/\/maylander.wine\/es\/wp-json\/wp\/v2\/pages\/30511\/revisions"}],"predecessor-version":[{"id":31139,"href":"https:\/\/maylander.wine\/es\/wp-json\/wp\/v2\/pages\/30511\/revisions\/31139"}],"wp:attachment":[{"href":"https:\/\/maylander.wine\/es\/wp-json\/wp\/v2\/media?parent=30511"}],"curies":[{"name":"wp","href":"https:\/\/api.w.org\/{rel}","templated":true}]}}