{"id":29671,"date":"2026-04-08T08:13:29","date_gmt":"2026-04-08T08:13:29","guid":{"rendered":"https:\/\/maylander.wine\/maylander-wine-condiciones-de-la-promocion\/"},"modified":"2026-04-17T09:39:53","modified_gmt":"2026-04-17T09:39:53","slug":"maylander-wine-condiciones-de-la-promocion","status":"publish","type":"page","link":"https:\/\/maylander.wine\/es\/maylander-wine-condiciones-de-la-promocion\/","title":{"rendered":"Mayl\u00e4nder Wine &#8211; Condiciones de la promoci\u00f3n"},"content":{"rendered":"\t\t<div data-elementor-type=\"wp-page\" data-elementor-id=\"29671\" class=\"elementor elementor-29671 elementor-28478\" data-elementor-post-type=\"page\">\n\t\t\t\t<div class=\"elementor-element elementor-element-1c318d8a e-flex e-con-boxed e-con e-parent\" data-id=\"1c318d8a\" data-element_type=\"container\" data-e-type=\"container\">\n\t\t\t\t\t<div class=\"e-con-inner\">\n\t\t\t\t<div class=\"elementor-element elementor-element-ac79391 elementor-widget elementor-widget-heading\" data-id=\"ac79391\" data-element_type=\"widget\" data-e-type=\"widget\" data-widget_type=\"heading.default\">\n\t\t\t\t\t<h3 class=\"elementor-heading-title elementor-size-default\">Mayl\u00e4nder Wine - Condiciones de la promoci\u00f3n<\/h3>\t\t\t\t<\/div>\n\t\t\t\t<div class=\"elementor-element elementor-element-7cb62ad elementor-widget elementor-widget-heading\" data-id=\"7cb62ad\" data-element_type=\"widget\" data-e-type=\"widget\" data-widget_type=\"heading.default\">\n\t\t\t\t\t<h3 class=\"elementor-heading-title elementor-size-default\">\"Oportunidad de ganar una pieza firmada de la historia del automovilismo\"<\/h3>\t\t\t\t<\/div>\n\t\t\t\t<div class=\"elementor-element elementor-element-e34a069 elementor-widget elementor-widget-text-editor\" data-id=\"e34a069\" data-element_type=\"widget\" data-e-type=\"widget\" data-widget_type=\"text-editor.default\">\n\t\t\t\t\t\t\t\t\t<h6 data-section-id=\"f9sxyu\" data-start=\"433\" data-end=\"451\"><span role=\"text\"><strong data-start=\"436\" data-end=\"451\">1. Promotor<\/strong><\/span><\/h6><p data-start=\"452\" data-end=\"551\">Esta promoci\u00f3n est\u00e1 gestionada por <strong data-start=\"482\" data-end=\"533\">Box Box Box Limited (que opera como Mayl\u00e4nder Wine)<\/strong> (\u00abel Promotor\u00bb).<\/p><hr data-start=\"553\" data-end=\"556\"><h6 data-section-id=\"1o6t0vo\" data-start=\"558\" data-end=\"579\"><span role=\"text\"><strong data-start=\"561\" data-end=\"579\">2. Elegibilidad<\/strong><\/span><\/h6><ul data-start=\"580\" data-end=\"931\"><li data-section-id=\"1abw08s\" data-start=\"580\" data-end=\"629\">Abierto a personas mayores <strong data-start=\"607\" data-end=\"627\">de 18 a\u00f1os<\/strong><\/li><li data-section-id=\"lepxwc\" data-start=\"630\" data-end=\"730\">Los participantes deben estar legalmente autorizados a comprar y consumir alcohol en su pa\u00eds de residencia<\/li><li data-section-id=\"hpcxvh\" data-start=\"731\" data-end=\"812\">Abierto a residentes de pa\u00edses a los que Mayl\u00e4nder Wine puede enviar productos legalmente<\/li><li data-section-id=\"155zbkj\" data-start=\"813\" data-end=\"931\">Los empleados del Promotor, sus afiliados y cualquier persona relacionada profesionalmente con la promoci\u00f3n no son elegibles.<\/li><\/ul><hr data-start=\"933\" data-end=\"936\"><h6 data-section-id=\"1vcvnse\" data-start=\"938\" data-end=\"964\"><span role=\"text\"><strong data-start=\"941\" data-end=\"964\">3. Per\u00edodo de promoci\u00f3n<\/strong><\/span><\/h6><ul data-start=\"965\" data-end=\"1123\"><li data-section-id=\"kg5xol\" data-start=\"965\" data-end=\"1009\">La promoci\u00f3n se abre el <strong data-start=\"990\" data-end=\"1007\">10 de abril de 2026<\/strong><\/li><li data-section-id=\"w8wdx\" data-start=\"1010\" data-end=\"1068\">La promoci\u00f3n finaliza a <strong data-start=\"1036\" data-end=\"1066\">las 23:59 (BST) del 24 de mayo de 2026<\/strong><\/li><li data-section-id=\"45gdeg\" data-start=\"1069\" data-end=\"1123\">Las inscripciones recibidas despu\u00e9s de esta hora no ser\u00e1n v\u00e1lidas<\/li><\/ul><hr data-start=\"1125\" data-end=\"1128\"><h6 data-section-id=\"13xor76\" data-start=\"1130\" data-end=\"1149\"><span role=\"text\"><strong data-start=\"1133\" data-end=\"1149\">4. El Premio<\/strong><\/span><\/h6><p data-start=\"1150\" data-end=\"1201\">Habr\u00e1 <strong data-start=\"1164\" data-end=\"1182\">un (1) ganador<\/strong>, que recibir\u00e1:<\/p><ul data-start=\"1203\" data-end=\"1464\"><li data-section-id=\"1bg11l7\" data-start=\"1203\" data-end=\"1243\"><strong data-start=\"1205\" data-end=\"1243\">1 x botella firmada 25 | 500 (750 ml)<\/strong><\/li><li data-section-id=\"5mzfxi\" data-start=\"1245\" data-end=\"1306\">La botella estar\u00e1 firmada individualmente por Bernd Mayl\u00e4nder<\/li><li data-section-id=\"g8hry2\" data-start=\"1307\" data-end=\"1372\">La asignaci\u00f3n del n\u00famero de botellas se har\u00e1 a discreci\u00f3n del Promotor<\/li><li data-section-id=\"2wkopo\" data-start=\"1373\" data-end=\"1409\">No hay alternativa en efectivo<\/li><li data-section-id=\"11rv5b8\" data-start=\"1410\" data-end=\"1464\">El premio no es transferible ni canjeable<\/li><\/ul><hr data-start=\"1466\" data-end=\"1469\"><h6 data-section-id=\"pyxmnx\" data-start=\"1471\" data-end=\"1493\"><span role=\"text\"><strong data-start=\"1474\" data-end=\"1493\">5. C\u00f3mo entrar<\/strong><\/span><\/h6><h6 data-section-id=\"t5d6pf\" data-start=\"1495\" data-end=\"1545\"><span role=\"text\"><strong data-start=\"1499\" data-end=\"1543\">5.1 Entrada de compras (v\u00eda de entrada principal)<\/strong><\/span><\/h6><p data-start=\"1546\" data-end=\"1718\">Durante el periodo de la promoci\u00f3n, los clientes que compren cualquier botella de <strong data-start=\"1618\" data-end=\"1648\">la Serie Apex de Mayl\u00e4nder Wine<\/strong> a trav\u00e9s del sitio web oficial entrar\u00e1n autom\u00e1ticamente en el sorteo.<\/p><ul data-start=\"1720\" data-end=\"1836\"><li data-section-id=\"15572yy\" data-start=\"1720\" data-end=\"1756\"><strong data-start=\"1722\" data-end=\"1754\">1 botella comprada = 2 entradas<\/strong><\/li><li data-section-id=\"oiuif3\" data-start=\"1757\" data-end=\"1796\"><strong data-start=\"1759\" data-end=\"1794\">2 botellas compradas = 4 entradas<\/strong><\/li><li data-section-id=\"18gf873\" data-start=\"1797\" data-end=\"1836\"><strong data-start=\"1799\" data-end=\"1834\">3 botellas compradas = 6 entradas<\/strong><\/li><\/ul><p data-start=\"1838\" data-end=\"1894\"><strong data-start=\"1847\" data-end=\"1859\">No hay l\u00edmite<\/strong> en el n\u00famero de entradas de compra.<\/p><hr data-start=\"1896\" data-end=\"1899\"><h6 data-section-id=\"1bq3zui\" data-start=\"1901\" data-end=\"1961\"><span role=\"text\"><strong data-start=\"1905\" data-end=\"1959\">5.2 V\u00eda de Entrada Libre (M\u00e9todo Alternativo de Entrada)<\/strong><\/span><\/h6><p data-start=\"1962\" data-end=\"2054\">Existe una v\u00eda de entrada libre para garantizar el cumplimiento de la normativa de promoci\u00f3n del Reino Unido y la UE.<\/p><p data-start=\"2056\" data-end=\"2101\">Para participar sin comprar, los participantes deben<\/p><ul data-start=\"2103\" data-end=\"2365\"><li data-section-id=\"q6c9z9\" data-start=\"2103\" data-end=\"2157\">Sigue <strong data-start=\"2112\" data-end=\"2130\"> a @maylanderwine<\/strong> en Instagram o Facebook<\/li><li data-section-id=\"d2gagm\" data-start=\"2158\" data-end=\"2196\">Como el post oficial del concurso<\/li><li data-section-id=\"163bsla\" data-start=\"2197\" data-end=\"2279\">Comentar la publicaci\u00f3n (por ejemplo, etiquetando a un amigo o indicando a qui\u00e9n se lo regalar\u00edan)<\/li><li data-section-id=\"1pyiv36\" data-start=\"2281\" data-end=\"2336\">S\u00f3lo se permite <strong data-start=\"2288\" data-end=\"2321\">una (1) entrada gratuita por persona<\/strong> <\/li><li data-section-id=\"kihggv\" data-start=\"2337\" data-end=\"2365\">No es necesario comprar<\/li><\/ul><hr data-start=\"2367\" data-end=\"2370\"><h6 data-section-id=\"1a20yc4\" data-start=\"2372\" data-end=\"2398\"><span role=\"text\"><strong data-start=\"2375\" data-end=\"2398\">6. Selecci\u00f3n del ganador<\/strong><\/span><\/h6><ul data-start=\"2399\" data-end=\"2575\"><li data-section-id=\"190b0hh\" data-start=\"2399\" data-end=\"2463\">El ganador ser\u00e1 seleccionado al azar entre todas las participaciones v\u00e1lidas<\/li><li data-section-id=\"1ah1zgl\" data-start=\"2464\" data-end=\"2538\">El sorteo tendr\u00e1 lugar durante el <strong data-start=\"2502\" data-end=\"2536\">Gran Premio de Canad\u00e1 (mayo de 2026)<\/strong><\/li><li data-section-id=\"lbxbl\" data-start=\"2539\" data-end=\"2575\">La decisi\u00f3n del Promotor es inapelable<\/li><\/ul><hr data-start=\"2577\" data-end=\"2580\"><h6 data-section-id=\"6qnoe0\" data-start=\"2582\" data-end=\"2611\"><span role=\"text\"><strong data-start=\"2585\" data-end=\"2611\">7. Notificaci\u00f3n al ganador<\/strong><\/span><\/h6><ul data-start=\"2612\" data-end=\"2818\"><li data-section-id=\"187jvz3\" data-start=\"2612\" data-end=\"2700\">Nos pondremos en contacto con el ganador por correo electr\u00f3nico o a trav\u00e9s de las redes sociales en los <strong data-start=\"2676\" data-end=\"2686\">5 d\u00edas<\/strong> siguientes al sorteo<\/li><li data-section-id=\"1so06xk\" data-start=\"2701\" data-end=\"2818\">Si el ganador no responde en un plazo de <strong data-start=\"2741\" data-end=\"2751\">5 d\u00edas<\/strong>, el Promotor se reserva el derecho a seleccionar un ganador alternativo.<\/li><\/ul><hr data-start=\"2820\" data-end=\"2823\"><h6 data-section-id=\"1v4nocy\" data-start=\"2825\" data-end=\"2852\"><span role=\"text\"><strong data-start=\"2828\" data-end=\"2852\">8. Entrega del Premio<\/strong><\/span><\/h6><ul data-start=\"2853\" data-end=\"3149\"><li data-section-id=\"5sdknd\" data-start=\"2853\" data-end=\"2920\">El premio se enviar\u00e1 al ganador a la direcci\u00f3n facilitada<\/li><li data-section-id=\"9rybj9\" data-start=\"2921\" data-end=\"2966\">El env\u00edo ser\u00e1 organizado por el Promotor<\/li><li data-section-id=\"1c7yt66\" data-start=\"2967\" data-end=\"3064\">El ganador puede ser responsable de cualquier <strong data-start=\"3003\" data-end=\"3045\">derecho de importaci\u00f3n, impuesto o cargo local<\/strong>, si procede.<\/li><li data-section-id=\"1dl6lwz\" data-start=\"3065\" data-end=\"3149\">El Promotor no se hace responsable de los retrasos causados por las aduanas o los servicios de mensajer\u00eda<\/li><\/ul><hr data-start=\"3151\" data-end=\"3154\"><h6 data-section-id=\"ki21w\" data-start=\"3156\" data-end=\"3184\"><span role=\"text\"><strong data-start=\"3159\" data-end=\"3184\">9. Condiciones generales<\/strong><\/span><\/h6><ul data-start=\"3185\" data-end=\"3537\"><li data-section-id=\"1n62vkk\" data-start=\"3185\" data-end=\"3263\">Las inscripciones incompletas, ilegibles o fraudulentas ser\u00e1n descalificadas.<\/li><li data-section-id=\"1rquver\" data-start=\"3264\" data-end=\"3337\">El Promotor se reserva el derecho de verificar la elegibilidad de los participantes<\/li><li data-section-id=\"xrrs9r\" data-start=\"3338\" data-end=\"3469\">El Promotor se reserva el derecho a modificar, suspender o cancelar la promoci\u00f3n si fuera necesario debido a circunstancias ajenas a su control<\/li><li data-section-id=\"mdsv3q\" data-start=\"3470\" data-end=\"3537\">La promoci\u00f3n est\u00e1 sujeta a todas las leyes y reglamentos aplicables<\/li><\/ul><hr data-start=\"3539\" data-end=\"3542\"><h6 data-section-id=\"x185m4\" data-start=\"3544\" data-end=\"3578\"><span role=\"text\"><strong data-start=\"3547\" data-end=\"3578\">10. Limitaci\u00f3n de responsabilidad<\/strong><\/span><\/h6><p data-start=\"3579\" data-end=\"3656\">En la medida en que lo permita la ley, el Promotor no ser\u00e1 responsable de:<\/p><ul data-start=\"3658\" data-end=\"3845\"><li data-section-id=\"11mpcer\" data-start=\"3658\" data-end=\"3733\">Cualquier p\u00e9rdida, da\u00f1o o perjuicio derivado de la participaci\u00f3n en la promoci\u00f3n<\/li><li data-section-id=\"1r1s4p9\" data-start=\"3734\" data-end=\"3793\">Cualquier fallo t\u00e9cnico, problemas con el sitio web o errores de entrada<\/li><li data-section-id=\"tly10p\" data-start=\"3794\" data-end=\"3845\">Cualquier retraso o fallo en la entrega del premio<\/li><\/ul><hr data-start=\"3847\" data-end=\"3850\"><h6 data-section-id=\"ts3nso\" data-start=\"3852\" data-end=\"3878\"><span role=\"text\"><strong data-start=\"3855\" data-end=\"3878\">11. Protecci\u00f3n de datos<\/strong><\/span><\/h6><ul data-start=\"3879\" data-end=\"4148\"><li data-section-id=\"1jr8wyw\" data-start=\"3879\" data-end=\"4055\">Los datos personales proporcionados durante esta promoci\u00f3n se utilizar\u00e1n \u00fanicamente para la administraci\u00f3n de la promoci\u00f3n, a menos que el participante haya optado por recibir comunicaciones de marketing.<\/li><li data-section-id=\"slyphx\" data-start=\"4056\" data-end=\"4148\">Los datos se tratar\u00e1n de acuerdo con las leyes de protecci\u00f3n de datos aplicables (incluido el GDPR)<\/li><\/ul><hr data-start=\"4150\" data-end=\"4153\"><h6 data-section-id=\"1l3fk50\" data-start=\"4155\" data-end=\"4189\"><span role=\"text\"><strong data-start=\"4158\" data-end=\"4189\">12. Renuncia de responsabilidad en las redes sociales<\/strong><\/span><\/h6><p data-start=\"4190\" data-end=\"4295\">Esta promoci\u00f3n <strong data-start=\"4208\" data-end=\"4294\">no<\/strong> est\u00e1 <strong data-start=\"4208\" data-end=\"4294\">patrocinada, avalada, administrada ni asociada a Instagram o Facebook<\/strong>.<\/p><hr data-start=\"4297\" data-end=\"4300\"><h6 data-section-id=\"1gs5r90\" data-start=\"4302\" data-end=\"4326\"><span role=\"text\"><strong data-start=\"4305\" data-end=\"4326\">13. Ley aplicable<\/strong><\/span><\/h6><p data-start=\"4327\" data-end=\"4501\">Estos T\u00e9rminos y Condiciones se rigen por las leyes de <strong data-start=\"4380\" data-end=\"4401\">Inglaterra<\/strong> y Gales, y cualquier disputa estar\u00e1 sujeta a la jurisdicci\u00f3n exclusiva de los tribunales de Inglaterra y Gales.<\/p>\t\t\t\t\t\t\t\t<\/div>\n\t\t\t\t<div class=\"elementor-element elementor-element-e93fe9c elementor-widget elementor-widget-text-editor\" data-id=\"e93fe9c\" data-element_type=\"widget\" data-e-type=\"widget\" data-widget_type=\"text-editor.default\">\n\t\t\t\t\t\t\t\t\t<h5 data-start=\"1474\" data-end=\"1516\">Comprobaciones y documentaci\u00f3n previas a la negociaci\u00f3n<\/h5><p data-start=\"1518\" data-end=\"1766\">Antes de iniciar cualquier operaci\u00f3n, podemos pedir a los socios potenciales que rellenen un formulario de solicitud de operaci\u00f3n y que faciliten su propia pol\u00edtica y procedimientos de Diligencia Debida. Toda la informaci\u00f3n empresarial facilitada est\u00e1 sujeta a verificaci\u00f3n sobre la <strong data-start=\"1742\" data-end=\"1765\">base de una evaluaci\u00f3n de riesgos<\/strong>. <\/p><p data-start=\"1768\" data-end=\"1780\">Tenlo en cuenta:<\/p><ul data-start=\"1781\" data-end=\"2014\"><li data-start=\"1781\" data-end=\"1852\"><p data-start=\"1783\" data-end=\"1852\">Todas las comprobaciones deben completarse y aprobarse <strong data-start=\"1825\" data-end=\"1850\">antes de que comience la negociaci\u00f3n<\/strong><\/p><\/li><li data-start=\"1853\" data-end=\"1946\"><p data-start=\"1855\" data-end=\"1946\"><strong data-start=\"1858\" data-end=\"1900\">S\u00f3lo aceptamos pagos mediante transferencia bancaria<\/strong> &#8211; las transacciones en efectivo est\u00e1n estrictamente prohibidas<\/p><\/li><li data-start=\"1947\" data-end=\"2014\"><p data-start=\"1949\" data-end=\"2014\">Se requiere una pista de auditor\u00eda digital para todas las transacciones comerciales<\/p><\/li><\/ul>\t\t\t\t\t\t\t\t<\/div>\n\t\t\t\t<div class=\"elementor-element elementor-element-fe6e6c0 elementor-widget elementor-widget-text-editor\" data-id=\"fe6e6c0\" data-element_type=\"widget\" data-e-type=\"widget\" data-widget_type=\"text-editor.default\">\n\t\t\t\t\t\t\t\t\t<h5 data-start=\"2021\" data-end=\"2056\">Seguridad de los datos e informes<\/h5><p data-start=\"2058\" data-end=\"2298\">Todos los registros se mantienen en formatos digitales seguros, encriptados y protegidos por sistemas de cortafuegos, de acuerdo con las normas de seguridad de datos. Esperamos que nuestros socios mantengan normas similares cuando manejen informaci\u00f3n sensible de la empresa. <\/p><p data-start=\"2300\" data-end=\"2427\">Nos reservamos el derecho a informar sin demora de cualquier comportamiento sospechoso o incumplimiento a las autoridades reguladoras pertinentes.<\/p>\t\t\t\t\t\t\t\t<\/div>\n\t\t\t\t<div class=\"elementor-element elementor-element-3d03fdc elementor-widget elementor-widget-text-editor\" data-id=\"3d03fdc\" data-element_type=\"widget\" data-e-type=\"widget\" data-widget_type=\"text-editor.default\">\n\t\t\t\t\t\t\t\t\t<h5 data-start=\"2434\" data-end=\"2461\">Informaci\u00f3n de contacto<\/h5><p data-start=\"2463\" data-end=\"2543\"><strong data-start=\"2463\" data-end=\"2486\">Box Box Box Limited<\/strong><br data-start=\"2486\" data-end=\"2489\">10-12 Alder Hills<br data-start=\"2506\" data-end=\"2509\">Poole, BH12 4AL<br data-start=\"2524\" data-end=\"2527\">Reino Unido<\/p><p data-start=\"2545\" data-end=\"2636\">\ud83d\udcde Tel: 01202 413610 ext. 115<br data-start=\"2574\" data-end=\"2577\">\ud83d\udce7 Correo electr\u00f3nico: <a class=\"cursor-pointer\" href=\"mailto:info@maylander.wine\" rel=\"noopener\" data-start=\"2587\" data-end=\"2636\">info@maylander.wine<\/a><\/p>\t\t\t\t\t\t\t\t<\/div>\n\t\t\t\t\t<\/div>\n\t\t\t\t<\/div>\n\t\t\t\t<\/div>\n\t\t","protected":false},"excerpt":{"rendered":"<p>Se llevan a cabo controles, de acuerdo con el Sistema de Registro de Mayoristas de Alcohol (AWRS), de sus proveedores de productos alcoh\u00f3licos, clientes mayoristas y empresas de transporte contratadas por la empresa para distribuir dichos productos.<\/p>\n","protected":false},"author":1,"featured_media":0,"parent":0,"menu_order":0,"comment_status":"closed","ping_status":"closed","template":"","meta":{"footnotes":""},"class_list":["post-29671","page","type-page","status-publish","hentry"],"_links":{"self":[{"href":"https:\/\/maylander.wine\/es\/wp-json\/wp\/v2\/pages\/29671","targetHints":{"allow":["GET"]}}],"collection":[{"href":"https:\/\/maylander.wine\/es\/wp-json\/wp\/v2\/pages"}],"about":[{"href":"https:\/\/maylander.wine\/es\/wp-json\/wp\/v2\/types\/page"}],"author":[{"embeddable":true,"href":"https:\/\/maylander.wine\/es\/wp-json\/wp\/v2\/users\/1"}],"replies":[{"embeddable":true,"href":"https:\/\/maylander.wine\/es\/wp-json\/wp\/v2\/comments?post=29671"}],"version-history":[{"count":1,"href":"https:\/\/maylander.wine\/es\/wp-json\/wp\/v2\/pages\/29671\/revisions"}],"predecessor-version":[{"id":29672,"href":"https:\/\/maylander.wine\/es\/wp-json\/wp\/v2\/pages\/29671\/revisions\/29672"}],"wp:attachment":[{"href":"https:\/\/maylander.wine\/es\/wp-json\/wp\/v2\/media?parent=29671"}],"curies":[{"name":"wp","href":"https:\/\/api.w.org\/{rel}","templated":true}]}}