{"id":20690,"date":"2025-08-05T12:41:54","date_gmt":"2025-08-05T12:41:54","guid":{"rendered":"https:\/\/maylander.wine\/regalar\/"},"modified":"2026-03-31T16:47:29","modified_gmt":"2026-03-31T16:47:29","slug":"regalar","status":"publish","type":"page","link":"https:\/\/maylander.wine\/es\/regalar\/","title":{"rendered":"Regalar"},"content":{"rendered":"\t\t<div data-elementor-type=\"wp-page\" data-elementor-id=\"20690\" class=\"elementor elementor-20690 elementor-20685\" data-elementor-post-type=\"page\">\n\t\t\t\t\t\t<section class=\"elementor-section elementor-top-section elementor-element elementor-element-66fdc81c elementor-section-height-min-height elementor-section-full_width elementor-section-height-default elementor-section-items-middle\" data-id=\"66fdc81c\" data-element_type=\"section\" data-e-type=\"section\" data-settings=\"{&quot;background_background&quot;:&quot;classic&quot;}\">\n\t\t\t\t\t\t<div class=\"elementor-container elementor-column-gap-no\">\n\t\t\t\t\t<div class=\"elementor-column elementor-col-100 elementor-top-column elementor-element elementor-element-51c0b158\" data-id=\"51c0b158\" data-element_type=\"column\" data-e-type=\"column\">\n\t\t\t<div class=\"elementor-widget-wrap elementor-element-populated\">\n\t\t\t\t\t\t<section class=\"elementor-section elementor-inner-section elementor-element elementor-element-7f4c72df elementor-section-boxed elementor-section-height-default elementor-section-height-default\" data-id=\"7f4c72df\" data-element_type=\"section\" data-e-type=\"section\">\n\t\t\t\t\t\t<div class=\"elementor-container elementor-column-gap-default\">\n\t\t\t\t\t<div class=\"elementor-column elementor-col-100 elementor-inner-column elementor-element elementor-element-23c9823c\" data-id=\"23c9823c\" data-element_type=\"column\" data-e-type=\"column\" data-settings=\"{&quot;background_background&quot;:&quot;classic&quot;}\">\n\t\t\t<div class=\"elementor-widget-wrap elementor-element-populated\">\n\t\t\t\t\t\t<div class=\"elementor-element elementor-element-7645dc85 elementor-widget elementor-widget-heading\" data-id=\"7645dc85\" data-element_type=\"widget\" data-e-type=\"widget\" data-widget_type=\"heading.default\">\n\t\t\t\t\t<h2 class=\"elementor-heading-title elementor-size-default\">Haz un regalo que nunca olvidar\u00e1n<\/h2>\t\t\t\t<\/div>\n\t\t\t\t<div class=\"elementor-element elementor-element-61975fe4 elementor-widget elementor-widget-heading\" data-id=\"61975fe4\" data-element_type=\"widget\" data-e-type=\"widget\" data-widget_type=\"heading.default\">\n\t\t\t\t\t<h2 class=\"elementor-heading-title elementor-size-default\">Explora nuestra colecci\u00f3n de regalos de vino Mayl\u00e4nder, perfectos para esa persona especial, ya sea amante del automovilismo, del buen vino o de ambos. Desde los sets de medias botellas Duo y Trio hasta las flexibles Tarjetas Regalo Mayl\u00e4nder, cada opci\u00f3n est\u00e1 dise\u00f1ada para adaptarse a cualquier ocasi\u00f3n, desde Navidad y el D\u00eda del Padre hasta cumplea\u00f1os, aniversarios y celebraciones de todo tipo. Con una presentaci\u00f3n cuidada y f\u00e1cil de hacer, cada regalo transmite precisi\u00f3n, herencia y lujo, y se entrega directamente en la puerta.  <\/h2>\t\t\t\t<\/div>\n\t\t\t\t\t<\/div>\n\t\t<\/div>\n\t\t\t\t\t<\/div>\n\t\t<\/section>\n\t\t\t\t\t<\/div>\n\t\t<\/div>\n\t\t\t\t\t<\/div>\n\t\t<\/section>\n\t\t<div class=\"elementor-element elementor-element-327495b2 e-flex e-con-boxed e-con e-parent\" data-id=\"327495b2\" data-element_type=\"container\" data-e-type=\"container\">\n\t\t\t\t\t<div class=\"e-con-inner\">\n\t\t<div class=\"elementor-element elementor-element-7c788fd7 e-con-full e-flex e-con e-child\" data-id=\"7c788fd7\" data-element_type=\"container\" data-e-type=\"container\">\n\t\t\t\t<div class=\"elementor-element elementor-element-2845215 elementor-widget elementor-widget-woocommerce-breadcrumb\" data-id=\"2845215\" data-element_type=\"widget\" data-e-type=\"widget\" data-widget_type=\"woocommerce-breadcrumb.default\">\n\t\t\t\t\t<nav class=\"woocommerce-breadcrumb\" aria-label=\"Breadcrumb\">Inicio<\/nav>\t\t\t\t<\/div>\n\t\t\t\t<\/div>\n\t\t\t\t\t<\/div>\n\t\t\t\t<\/div>\n\t\t<div class=\"elementor-element elementor-element-19b850e4 e-con-full e-flex e-con e-parent\" data-id=\"19b850e4\" data-element_type=\"container\" data-e-type=\"container\">\n\t\t\t\t<div class=\"elementor-element elementor-element-18677f66 elementor-product-loop-item--align-center elementor-grid-mobile-2 elementor-grid-4 elementor-grid-tablet-3 elementor-products-grid elementor-wc-products elementor-widget elementor-widget-woocommerce-products\" data-id=\"18677f66\" data-element_type=\"widget\" data-e-type=\"widget\" data-widget_type=\"woocommerce-products.default\">\n\t\t\t\t<div class=\"elementor-widget-container\">\n\t\t\t\t\t<div class=\"woocommerce columns-4 \"><ul class=\"products elementor-grid columns-4\">\n<li class=\"product type-product post-28077 status-publish first instock product_cat-regalar product_cat-tarjeta-regalo has-post-thumbnail shipping-taxable purchasable product-type-variable\">\n\t<a href=\"https:\/\/maylander.wine\/es\/shop\/tarjeta-regalo\/\" class=\"woocommerce-LoopProduct-link woocommerce-loop-product__link\"><img fetchpriority=\"high\" decoding=\"async\" width=\"680\" height=\"680\" src=\"https:\/\/maylander.wine\/wp-content\/uploads\/2026\/03\/Gift-Card.jpg\" class=\"attachment-woocommerce_thumbnail size-woocommerce_thumbnail\" alt=\"Tarjeta regalo\" \/><h2 class=\"woocommerce-loop-product__title\">Tarjeta regalo<\/h2>\n\t<span class=\"price\"><span class=\"wcpbc-price wcpbc-price-28077\" data-product-id=\"28077\"><span class=\"woocommerce-Price-amount amount\" aria-hidden=\"true\"><bdi><span class=\"woocommerce-Price-currencySymbol\">&pound;<\/span>50.00<\/bdi><\/span> <span aria-hidden=\"true\">-<\/span> <span class=\"woocommerce-Price-amount amount\" aria-hidden=\"true\"><bdi><span class=\"woocommerce-Price-currencySymbol\">&pound;<\/span>250.00<\/bdi><\/span><span class=\"screen-reader-text\">Rango de precios: desde &pound;50.00 hasta &pound;250.00<\/span><\/span><\/span>\n<\/a><a href=\"#\" class=\"button ml-notify-btn ml-region-cta\" data-ml-popup=\"23758\" data-ml-product=\"28077\" data-ml-title=\"Tarjeta regalo\" aria-haspopup=\"dialog\" role=\"button\" rel=\"nofollow\">Avisar cuando est\u00e9 disponible en tu pa\u00eds<\/a>\t<span id=\"woocommerce_loop_add_to_cart_link_describedby_28077\" class=\"screen-reader-text\">\n\t\tEste producto tiene m\u00faltiples variantes. Las opciones se pueden elegir en la p\u00e1gina de producto\t<\/span>\n\t\t\t<input type=\"hidden\" class=\"pmwProductId\" data-id=\"28077\">\n\t\t\t\t\t<script data-cfasync=\"false\">\n\t\t\t(window.pmwDataLayer = window.pmwDataLayer || {}).products                = window.pmwDataLayer.products || {};\n\t\t\twindow.pmwDataLayer.products[28077] = {\"id\":\"28077\",\"sku\":\"\",\"price\":50,\"brand\":\"\",\"quantity\":1,\"dyn_r_ids\":{\"post_id\":\"28077\",\"sku\":28077,\"gpf\":\"woocommerce_gpf_28077\",\"gla\":\"gla_28077\"},\"is_variable\":true,\"type\":\"variable\",\"name\":\"Tarjeta regalo\",\"category\":[\"Regalar\",\"Tarjeta regalo\"],\"is_variation\":false};\n\t\t\t\t\twindow.pmw_product_position = window.pmw_product_position || 1;\n\t\twindow.pmwDataLayer.products[28077]['position'] = window.pmw_product_position++;\n\t\t\t\t<\/script>\n\t\t<\/li>\n<li class=\"product type-product post-24885 status-publish instock product_cat-regalar product_cat-rosado-wine product_cat-vino-es product_cat-vino-blanco product_cat-vino-tinto product_tag-riesling-es-2 product_tag-vino-blanco has-post-thumbnail purchasable product-type-simple\">\n\t<a href=\"https:\/\/maylander.wine\/es\/shop\/set-de-regalo-navideno-de-media-botella-trio-3-x-375-ml-copy\/\" class=\"woocommerce-LoopProduct-link woocommerce-loop-product__link\"><img decoding=\"async\" width=\"900\" height=\"900\" src=\"https:\/\/maylander.wine\/wp-content\/uploads\/2025\/12\/Maylander-Duo-Gift-Set-face-on.jpg\" class=\"attachment-woocommerce_thumbnail size-woocommerce_thumbnail\" alt=\"Set de regalo d\u00fao de media botella de vino Mayl\u00e4nder\" \/><h2 class=\"woocommerce-loop-product__title\">D\u00fao de set de regalo de media botella (2x375ml)<\/h2>\n\t<span class=\"price\"><span class=\"wcpbc-price wcpbc-price-24885\" data-product-id=\"24885\"><span class=\"woocommerce-Price-amount amount\"><bdi><span class=\"woocommerce-Price-currencySymbol\">&pound;<\/span>38.00<\/bdi><\/span><\/span><\/span>\n<\/a><a href=\"#\" class=\"button ml-notify-btn ml-region-cta\" data-ml-popup=\"23758\" data-ml-product=\"24885\" data-ml-title=\"D\u00fao de set de regalo de media botella (2x375ml)\" aria-haspopup=\"dialog\" role=\"button\" rel=\"nofollow\">Avisar cuando est\u00e9 disponible en tu pa\u00eds<\/a>\t<span id=\"woocommerce_loop_add_to_cart_link_describedby_24885\" class=\"screen-reader-text\">\n\t\t\t<\/span>\n\t\t\t<input type=\"hidden\" class=\"pmwProductId\" data-id=\"24885\">\n\t\t\t\t\t<script data-cfasync=\"false\">\n\t\t\t(window.pmwDataLayer = window.pmwDataLayer || {}).products                = window.pmwDataLayer.products || {};\n\t\t\twindow.pmwDataLayer.products[24885] = {\"id\":\"24885\",\"sku\":\"570 27 25-3-1-1\",\"price\":38,\"brand\":\"\",\"quantity\":1,\"dyn_r_ids\":{\"post_id\":\"24885\",\"sku\":\"570 27 25-3-1-1\",\"gpf\":\"woocommerce_gpf_24885\",\"gla\":\"gla_24885\"},\"is_variable\":false,\"type\":\"simple\",\"name\":\"D\u00fao de set de regalo de media botella (2x375ml)\",\"category\":[\"Regalar\",\"Rosado WIne\",\"Vino\",\"Vino blanco\",\"Vino tinto\"],\"is_variation\":false};\n\t\t\t\t\twindow.pmw_product_position = window.pmw_product_position || 1;\n\t\twindow.pmwDataLayer.products[24885]['position'] = window.pmw_product_position++;\n\t\t\t\t<\/script>\n\t\t<\/li>\n<li class=\"product type-product post-24601 status-publish instock product_cat-regalar product_cat-rosado-wine product_cat-vino-es product_cat-vino-blanco product_cat-vino-tinto product_tag-riesling-es-2 product_tag-vino-blanco has-post-thumbnail sale purchasable product-type-simple\">\n\t<a href=\"https:\/\/maylander.wine\/es\/shop\/3-medias-botellas-de-riesling-maylander-2024-375ml-copy-2\/\" class=\"woocommerce-LoopProduct-link woocommerce-loop-product__link\">\n\t<span class=\"onsale\">\u00a1Oferta!<\/span>\n\t<img decoding=\"async\" width=\"900\" height=\"900\" src=\"https:\/\/maylander.wine\/wp-content\/uploads\/2025\/11\/Maylander-Trio-GIft-Set-slight-left-side-P1060564-1.jpg\" class=\"attachment-woocommerce_thumbnail size-woocommerce_thumbnail\" alt=\"Set de regalo Tr\u00edo Mayl\u00e4nder\" \/><h2 class=\"woocommerce-loop-product__title\">Set de regalo de media botella &#8211; Tr\u00edo (3 \u00d7 375 ml)<\/h2>\n\t<span class=\"price\"><span class=\"wcpbc-price wcpbc-price-24601\" data-product-id=\"24601\"><del aria-hidden=\"true\"><span class=\"woocommerce-Price-amount amount\"><bdi><span class=\"woocommerce-Price-currencySymbol\">&pound;<\/span>54.00<\/bdi><\/span><\/del> <span class=\"screen-reader-text\">El precio original era: &pound;54.00.<\/span><ins aria-hidden=\"true\"><span class=\"woocommerce-Price-amount amount\"><bdi><span class=\"woocommerce-Price-currencySymbol\">&pound;<\/span>49.00<\/bdi><\/span><\/ins><span class=\"screen-reader-text\">El precio actual es: &pound;49.00.<\/span><\/span><\/span>\n<\/a><a href=\"#\" class=\"button ml-notify-btn ml-region-cta\" data-ml-popup=\"23758\" data-ml-product=\"24601\" data-ml-title=\"Set de regalo de media botella - Tr\u00edo (3 \u00d7 375 ml)\" aria-haspopup=\"dialog\" role=\"button\" rel=\"nofollow\">Avisar cuando est\u00e9 disponible en tu pa\u00eds<\/a>\t<span id=\"woocommerce_loop_add_to_cart_link_describedby_24601\" class=\"screen-reader-text\">\n\t\t\t<\/span>\n\t\t\t<input type=\"hidden\" class=\"pmwProductId\" data-id=\"24601\">\n\t\t\t\t\t<script data-cfasync=\"false\">\n\t\t\t(window.pmwDataLayer = window.pmwDataLayer || {}).products                = window.pmwDataLayer.products || {};\n\t\t\twindow.pmwDataLayer.products[24601] = {\"id\":\"24601\",\"sku\":\"570 27 25-3-1\",\"price\":49,\"brand\":\"\",\"quantity\":1,\"dyn_r_ids\":{\"post_id\":\"24601\",\"sku\":\"570 27 25-3-1\",\"gpf\":\"woocommerce_gpf_24601\",\"gla\":\"gla_24601\"},\"is_variable\":false,\"type\":\"simple\",\"name\":\"Set de regalo de media botella - Tr\u00edo (3 \u00d7 375 ml)\",\"category\":[\"Regalar\",\"Rosado WIne\",\"Vino\",\"Vino blanco\",\"Vino tinto\"],\"is_variation\":false};\n\t\t\t\t\twindow.pmw_product_position = window.pmw_product_position || 1;\n\t\twindow.pmwDataLayer.products[24601]['position'] = window.pmw_product_position++;\n\t\t\t\t<\/script>\n\t\t<\/li>\n<\/ul>\n<\/div>\t\t\t\t<\/div>\n\t\t\t\t<\/div>\n\t\t\t\t<\/div>\n\t\t\t\t<\/div>\n\t\t","protected":false},"excerpt":{"rendered":"<p>Explora nuestra colecci\u00f3n de regalos de vino Mayl\u00e4nder, perfectos para esa persona especial en tu vida, tanto si le gusta el automovilismo como el buen vino. Tenemos una amplia gama de sets de regalo que seguro que impresionar\u00e1n en ocasiones especiales como el D\u00eda del Padre, el D\u00eda de la Madre, cumplea\u00f1os o aniversarios. Elimina las conjeturas sobre qu\u00e9 comprar a tu amigo o ser querido y reg\u00e1lale pasi\u00f3n, legado y lujo, entregado directamente en su puerta.  <\/p>\n","protected":false},"author":1,"featured_media":19820,"parent":0,"menu_order":0,"comment_status":"closed","ping_status":"closed","template":"","meta":{"footnotes":""},"class_list":["post-20690","page","type-page","status-publish","has-post-thumbnail","hentry"],"_links":{"self":[{"href":"https:\/\/maylander.wine\/es\/wp-json\/wp\/v2\/pages\/20690","targetHints":{"allow":["GET"]}}],"collection":[{"href":"https:\/\/maylander.wine\/es\/wp-json\/wp\/v2\/pages"}],"about":[{"href":"https:\/\/maylander.wine\/es\/wp-json\/wp\/v2\/types\/page"}],"author":[{"embeddable":true,"href":"https:\/\/maylander.wine\/es\/wp-json\/wp\/v2\/users\/1"}],"replies":[{"embeddable":true,"href":"https:\/\/maylander.wine\/es\/wp-json\/wp\/v2\/comments?post=20690"}],"version-history":[{"count":0,"href":"https:\/\/maylander.wine\/es\/wp-json\/wp\/v2\/pages\/20690\/revisions"}],"wp:featuredmedia":[{"embeddable":true,"href":"https:\/\/maylander.wine\/es\/wp-json\/wp\/v2\/media\/19820"}],"wp:attachment":[{"href":"https:\/\/maylander.wine\/es\/wp-json\/wp\/v2\/media?parent=20690"}],"curies":[{"name":"wp","href":"https:\/\/api.w.org\/{rel}","templated":true}]}}