{"id":21873,"date":"2025-09-14T17:16:19","date_gmt":"2025-09-14T17:16:19","guid":{"rendered":"https:\/\/maylander.wine\/shop\/maylaender-2023-zweigelt-test\/"},"modified":"2025-12-02T11:21:42","modified_gmt":"2025-12-02T11:21:42","slug":"maylander-2023-zweigelt-red","status":"publish","type":"product","link":"https:\/\/maylander.wine\/de\/shop\/maylander-2023-zweigelt-red\/","title":{"rendered":"Mayl\u00e4nder 2023 Zweigelt"},"content":{"rendered":"<p>Kuratiert von Bernd Mayl\u00e4nder, dem offiziellen Fahrer des F1 Safety Car, entsteht ein vollmundiger Rotwein aus der Rebsorte Zweigelt, der perfekt ausbalanciert ist und eine samtige Weichheit und raffinierte Eleganz aufweist. Aromen von Kirsche, Himbeere und schwarzem Pfeffer harmonieren mit kr\u00e4ftigen, fruchtig-herben Nuancen und hinterlassen einen bleibenden Eindruck. Perfekt f\u00fcr die Momente, in denen das Rennen l\u00e4uft und Sie einen Gewinner in Ihrem Glas brauchen.  <\/p>\n","protected":false},"excerpt":{"rendered":"<p>Kuratiert von Bernd Mayl\u00e4nder, dem offiziellen Fahrer des F1 Safety Car, entsteht ein vollmundiger Rotwein aus der Rebsorte Zweigelt, der perfekt ausbalanciert ist und eine samtige Weichheit und raffinierte Eleganz aufweist. Aromen von Kirsche, Himbeere und schwarzem Pfeffer harmonieren mit kr\u00e4ftigen, fruchtig-herben Nuancen und hinterlassen einen bleibenden Eindruck. Perfekt f\u00fcr die Momente, in denen das Rennen l\u00e4uft und Sie einen Gewinner in Ihrem Glas brauchen.  <\/p>\n","protected":false},"featured_media":19056,"comment_status":"open","ping_status":"closed","template":"","meta":[],"product_brand":[208],"product_cat":[64,67,70],"product_tag":[72,210],"class_list":{"0":"post-21873","1":"product","2":"type-product","3":"status-publish","4":"has-post-thumbnail","6":"product_brand-maylander-wine","7":"product_cat-wein","8":"product_cat-apex-serie","9":"product_cat-rotwein","10":"product_tag-rotwein","11":"product_tag-zweiglet","13":"first","14":"instock","15":"shipping-taxable","16":"purchasable","17":"product-type-simple"},"exclude_global_add_ons":[],"addons":[],"_links":{"self":[{"href":"https:\/\/maylander.wine\/de\/wp-json\/wp\/v2\/product\/21873","targetHints":{"allow":["GET"]}}],"collection":[{"href":"https:\/\/maylander.wine\/de\/wp-json\/wp\/v2\/product"}],"about":[{"href":"https:\/\/maylander.wine\/de\/wp-json\/wp\/v2\/types\/product"}],"replies":[{"embeddable":true,"href":"https:\/\/maylander.wine\/de\/wp-json\/wp\/v2\/comments?post=21873"}],"version-history":[{"count":0,"href":"https:\/\/maylander.wine\/de\/wp-json\/wp\/v2\/product\/21873\/revisions"}],"wp:featuredmedia":[{"embeddable":true,"href":"https:\/\/maylander.wine\/de\/wp-json\/wp\/v2\/media\/19056"}],"wp:attachment":[{"href":"https:\/\/maylander.wine\/de\/wp-json\/wp\/v2\/media?parent=21873"}],"wp:term":[{"taxonomy":"product_brand","embeddable":true,"href":"https:\/\/maylander.wine\/de\/wp-json\/wp\/v2\/product_brand?post=21873"},{"taxonomy":"product_cat","embeddable":true,"href":"https:\/\/maylander.wine\/de\/wp-json\/wp\/v2\/product_cat?post=21873"},{"taxonomy":"product_tag","embeddable":true,"href":"https:\/\/maylander.wine\/de\/wp-json\/wp\/v2\/product_tag?post=21873"}],"curies":[{"name":"wp","href":"https:\/\/api.w.org\/{rel}","templated":true}]}}