{"id":3235,"date":"2025-03-03T14:17:30","date_gmt":"2025-03-03T14:17:30","guid":{"rendered":"https:\/\/maylander.wine\/bedingungen-konditionen\/"},"modified":"2025-07-18T07:07:53","modified_gmt":"2025-07-18T07:07:53","slug":"bedingungen-konditionen","status":"publish","type":"page","link":"https:\/\/maylander.wine\/de\/bedingungen-konditionen\/","title":{"rendered":"Bedingungen &amp; Konditionen"},"content":{"rendered":"\t\t<div data-elementor-type=\"wp-page\" data-elementor-id=\"3235\" class=\"elementor elementor-3235 elementor-108\" data-elementor-post-type=\"page\">\n\t\t\t\t<div class=\"elementor-element elementor-element-1c318d8a e-flex e-con-boxed e-con e-parent\" data-id=\"1c318d8a\" data-element_type=\"container\" data-e-type=\"container\">\n\t\t\t\t\t<div class=\"e-con-inner\">\n\t\t\t\t<div class=\"elementor-element elementor-element-4cafc697 elementor-widget elementor-widget-text-editor\" data-id=\"4cafc697\" data-element_type=\"widget\" data-e-type=\"widget\" data-widget_type=\"text-editor.default\">\n\t\t\t\t\t\t\t\t\t<p><span style=\"font-family: arial, helvetica, sans-serif;\"><strong>BEDINGUNGEN &amp; KONDITIONEN<\/strong><\/span><\/p>\n<h3><span style=\"font-family: arial, helvetica, sans-serif;\">Website-Nutzungsbedingungen<\/span><\/h3>\n<p><span style=\"font-family: arial, helvetica, sans-serif;\">Diese Nutzungsbedingungen gelten zwischen Ihnen, dem Nutzer dieser Website, und Mayl\u00e4nder Wein, dem Eigent\u00fcmer und Betreiber dieser Website. Durch die Nutzung unserer Website erkl\u00e4ren Sie, dass Sie diese Nutzungsbedingungen akzeptieren und sich an sie halten. Wenn Sie mit diesen Bedingungen nicht einverstanden sind, sehen Sie bitte von der Nutzung unserer Website ab.  <\/span><\/p>\n<p><span style=\"font-family: arial, helvetica, sans-serif;\">Sie m\u00fcssen mindestens 18 Jahre alt sein, um diese Website nutzen zu k\u00f6nnen. Durch die Nutzung der Website und die Zustimmung zu diesen Bedingungen und Konditionen best\u00e4tigen Sie, dass Sie mindestens 18 Jahre alt sind. <\/span><\/p>\n<hr>\n<h3><span style=\"font-family: arial, helvetica, sans-serif;\">Geistiges Eigentum und akzeptable Nutzung<\/span><\/h3>\n<p><span style=\"font-family: arial, helvetica, sans-serif;\">Alle Inhalte auf der Website sind Eigentum von Mayl\u00e4nder Wein, unseren verbundenen Unternehmen oder relevanten Dritten. Indem Sie die Website weiterhin nutzen, erkennen Sie an, dass diese Inhalte durch Urheberrechte, Marken, Datenbankrechte und andere Gesetze zum Schutz geistigen Eigentums gesch\u00fctzt sind. <\/span><\/p>\n<p><span style=\"font-family: arial, helvetica, sans-serif;\">Sie d\u00fcrfen die Website nicht f\u00fcr sch\u00e4dliche, illegale, missbr\u00e4uchliche, bel\u00e4stigende, bedrohliche oder anderweitig anst\u00f6\u00dfige Zwecke oder unter Verletzung geltender Gesetze oder Vorschriften nutzen.<\/span><\/p>\n<hr>\n<h3><span style=\"font-family: arial, helvetica, sans-serif;\">Registrierung, Passwort &amp; Sicherheit<\/span><\/h3>\n<p><span style=\"font-family: arial, helvetica, sans-serif;\">Sie m\u00fcssen sicherstellen, dass die bei der Registrierung angegebenen Daten korrekt und vollst\u00e4ndig sind.<\/span><\/p>\n<p><span style=\"font-family: arial, helvetica, sans-serif;\">Sie k\u00f6nnen Ihre Registrierung jederzeit stornieren, indem Sie sich schriftlich an uns wenden <strong><a href=\"mailto:info@maylander.wine\">info@maylander.wine<\/a><\/strong>.<\/span><\/p>\n<p><span style=\"font-family: arial, helvetica, sans-serif;\">Wenn Sie sich auf dieser Website registrieren, werden Sie aufgefordert, ein Passwort zu erstellen, das Sie vertraulich behandeln sollten. Wenn wir einen Missbrauch der Website oder eine Verletzung der Sicherheit vermuten, k\u00f6nnen wir Sie auffordern, Ihr Passwort zu \u00e4ndern oder Ihr Konto zu sperren. <\/span><\/p>\n<hr>\n<h3><span style=\"font-family: arial, helvetica, sans-serif;\">Zeitpl\u00e4ne f\u00fcr den Versand<\/span><\/h3>\n<p><span style=\"font-family: arial, helvetica, sans-serif;\">Bestellungen werden nur an Werktagen innerhalb von 48 Stunden verschickt. Je nach Verf\u00fcgbarkeit des Kurierdienstes kann die Lieferung zwischen 10 Uhr und 22 Uhr erfolgen. Wenn ein Artikel nicht mehr vorr\u00e4tig ist, werden wir Sie umgehend benachrichtigen und Ihnen einen voraussichtlichen Zeitrahmen nennen. Wenn Sie sich vor einer Bestellung \u00fcber den Lagerbestand informieren m\u00f6chten, k\u00f6nnen Sie uns eine E-Mail an <strong><a href=\"mailto:info@maylander.wine\">info@maylander.wine<\/a><\/strong>.   <\/span><\/p>\n<hr>\n<h3><span style=\"font-family: arial, helvetica, sans-serif;\">Kosten f\u00fcr die Lieferung<\/span><\/h3>\n<p><span style=\"font-family: arial, helvetica, sans-serif;\">Die auf der Website angegebenen Lieferkosten umfassen die Standardlieferung durch einen bestimmten Kurierdienst. Wenn Sie einen speziellen Lieferservice ben\u00f6tigen, kontaktieren Sie uns bitte, um ein auf Ihre Bed\u00fcrfnisse zugeschnittenes Angebot zu erhalten. <\/span><\/p>\n<hr>\n<h3><span style=\"font-family: arial, helvetica, sans-serif;\">Zahlungen<\/span><\/h3>\n<p><span style=\"font-family: arial, helvetica, sans-serif;\">Zahlungen f\u00fcr Bestellungen, die \u00fcber unsere Website get\u00e4tigt werden, erfolgen per Kredit- oder Debitkarte \u00fcber unseren sicheren Server. Ihre Kartendaten werden verschl\u00fcsselt, bevor sie \u00fcbertragen werden, so dass Ihre vertraulichen Informationen vollst\u00e4ndig gesch\u00fctzt sind. <\/span><\/p>\n<hr>\n<h3><span style=\"font-family: arial, helvetica, sans-serif;\">R\u00fcckgabepolitik<\/span><\/h3>\n<p><span style=\"font-family: arial, helvetica, sans-serif;\">Mayl\u00e4nder Wein akzeptiert R\u00fccksendungen oder R\u00fcckerstattungen innerhalb von 14 Tagen nach Erhalt, vorausgesetzt, die Artikel sind unbenutzt und frankiert (falls zutreffend), zusammen mit der Rechnung und Angaben zum Grund der R\u00fcckgabe. Die R\u00fcckerstattung erfolgt \u00fcber die urspr\u00fcngliche Zahlungsmethode (z.B. Kredit- oder Debitkarte). Bitte beachten Sie, dass die Versandkosten nicht erstattungsf\u00e4hig sind, es sei denn, die Ware wurde vor dem Versand als fehlerhaft eingestuft.  <\/span><\/p>\n<hr>\n<h3><span style=\"font-family: arial, helvetica, sans-serif;\">Auf dem Transportweg besch\u00e4digte Waren<\/span><\/h3>\n<p><span style=\"font-family: arial, helvetica, sans-serif;\">Obwohl wir Ihre Bestellung sehr sorgf\u00e4ltig verpacken, sind wir nicht f\u00fcr Sch\u00e4den verantwortlich, die nach der \u00dcbergabe der Ware an den Kurier auftreten. Wenn Sie besch\u00e4digte Waren erhalten, benachrichtigen Sie uns sofort und bewahren Sie alle relevanten Unterlagen auf, damit wir einen Versicherungsanspruch beim Spediteur einreichen k\u00f6nnen. Wenn das Paket bei der Ankunft besch\u00e4digt erscheint, vermerken Sie dies bitte bei der Unterzeichnung des Pakets, auch bevor Sie es \u00f6ffnen.  <\/span><\/p>\n<p><span style=\"font-family: arial, helvetica, sans-serif;\">Weitere Einzelheiten finden Sie in unserer <a href=\"https:\/\/maylander.wine\/de\/due-diligence-pruefung\/\">Richtlinie zur Sorgfaltspflicht<\/a>.<\/span><\/p>\t\t\t\t\t\t\t\t<\/div>\n\t\t\t\t\t<\/div>\n\t\t\t\t<\/div>\n\t\t\t\t<\/div>\n\t\t","protected":false},"excerpt":{"rendered":"<p>Diese Nutzungsbedingungen gelten zwischen Ihnen, dem Nutzer dieser Website, und Mayl\u00e4nder Wein, dem Eigent\u00fcmer und Betreiber dieser Website. Durch die Nutzung unserer Website erkl\u00e4ren Sie, dass Sie diese Nutzungsbedingungen akzeptieren und sich an sie halten. Wenn Sie mit diesen Bedingungen nicht einverstanden sind, sehen Sie bitte von der Nutzung unserer Website ab.  <\/p>\n<p>Sie m\u00fcssen mindestens 18 Jahre alt sein, um diese Website nutzen zu k\u00f6nnen. Durch die Nutzung der Website und die Zustimmung zu diesen Bedingungen und Konditionen best\u00e4tigen Sie, dass Sie mindestens 18 Jahre alt sind. <\/p>\n","protected":false},"author":1,"featured_media":0,"parent":0,"menu_order":0,"comment_status":"closed","ping_status":"closed","template":"","meta":{"footnotes":""},"class_list":["post-3235","page","type-page","status-publish","hentry"],"_links":{"self":[{"href":"https:\/\/maylander.wine\/de\/wp-json\/wp\/v2\/pages\/3235","targetHints":{"allow":["GET"]}}],"collection":[{"href":"https:\/\/maylander.wine\/de\/wp-json\/wp\/v2\/pages"}],"about":[{"href":"https:\/\/maylander.wine\/de\/wp-json\/wp\/v2\/types\/page"}],"author":[{"embeddable":true,"href":"https:\/\/maylander.wine\/de\/wp-json\/wp\/v2\/users\/1"}],"replies":[{"embeddable":true,"href":"https:\/\/maylander.wine\/de\/wp-json\/wp\/v2\/comments?post=3235"}],"version-history":[{"count":0,"href":"https:\/\/maylander.wine\/de\/wp-json\/wp\/v2\/pages\/3235\/revisions"}],"wp:attachment":[{"href":"https:\/\/maylander.wine\/de\/wp-json\/wp\/v2\/media?parent=3235"}],"curies":[{"name":"wp","href":"https:\/\/api.w.org\/{rel}","templated":true}]}}