{"id":3231,"date":"2025-03-03T14:29:52","date_gmt":"2025-03-03T14:29:52","guid":{"rendered":"https:\/\/maylander.wine\/datenschutzbestimmungen\/"},"modified":"2025-03-08T12:54:10","modified_gmt":"2025-03-08T12:54:10","slug":"datenschutzbestimmungen","status":"publish","type":"page","link":"https:\/\/maylander.wine\/de\/datenschutzbestimmungen\/","title":{"rendered":"Datenschutzbestimmungen"},"content":{"rendered":"\t\t<div data-elementor-type=\"wp-page\" data-elementor-id=\"3231\" class=\"elementor elementor-3231 elementor-1185\" data-elementor-post-type=\"page\">\n\t\t\t\t<div class=\"elementor-element elementor-element-1c318d8a e-flex e-con-boxed e-con e-parent\" data-id=\"1c318d8a\" data-element_type=\"container\" data-e-type=\"container\">\n\t\t\t\t\t<div class=\"e-con-inner\">\n\t\t\t\t<div class=\"elementor-element elementor-element-4cafc697 elementor-widget elementor-widget-text-editor\" data-id=\"4cafc697\" data-element_type=\"widget\" data-e-type=\"widget\" data-widget_type=\"text-editor.default\">\n\t\t\t\t\t\t\t\t\t<p><span style=\"font-family: arial, helvetica, sans-serif;\"><strong>DATENSCHUTZPOLITIK<\/strong><\/span><\/p>\n<h3><span style=\"font-family: arial, helvetica, sans-serif;\">Grunds\u00e4tze:<\/span><\/h3>\n<p><span style=\"font-family: arial, helvetica, sans-serif;\">Wenn Mayl\u00e4nder Wein Ihre Daten verwendet, versprechen wir:<\/span><\/p>\n<ul>\n<li><span style=\"font-family: arial, helvetica, sans-serif;\">Wir k\u00fcmmern uns sorgf\u00e4ltig um Ihre Daten.<\/span><\/li>\n<li><span style=\"font-family: arial, helvetica, sans-serif;\">Wir verwenden Ihre Daten ausschlie\u00dflich zur Bereitstellung und Verbesserung der Mayl\u00e4nder Wein-Website.<\/span><\/li>\n<li><span style=\"font-family: arial, helvetica, sans-serif;\">Wir werden Ihnen keinen Spam senden; nur Sie entscheiden, was und wie Sie von uns h\u00f6ren.<\/span><\/li>\n<li><span style=\"font-family: arial, helvetica, sans-serif;\">Wir werden Ihre Daten nicht l\u00e4nger aufbewahren, als wir sie ben\u00f6tigen.<\/span><\/li>\n<li><span style=\"font-family: arial, helvetica, sans-serif;\">Wir verpflichten uns, Ihre Privatsph\u00e4re und Sicherheit zu sch\u00fctzen.<\/span><\/li>\n<\/ul>\n<h3><span style=\"font-family: arial, helvetica, sans-serif;\">Rechtsgrundlage f\u00fcr die Verarbeitung Ihrer Daten<\/span><\/h3>\n<p><span style=\"font-family: arial, helvetica, sans-serif;\">Wenn wir Ihre Daten verarbeiten, agiert Mayl\u00e4nder Wein als Datenverantwortlicher, w\u00e4hrend Sie die betroffene Person sind. Als Data Controller st\u00fctzen wir uns bei der Verarbeitung Ihrer Daten auf die folgenden Rechtsgrundlagen: <\/span><\/p>\n<p><span style=\"font-family: arial, helvetica, sans-serif;\"><strong>Erf\u00fcllung eines Vertrags<\/strong> Die Verwendung Ihrer Daten ist notwendig, um den Vertrag, den Sie mit uns geschlossen haben, zu erf\u00fcllen. Zum Beispiel, um eine Bestellung anzunehmen, eine Zahlung einzuziehen, Ihren Wein zu versenden und Kundendienstleistungen wie R\u00fcckgabe, R\u00fcckerstattung und Umtausch zu verwalten. <\/span><\/p>\n<p><span style=\"font-family: arial, helvetica, sans-serif;\"><strong>Berechtigte Interessen<\/strong> Wir k\u00f6nnen Ihre Daten f\u00fcr unsere berechtigten Interessen verwenden, z. B. zur Verbesserung der von uns angebotenen Produkte und Dienstleistungen, zur Aktualisierung und Anpassung unserer Website und zur Verwendung Ihrer Daten zum Schutz vor Betrug oder f\u00fcr rechtliche Zwecke.<\/span><\/p>\n<h3><span style=\"font-family: arial, helvetica, sans-serif;\">Wie wir Ihre Daten verwenden<\/span><\/h3>\n<p><span style=\"font-family: arial, helvetica, sans-serif;\">Wir verwenden Ihre Daten, um Ihnen unsere Dienstleistungen auf verschiedene Weise anbieten zu k\u00f6nnen. Sie sind nicht verpflichtet, uns diese Daten mitzuteilen, aber wenn Sie dies nicht tun, k\u00f6nnen Sie m\u00f6glicherweise unsere Website nicht nutzen, keinen Wein bei uns kaufen und erhalten nicht den bestm\u00f6glichen Service. <\/span><\/p>\n<h4><span style=\"font-family: arial, helvetica, sans-serif;\"><strong>Ihr Name und Ihre Kontaktinformationen<\/strong><\/span><\/h4>\n<p><span style=\"font-family: arial, helvetica, sans-serif;\">Wir verwenden diese Daten, um:<\/span><\/p>\n<ul>\n<li><span style=\"font-family: arial, helvetica, sans-serif;\">Liefern Sie Ihre Bestellung.<\/span><\/li>\n<li><span style=\"font-family: arial, helvetica, sans-serif;\">Ihnen per E-Mail Nachrichten zu Ihrer Bestellung schicken.<\/span><\/li>\n<li><span style=\"font-family: arial, helvetica, sans-serif;\">Ihnen Informationen \u00fcber unsere Produkte, Angebote, Dienstleistungen und Werbeaktionen zukommen zu lassen (nur mit Ihrer Zustimmung, die Sie jederzeit widerrufen k\u00f6nnen).<\/span><\/li>\n<li><span style=\"font-family: arial, helvetica, sans-serif;\">Verhinderung und Aufdeckung von Betrug.<\/span><\/li>\n<\/ul>\n<h4><span style=\"font-family: arial, helvetica, sans-serif;\"><strong>Ihr Geburtsdatum<\/strong><\/span><\/h4>\n<p><span style=\"font-family: arial, helvetica, sans-serif;\">Wir verwenden diese Daten, um:<\/span><\/p>\n<ul>\n<li><span style=\"font-family: arial, helvetica, sans-serif;\">Stellen Sie sicher, dass Sie \u00fcber 18 Jahre alt sind, da wir keinen Alkohol an Minderj\u00e4hrige verkaufen d\u00fcrfen.<\/span><\/li>\n<\/ul>\n<h4><span style=\"font-family: arial, helvetica, sans-serif;\"><strong>Ihre Zahlungsinformationen<\/strong><\/span><\/h4>\n<p><span style=\"font-family: arial, helvetica, sans-serif;\">Wir verwenden diese Daten, um:<\/span><\/p>\n<ul>\n<li><span style=\"font-family: arial, helvetica, sans-serif;\">Bearbeiten Sie Zahlungen und stellen Sie Erstattungen aus.<\/span><\/li>\n<li><span style=\"font-family: arial, helvetica, sans-serif;\">Verhinderung und Aufdeckung von Betrug.<\/span><\/li>\n<\/ul>\n<h4><span style=\"font-family: arial, helvetica, sans-serif;\"><strong>Angaben zum Bankkonto<\/strong><\/span><\/h4>\n<p><span style=\"font-family: arial, helvetica, sans-serif;\">Wir verwenden diese Daten, um:<\/span><\/p>\n<ul>\n<li><span style=\"font-family: arial, helvetica, sans-serif;\">Stellen Sie sicher, dass Ihre Bankverbindung f\u00fcr die Bearbeitung von Zahlungen und Erstattungen korrekt ist.<\/span><\/li>\n<\/ul>\n<h4><span style=\"font-family: arial, helvetica, sans-serif;\"><strong>Adresse Details<\/strong><\/span><\/h4>\n<p><span style=\"font-family: arial, helvetica, sans-serif;\">Wir verwenden diese Daten, um:<\/span><\/p>\n<ul>\n<li><span style=\"font-family: arial, helvetica, sans-serif;\">Liefern Sie Ihre Weinbestellung.<\/span><\/li>\n<\/ul>\n<h4><span style=\"font-family: arial, helvetica, sans-serif;\"><strong>Details von Gespr\u00e4che mit Ihnen<\/strong><\/span><\/h4>\n<p><span style=\"font-family: arial, helvetica, sans-serif;\">Wir verwenden diese Daten, um:<\/span><\/p>\n<ul>\n<li><span style=\"font-family: arial, helvetica, sans-serif;\">Bieten Sie einen hervorragenden Kundenservice.<\/span><\/li>\n<\/ul>\n<h4><span style=\"font-family: arial, helvetica, sans-serif;\"><strong>Wie und wann Sie unsere Website nutzen<\/strong><\/span><\/h4>\n<p><span style=\"font-family: arial, helvetica, sans-serif;\">Dazu geh\u00f6ren die von Ihnen besuchten Seiten, Interaktionen, Ihre IP-Adresse und der Ger\u00e4tetyp. Wir verwenden diese Daten, um: <\/span><\/p>\n<ul>\n<li><span style=\"font-family: arial, helvetica, sans-serif;\">Analysieren und optimieren Sie die Leistung Ihrer Website.<\/span><\/li>\n<li><span style=\"font-family: arial, helvetica, sans-serif;\">Versuche, unsere Website oder Systeme zu hacken, zu erkennen, zu verhindern und zu untersuchen.<\/span><\/li>\n<\/ul>\n<h4><span style=\"font-family: arial, helvetica, sans-serif;\"><strong>E-Mail-Interaktionen<\/strong><\/span><\/h4>\n<p><span style=\"font-family: arial, helvetica, sans-serif;\">Wir verwenden diese Daten, um:<\/span><\/p>\n<ul>\n<li><span style=\"font-family: arial, helvetica, sans-serif;\">Analyse, Optimierung und Verbesserung unserer E-Mail-Kampagnen f\u00fcr eine bessere Benutzererfahrung.<\/span><\/li>\n<\/ul>\n<h3><span style=\"font-family: arial, helvetica, sans-serif;\">Aufbewahrung Ihrer Daten<\/span><\/h3>\n<p><span style=\"font-family: arial, helvetica, sans-serif;\">Wir werden Ihre Daten nicht l\u00e4nger als n\u00f6tig aufbewahren. Allerdings k\u00f6nnen wir Ihre Daten unter den folgenden Umst\u00e4nden aufbewahren: <\/span><\/p>\n<ul>\n<li><span style=\"font-family: arial, helvetica, sans-serif;\">Solange Ihr Konto bei uns offen bleibt.<\/span><\/li>\n<li><span style=\"font-family: arial, helvetica, sans-serif;\">So lange, wie es f\u00fcr die Erbringung von Dienstleistungen wie R\u00fccksendungen oder Erstattungen erforderlich ist.<\/span><\/li>\n<li><span style=\"font-family: arial, helvetica, sans-serif;\">Wenn dies erforderlich ist, um rechtlichen Verpflichtungen nachzukommen, Streitigkeiten beizulegen oder Betrug aufzudecken und zu verhindern.<\/span><\/li>\n<\/ul>\n<h3><span style=\"font-family: arial, helvetica, sans-serif;\">Teilen Sie Ihre Daten<\/span><\/h3>\n<p><span style=\"font-family: arial, helvetica, sans-serif;\">Wir verkaufen Ihre Daten nicht an Dritte. Wir k\u00f6nnen Ihre Daten jedoch an die folgenden Organisationen weitergeben: <\/span><\/p>\n<ul>\n<li><span style=\"font-family: arial, helvetica, sans-serif;\">Unternehmen, die Ihren Wein verpacken und liefern.<\/span><\/li>\n<li><span style=\"font-family: arial, helvetica, sans-serif;\">Zahlungsabwickler wie Kreditkartenunternehmen, Banken und Zahlungsanbieter.<\/span><\/li>\n<li><span style=\"font-family: arial, helvetica, sans-serif;\">Partnerunternehmen.<\/span><\/li>\n<li><span style=\"font-family: arial, helvetica, sans-serif;\">Unternehmen zur Betrugsbek\u00e4mpfung.<\/span><\/li>\n<li><span style=\"font-family: arial, helvetica, sans-serif;\">Strafverfolgungsbeh\u00f6rden, wenn dies gesetzlich vorgeschrieben ist.<\/span><\/li>\n<li><span style=\"font-family: arial, helvetica, sans-serif;\">Spezialisierte Unternehmen, die unsere Website und Systeme hosten oder uns beim Marketing unterst\u00fctzen.<\/span><\/li>\n<li><span style=\"font-family: arial, helvetica, sans-serif;\">Drittanbieter f\u00fcr Forschung und Analyse in anonymisierter Form, um unsere Dienstleistungen zu verbessern.<\/span><\/li>\n<\/ul>\n<h3><span style=\"font-family: arial, helvetica, sans-serif;\">Nutzen Sie Ihre Daten f\u00fcr das Marketing<\/span><\/h3>\n<p><span style=\"font-family: arial, helvetica, sans-serif;\">Wir werden Ihnen nur dann Marketingnachrichten per E-Mail, SMS oder Post schicken, wenn Sie dem Erhalt dieser Nachrichten zugestimmt haben. Sie k\u00f6nnen den Erhalt von Marketingnachrichten von uns jederzeit beenden. <\/span><\/p>\n<h3><span style=\"font-family: arial, helvetica, sans-serif;\">Cookies<\/span><\/h3>\n<p><span style=\"font-family: arial, helvetica, sans-serif;\">Wir verwenden Cookies auf unserer Website, um Ihr Surferlebnis zu verbessern. In den Cookies werden keine pers\u00f6nlichen Informationen gespeichert, aber sie k\u00f6nnen in unseren Systemen mit Ihnen verkn\u00fcpft werden. <\/span><\/p>\n<h3><span style=\"font-family: arial, helvetica, sans-serif;\">Ihre Rechte<\/span><\/h3>\n<p><span style=\"font-family: arial, helvetica, sans-serif;\">Sie haben das Recht dazu:<\/span><\/p>\n<ul>\n<li><span style=\"font-family: arial, helvetica, sans-serif;\">Sie wissen, welche pers\u00f6nlichen Daten wir besitzen und wie wir sie verarbeiten.<\/span><\/li>\n<li><span style=\"font-family: arial, helvetica, sans-serif;\">Beantragen Sie, dass wir falsche Daten aktualisieren.<\/span><\/li>\n<li><span style=\"font-family: arial, helvetica, sans-serif;\">Verlangen Sie Zugang zu den pers\u00f6nlichen Daten, die wir \u00fcber Sie gespeichert haben.<\/span><\/li>\n<li><span style=\"font-family: arial, helvetica, sans-serif;\">Sie k\u00f6nnen unter bestimmten Umst\u00e4nden verlangen, dass wir die Verarbeitung Ihrer Daten einstellen oder sie l\u00f6schen.<\/span><\/li>\n<li><span style=\"font-family: arial, helvetica, sans-serif;\">Abmeldung von Marketing-Nachrichten.<\/span><\/li>\n<li><span style=\"font-family: arial, helvetica, sans-serif;\">Sie k\u00f6nnen verlangen, dass wir Ihre Daten an einen anderen Dienstanbieter weitergeben.<\/span><\/li>\n<li><span style=\"font-family: arial, helvetica, sans-serif;\">Reichen Sie eine Beschwerde bei der ICO ein.<\/span><\/li>\n<\/ul>\n<h3><span style=\"font-family: arial, helvetica, sans-serif;\">\u00c4nderungen an unserem Datenschutzhinweis<\/span><\/h3>\n<p><span style=\"font-family: arial, helvetica, sans-serif;\">Wir k\u00f6nnen diesen Datenschutzhinweis von Zeit zu Zeit aktualisieren. Wenn \u00c4nderungen vorgenommen werden, werden wir diese Seite aktualisieren. Wenn sich wesentliche \u00c4nderungen ergeben, werden wir Sie per E-Mail benachrichtigen.  <\/span><\/p>\n<p><span style=\"font-family: arial, helvetica, sans-serif;\">Weitere Informationen \u00fcber unsere Richtlinien finden Sie in unserer <a href=\"https:\/\/maylander.wine\/de\/due-diligence-pruefung\/\">Richtlinie zur Sorgfaltspflicht<\/a>.<\/span><\/p>\t\t\t\t\t\t\t\t<\/div>\n\t\t\t\t\t<\/div>\n\t\t\t\t<\/div>\n\t\t\t\t<\/div>\n\t\t","protected":false},"excerpt":{"rendered":"<p>Wenn Mayl\u00e4nder Wein Ihre Daten verwendet, versprechen wir Ihnen:<\/p>\n<p>Wir gehen sorgsam mit Ihren Daten um.<br \/>\nWir verwenden Ihre Daten nur, um die Mayl\u00e4nder Wein-Website bereitzustellen und zu verbessern.<br \/>\nWir werden Ihnen keinen Spam senden; nur Sie entscheiden, was und wie Sie von uns h\u00f6ren.<\/p>\n","protected":false},"author":1,"featured_media":0,"parent":0,"menu_order":0,"comment_status":"closed","ping_status":"closed","template":"","meta":{"footnotes":""},"class_list":["post-3231","page","type-page","status-publish","hentry"],"_links":{"self":[{"href":"https:\/\/maylander.wine\/de\/wp-json\/wp\/v2\/pages\/3231","targetHints":{"allow":["GET"]}}],"collection":[{"href":"https:\/\/maylander.wine\/de\/wp-json\/wp\/v2\/pages"}],"about":[{"href":"https:\/\/maylander.wine\/de\/wp-json\/wp\/v2\/types\/page"}],"author":[{"embeddable":true,"href":"https:\/\/maylander.wine\/de\/wp-json\/wp\/v2\/users\/1"}],"replies":[{"embeddable":true,"href":"https:\/\/maylander.wine\/de\/wp-json\/wp\/v2\/comments?post=3231"}],"version-history":[{"count":0,"href":"https:\/\/maylander.wine\/de\/wp-json\/wp\/v2\/pages\/3231\/revisions"}],"wp:attachment":[{"href":"https:\/\/maylander.wine\/de\/wp-json\/wp\/v2\/media?parent=3231"}],"curies":[{"name":"wp","href":"https:\/\/api.w.org\/{rel}","templated":true}]}}