{"id":3164,"date":"2025-03-03T14:17:55","date_gmt":"2025-03-03T14:17:55","guid":{"rendered":"https:\/\/maylander.wine\/due-diligence-pruefung\/"},"modified":"2025-05-23T14:48:19","modified_gmt":"2025-05-23T14:48:19","slug":"due-diligence-pruefung","status":"publish","type":"page","link":"https:\/\/maylander.wine\/de\/due-diligence-pruefung\/","title":{"rendered":"Due-Diligence-Pr\u00fcfung"},"content":{"rendered":"\t\t<div data-elementor-type=\"wp-page\" data-elementor-id=\"3164\" class=\"elementor elementor-3164 elementor-1179\" data-elementor-post-type=\"page\">\n\t\t\t\t<div class=\"elementor-element elementor-element-1c318d8a e-flex e-con-boxed e-con e-parent\" data-id=\"1c318d8a\" data-element_type=\"container\" data-e-type=\"container\">\n\t\t\t\t\t<div class=\"e-con-inner\">\n\t\t\t\t<div class=\"elementor-element elementor-element-ac79391 elementor-widget elementor-widget-heading\" data-id=\"ac79391\" data-element_type=\"widget\" data-e-type=\"widget\" data-widget_type=\"heading.default\">\n\t\t\t\t\t<h3 class=\"elementor-heading-title elementor-size-default\">Richtlinie zur Sorgfaltspflicht<\/h3>\t\t\t\t<\/div>\n\t\t\t\t<div class=\"elementor-element elementor-element-d0ccae8 elementor-widget elementor-widget-text-editor\" data-id=\"d0ccae8\" data-element_type=\"widget\" data-e-type=\"widget\" data-widget_type=\"text-editor.default\">\n\t\t\t\t\t\t\t\t\t<p data-start=\"301\" data-end=\"432\"><strong data-start=\"301\" data-end=\"324\">Box Box Box Limited<\/strong> f\u00fchrt alle Due-Diligence-Pr\u00fcfungen in \u00dcbereinstimmung mit dem <strong data-start=\"382\" data-end=\"431\">Alcohol Wholesaler Registration Scheme (AWRS<\/strong>) durch.<\/p><p data-start=\"434\" data-end=\"533\">Wir sind im Rahmen dieses Programms registriert, und unsere AWRS-Referenznummer lautet:<br data-start=\"511\" data-end=\"514\"> XCAW00000121958<\/p><p data-start=\"535\" data-end=\"755\">Weitere Informationen finden Sie in der offiziellen Anleitung der britischen Regierung:<br data-start=\"606\" data-end=\"609\"><a class=\"\" href=\"https:\/\/www.gov.uk\/guidance\/the-alcohol-wholesaler-registration-scheme-awrs\" target=\"_new\" rel=\"noopener\" data-start=\"609\" data-end=\"755\">www.gov.uk\/guidance\/the-alcohol-wholesaler-registration-scheme-awrs<\/a><\/p>\t\t\t\t\t\t\t\t<\/div>\n\t\t\t\t<div class=\"elementor-element elementor-element-e34a069 elementor-widget elementor-widget-text-editor\" data-id=\"e34a069\" data-element_type=\"widget\" data-e-type=\"widget\" data-widget_type=\"text-editor.default\">\n\t\t\t\t\t\t\t\t\t<h5 data-start=\"762\" data-end=\"797\">Lieferkette und Compliance<\/h5><p data-start=\"799\" data-end=\"949\">In \u00dcbereinstimmung mit diesen Richtlinien und im Rahmen unserer Verpflichtung zur Bek\u00e4mpfung von Alkoholbetrug f\u00fchrt <strong data-start=\"877\" data-end=\"900\">Box Box Limited<\/strong> angemessene und verh\u00e4ltnism\u00e4\u00dfige Kontrollen durch:<\/p><ul data-start=\"951\" data-end=\"1085\"><li data-start=\"951\" data-end=\"986\"><p data-start=\"953\" data-end=\"986\">Lieferanten von alkoholischen Produkten<\/p><\/li><li data-start=\"987\" data-end=\"1010\"><p data-start=\"989\" data-end=\"1010\">Gro\u00dfhandelskunden<\/p><\/li><li data-start=\"1011\" data-end=\"1085\"><p data-start=\"1013\" data-end=\"1085\">Transport- und Logistikunternehmen, die im Vertrieb von Waren t\u00e4tig sind<\/p><\/li><\/ul><p data-start=\"1087\" data-end=\"1264\">Wir \u00fcberpr\u00fcfen regelm\u00e4\u00dfig unsere gesamte Lieferkette und fordern alle Handelspartner auf, uns \u00fcber alle \u00c4nderungen wichtiger Gesch\u00e4ftsinformationen zu informieren, einschlie\u00dflich, aber nicht beschr\u00e4nkt auf:<\/p><ul data-start=\"1266\" data-end=\"1467\"><li data-start=\"1266\" data-end=\"1302\"><p data-start=\"1268\" data-end=\"1302\">Unternehmensstruktur und Eigentumsverh\u00e4ltnisse<\/p><\/li><li data-start=\"1303\" data-end=\"1339\"><p data-start=\"1305\" data-end=\"1339\">Registrierte und Handelsadressen<\/p><\/li><li data-start=\"1340\" data-end=\"1377\"><p data-start=\"1342\" data-end=\"1377\">Website und E-Mail-Kontaktangaben<\/p><\/li><li data-start=\"1378\" data-end=\"1401\"><p data-start=\"1380\" data-end=\"1401\">Bankinformationen<\/p><\/li><li data-start=\"1402\" data-end=\"1430\"><p data-start=\"1404\" data-end=\"1430\">Umsatzsteuer-Identifikationsnummern<\/p><\/li><li data-start=\"1431\" data-end=\"1446\"><p data-start=\"1433\" data-end=\"1446\">AWRS-Status<\/p><\/li><li data-start=\"1447\" data-end=\"1467\"><p data-start=\"1449\" data-end=\"1467\">Referenzen im Handel<\/p><\/li><\/ul>\t\t\t\t\t\t\t\t<\/div>\n\t\t\t\t<div class=\"elementor-element elementor-element-e93fe9c elementor-widget elementor-widget-text-editor\" data-id=\"e93fe9c\" data-element_type=\"widget\" data-e-type=\"widget\" data-widget_type=\"text-editor.default\">\n\t\t\t\t\t\t\t\t\t<h5 data-start=\"1474\" data-end=\"1516\">\u00dcberpr\u00fcfungen und Dokumentation vor dem Handel<\/h5><p data-start=\"1518\" data-end=\"1766\">Bevor wir mit dem Handel beginnen, k\u00f6nnen wir potenzielle Partner auffordern, ein Antragsformular f\u00fcr den Handel auszuf\u00fcllen und ihre eigenen Due Diligence-Richtlinien und -Verfahren vorzulegen. Alle zur Verf\u00fcgung gestellten Unternehmensinformationen werden auf einer <strong data-start=\"1742\" data-end=\"1765\">risikobasierten Grundlage<\/strong> \u00fcberpr\u00fcft. <\/p><p data-start=\"1768\" data-end=\"1780\">Bitte beachten Sie:<\/p><ul data-start=\"1781\" data-end=\"2014\"><li data-start=\"1781\" data-end=\"1852\"><p data-start=\"1783\" data-end=\"1852\">Alle Kontrollen m\u00fcssen abgeschlossen und genehmigt sein <strong data-start=\"1825\" data-end=\"1850\">, bevor der Handel beginnt<\/strong><\/p><\/li><li data-start=\"1853\" data-end=\"1946\"><p data-start=\"1855\" data-end=\"1946\">Wir <strong data-start=\"1858\" data-end=\"1900\">akzeptieren nur Zahlungen per Bank\u00fcberweisung<\/strong> &#8211; Bargeldtransaktionen sind streng verboten.<\/p><\/li><li data-start=\"1947\" data-end=\"2014\"><p data-start=\"1949\" data-end=\"2014\">Ein digitaler Pr\u00fcfpfad ist f\u00fcr alle Gesch\u00e4ftstransaktionen erforderlich<\/p><\/li><\/ul>\t\t\t\t\t\t\t\t<\/div>\n\t\t\t\t<div class=\"elementor-element elementor-element-fe6e6c0 elementor-widget elementor-widget-text-editor\" data-id=\"fe6e6c0\" data-element_type=\"widget\" data-e-type=\"widget\" data-widget_type=\"text-editor.default\">\n\t\t\t\t\t\t\t\t\t<h5 data-start=\"2021\" data-end=\"2056\">Datensicherheit und Berichterstattung<\/h5><p data-start=\"2058\" data-end=\"2298\">Alle Aufzeichnungen werden in sicheren digitalen Formaten aufbewahrt, verschl\u00fcsselt und durch Firewall-Systeme gesch\u00fctzt, in \u00dcbereinstimmung mit Datensicherheitsstandards. Wir erwarten von unseren Partnern, dass sie beim Umgang mit sensiblen Unternehmensdaten \u00e4hnliche Standards einhalten. <\/p><p data-start=\"2300\" data-end=\"2427\">Wir behalten uns das Recht vor, jedes verd\u00e4chtige Verhalten oder jede Nichteinhaltung unverz\u00fcglich den zust\u00e4ndigen Aufsichtsbeh\u00f6rden zu melden.<\/p>\t\t\t\t\t\t\t\t<\/div>\n\t\t\t\t<div class=\"elementor-element elementor-element-3d03fdc elementor-widget elementor-widget-text-editor\" data-id=\"3d03fdc\" data-element_type=\"widget\" data-e-type=\"widget\" data-widget_type=\"text-editor.default\">\n\t\t\t\t\t\t\t\t\t<h5 data-start=\"2434\" data-end=\"2461\">Kontaktinformationen<\/h5><p data-start=\"2463\" data-end=\"2543\"><strong data-start=\"2463\" data-end=\"2486\">Box Box Box Limited<\/strong><br data-start=\"2486\" data-end=\"2489\">10-12 Alder Hills<br data-start=\"2506\" data-end=\"2509\">Poole, BH12 4AL<br data-start=\"2524\" data-end=\"2527\">Vereinigtes K\u00f6nigreich<\/p><p data-start=\"2545\" data-end=\"2636\">\ud83d\udcde Tel: 01202 413610 ext. 115<br data-start=\"2574\" data-end=\"2577\">\ud83d\udce7 Email: <a class=\"cursor-pointer\" href=\"mailto:info@maylander.wine\" rel=\"noopener\" data-start=\"2587\" data-end=\"2636\">info@maylander.wine<\/a><\/p>\t\t\t\t\t\t\t\t<\/div>\n\t\t\t\t\t<\/div>\n\t\t\t\t<\/div>\n\t\t\t\t<\/div>\n\t\t","protected":false},"excerpt":{"rendered":"<p>Gem\u00e4\u00df dem Registrierungssystem f\u00fcr Alkoholgro\u00dfh\u00e4ndler (AWRS) werden die Lieferanten von alkoholischen Produkten, die Gro\u00dfhandelskunden und die Transportunternehmen, die das Unternehmen mit dem Vertrieb dieser Produkte beauftragt hat, \u00fcberpr\u00fcft.<\/p>\n","protected":false},"author":1,"featured_media":0,"parent":0,"menu_order":0,"comment_status":"closed","ping_status":"closed","template":"","meta":{"footnotes":""},"class_list":["post-3164","page","type-page","status-publish","hentry"],"_links":{"self":[{"href":"https:\/\/maylander.wine\/de\/wp-json\/wp\/v2\/pages\/3164","targetHints":{"allow":["GET"]}}],"collection":[{"href":"https:\/\/maylander.wine\/de\/wp-json\/wp\/v2\/pages"}],"about":[{"href":"https:\/\/maylander.wine\/de\/wp-json\/wp\/v2\/types\/page"}],"author":[{"embeddable":true,"href":"https:\/\/maylander.wine\/de\/wp-json\/wp\/v2\/users\/1"}],"replies":[{"embeddable":true,"href":"https:\/\/maylander.wine\/de\/wp-json\/wp\/v2\/comments?post=3164"}],"version-history":[{"count":0,"href":"https:\/\/maylander.wine\/de\/wp-json\/wp\/v2\/pages\/3164\/revisions"}],"wp:attachment":[{"href":"https:\/\/maylander.wine\/de\/wp-json\/wp\/v2\/media?parent=3164"}],"curies":[{"name":"wp","href":"https:\/\/api.w.org\/{rel}","templated":true}]}}