{"id":30762,"date":"2026-04-21T11:38:57","date_gmt":"2026-04-21T11:38:57","guid":{"rendered":"https:\/\/maylander.wine\/grosshandel-registrierung-seite\/"},"modified":"2026-04-21T13:37:05","modified_gmt":"2026-04-21T13:37:05","slug":"grosshandel-registrierung-seite","status":"publish","type":"page","link":"https:\/\/maylander.wine\/de\/grosshandel-registrierung-seite\/","title":{"rendered":"Gro\u00dfhandel Registrierung Seite"},"content":{"rendered":"\t\t<div data-elementor-type=\"wp-page\" data-elementor-id=\"30762\" class=\"elementor elementor-30762 elementor-30747\" data-elementor-post-type=\"page\">\n\t\t\t\t<div class=\"elementor-element elementor-element-2be4744 e-flex e-con-boxed e-con e-parent\" data-id=\"2be4744\" data-element_type=\"container\" data-e-type=\"container\" data-settings=\"{&quot;background_background&quot;:&quot;classic&quot;}\">\n\t\t\t\t\t<div class=\"e-con-inner\">\n\t\t<div class=\"elementor-element elementor-element-3258739 e-con-full e-flex e-con e-child\" data-id=\"3258739\" data-element_type=\"container\" data-e-type=\"container\">\n\t\t\t\t<div class=\"elementor-element elementor-element-3fa7c2c animated-slow elementor-invisible elementor-widget elementor-widget-heading\" data-id=\"3fa7c2c\" data-element_type=\"widget\" data-e-type=\"widget\" data-settings=\"{&quot;_animation&quot;:&quot;slideInUp&quot;}\" data-widget_type=\"heading.default\">\n\t\t\t\t\t<h2 class=\"elementor-heading-title elementor-size-default\">Trade Access beantragen<\/h2>\t\t\t\t<\/div>\n\t\t\t\t<div class=\"elementor-element elementor-element-ce36d0b elementor-widget elementor-widget-text-editor\" data-id=\"ce36d0b\" data-element_type=\"widget\" data-e-type=\"widget\" data-widget_type=\"text-editor.default\">\n\t\t\t\t\t\t\t\t\t<p>Der Zugang zu den Mayl\u00e4nder Wein-Handelspreisen ist f\u00fcr anerkannte Partner aus dem Gastgewerbe, von Veranstaltungen und Unternehmen m\u00f6glich.<\/p>\t\t\t\t\t\t\t\t<\/div>\n\t\t\t\t<\/div>\n\t\t<div class=\"elementor-element elementor-element-2c6a044 e-con-full e-flex e-con e-child\" data-id=\"2c6a044\" data-element_type=\"container\" data-e-type=\"container\" data-settings=\"{&quot;background_background&quot;:&quot;classic&quot;}\">\n\t\t\t\t<\/div>\n\t\t\t\t\t<\/div>\n\t\t\t\t<\/div>\n\t\t<div class=\"elementor-element elementor-element-032da61 e-flex e-con-boxed e-con e-parent\" data-id=\"032da61\" data-element_type=\"container\" data-e-type=\"container\">\n\t\t\t\t\t<div class=\"e-con-inner\">\n\t\t\t\t<div class=\"elementor-element elementor-element-b947d73 animated-slow elementor-invisible elementor-widget elementor-widget-heading\" data-id=\"b947d73\" data-element_type=\"widget\" data-e-type=\"widget\" data-settings=\"{&quot;_animation&quot;:&quot;slideInUp&quot;}\" data-widget_type=\"heading.default\">\n\t\t\t\t\t<h4 class=\"elementor-heading-title elementor-size-default\">Diese Anwendung ist f\u00fcr Sie bestimmt:<\/h4>\t\t\t\t<\/div>\n\t\t\t\t<div class=\"elementor-element elementor-element-e33fc31 elementor-widget elementor-widget-text-editor\" data-id=\"e33fc31\" data-element_type=\"widget\" data-e-type=\"widget\" data-widget_type=\"text-editor.default\">\n\t\t\t\t\t\t\t\t\t<ul data-start=\"897\" data-end=\"1015\">\n \t<li data-section-id=\"1lwmc83\" data-start=\"897\" data-end=\"935\">Hotels, Restaurants und Weinstuben<\/li>\n \t<li data-section-id=\"psj1f1\" data-start=\"936\" data-end=\"977\">Eventveranstalter und Firmenkunden<\/li>\n \t<li data-section-id=\"w35kh8\" data-start=\"978\" data-end=\"1015\">Gastgewerbe und Motorsportst\u00e4tten<\/li>\n<\/ul>\t\t\t\t\t\t\t\t<\/div>\n\t\t\t\t\t<\/div>\n\t\t\t\t<\/div>\n\t\t<div class=\"elementor-element elementor-element-51aee6d2 e-flex e-con-boxed e-con e-parent\" data-id=\"51aee6d2\" data-element_type=\"container\" data-e-type=\"container\">\n\t\t\t\t\t<div class=\"e-con-inner\">\n\t\t\t\t<div class=\"elementor-element elementor-element-5f35207f elementor-widget elementor-widget-shortcode\" data-id=\"5f35207f\" data-element_type=\"widget\" data-e-type=\"widget\" data-widget_type=\"shortcode.default\">\n\t\t\t\t\t\t\t<div class=\"elementor-shortcode\"><div class=\"woocommerce\">\n\t<div id=\"wwlc-registration-form\" data-redirect=\"\">\n    \t<div class=\"woocommerce wwlc-form-error\"><\/div><form method=\"post\" class=\"wwlc-register woocommerce-form woocommerce-form-register\" id=\"registration_form\"><input type=\"hidden\" id=\"wwlc_register_user_nonce_field\" name=\"wwlc_register_user_nonce_field\" value=\"5965773b06\" \/><input type=\"hidden\" name=\"_wp_http_referer\" value=\"\/de\/wp-json\/wp\/v2\/pages\/30762\" \/><div style=\"display: none !important;\" class=\"honeypot\"><label for=\"honeypot-field\">Please Leave This Empty:<\/label><input type=\"text\" id=\"honeypot-field\" name=\"honeypot-field\" val=\"\"><\/div><p class=\"form-row field-set text-field-set first_name wwlc_registration_field form_field validate-required\" id=\"first_name_field\" data-priority=\"\"><label for=\"first_name\" class=\"required_field\">First Name&nbsp;<span class=\"required\" aria-hidden=\"true\">*<\/span><\/label><span class=\"woocommerce-input-wrapper\"><input type=\"text\" class=\"input-text wwlc_form_field\" name=\"first_name\" id=\"first_name\" placeholder=\"\"  value=\"\" data-required=\"yes\" aria-required=\"true\" \/><\/span><\/p><p class=\"form-row field-set text-field-set last_name wwlc_registration_field form_field validate-required\" id=\"last_name_field\" data-priority=\"\"><label for=\"last_name\" class=\"required_field\">Last Name&nbsp;<span class=\"required\" aria-hidden=\"true\">*<\/span><\/label><span class=\"woocommerce-input-wrapper\"><input type=\"text\" class=\"input-text wwlc_form_field\" name=\"last_name\" id=\"last_name\" placeholder=\"\"  value=\"\" data-required=\"yes\" aria-required=\"true\" \/><\/span><\/p><p class=\"form-row field-set phone-field-set wwlc_phone wwlc_registration_field form_field validate-required\" id=\"wwlc_phone_field\" data-priority=\"\"><label for=\"wwlc_phone\" class=\"required_field\">Phone&nbsp;<span class=\"required\" aria-hidden=\"true\">*<\/span><\/label><span class=\"woocommerce-input-wrapper\"><input type=\"tel\" class=\"input-text wwlc_form_field phone\" name=\"wwlc_phone\" id=\"wwlc_phone\" placeholder=\"\"  value=\"\" data-phonemask=\"No format\" data-required=\"yes\" aria-required=\"true\" \/><\/span><\/p><p class=\"form-row field-set email-field-set user_email wwlc_registration_field form_field validate-required\" id=\"user_email_field\" data-priority=\"\"><label for=\"user_email\" class=\"required_field\">Email&nbsp;<span class=\"required\" aria-hidden=\"true\">*<\/span><\/label><span class=\"woocommerce-input-wrapper\"><input type=\"email\" class=\"input-text wwlc_form_field\" name=\"user_email\" id=\"user_email\" placeholder=\"\"  value=\"\" data-required=\"yes\" aria-required=\"true\" \/><\/span><\/p><p class=\"form-row field-set text-field-set wwlc_company_name wwlc_registration_field form_field validate-required\" id=\"wwlc_company_name_field\" data-priority=\"\"><label for=\"wwlc_company_name\" class=\"required_field\">Company Name&nbsp;<span class=\"required\" aria-hidden=\"true\">*<\/span><\/label><span class=\"woocommerce-input-wrapper\"><input type=\"text\" class=\"input-text wwlc_form_field\" name=\"wwlc_company_name\" id=\"wwlc_company_name\" placeholder=\"\"  value=\"\" data-required=\"yes\" aria-required=\"true\" \/><\/span><\/p><p class=\"form-row field-set select-field-set wwlc_cf_business_type wwlc_registration_field form_field wwlc_custom_field select_wwlc_custom_field validate-required\" id=\"wwlc_cf_business_type_field\" data-priority=\"\"><label for=\"wwlc_cf_business_type\" class=\"required_field\">Business Type&nbsp;<span class=\"required\" aria-hidden=\"true\">*<\/span><\/label><span class=\"woocommerce-input-wrapper\"><select name=\"wwlc_cf_business_type\" id=\"wwlc_cf_business_type\" class=\"select wwlc_form_field\" data-required=\"yes\" aria-required=\"true\" data-placeholder=\"\">\n\t\t\t\t\t\t\t<option value=\"Restaurant \/ Bar\" >Restaurant \/ Bar<\/option><option value=\"Hotel\" >Hotel<\/option><option value=\"Event Company\" >Event Company<\/option><option value=\"Corporate \/ Business\" >Corporate \/ Business<\/option><option value=\"Private Event\" >Private Event<\/option><option value=\"Other\" >Other<\/option>\n\t\t\t\t\t\t<\/select><\/span><\/p><p class=\"form-row field-set select-field-set wwlc_cf_order_size wwlc_registration_field form_field wwlc_custom_field select_wwlc_custom_field validate-required\" id=\"wwlc_cf_order_size_field\" data-priority=\"\"><label for=\"wwlc_cf_order_size\" class=\"required_field\">Estimated Order Size&nbsp;<span class=\"required\" aria-hidden=\"true\">*<\/span><\/label><span class=\"woocommerce-input-wrapper\"><select name=\"wwlc_cf_order_size\" id=\"wwlc_cf_order_size\" class=\"select wwlc_form_field\" data-required=\"yes\" aria-required=\"true\" data-placeholder=\"\">\n\t\t\t\t\t\t\t<option value=\"1\u20135 cases\" >1\u20135 cases<\/option><option value=\"5\u201310 cases\" >5\u201310 cases<\/option><option value=\"10\u201320 cases\" >10\u201320 cases<\/option><option value=\"20+ cases\" >20+ cases<\/option><option value=\"Not sure yet\" >Not sure yet<\/option>\n\t\t\t\t\t\t<\/select><\/span><\/p><p class=\"form-row field-set textarea-field-set wwlc_cf_test_1 wwlc_registration_field form_field wwlc_custom_field textarea_wwlc_custom_field\" id=\"wwlc_cf_test_1_field\" data-priority=\"\"><label for=\"wwlc_cf_test_1\" class=\"\">awsr&nbsp;<span class=\"optional\">(optional)<\/span><\/label><span class=\"woocommerce-input-wrapper\"><textarea name=\"wwlc_cf_test_1\" class=\"input-text wwlc_form_field\" id=\"wwlc_cf_test_1\" placeholder=\"\"  rows=\"2\" cols=\"5\">UK Registration AWSR - XXAW00000123456<\/textarea><\/span><\/p><p><div id=\"recaptcha_field\" class=\"g-recaptcha form-row field-set recaptcha-field-set recaptcha_field validate-required\" data-sitekey=\"6Lfu28IsAAAAAIYyBLTNcXcLvjTs_9Xqtwv4q3ut\" data-callback=\"recaptchaCallback\"><\/div><\/p>\t\t<div class=\"form-row field-set wwlc_registration_field form_field validate-required terms_privacy-field\"><label class=\"checkbox checkbox_options_holder terms_conditions_checkbox default-terms-privacy-field\" data-required=\"yes\"><input type=\"checkbox\" class=\"input-checkbox wwlc_form_field\" name=\"terms_privacy_text\" value=\"1\" \/><p><a href=\"https:\/\/maylander.wine\/policy\/\">Terms &amp; Conditions<\/a><\/p><\/label><\/div>\t\t<div class=\"field-set form-controls-section\">\n\t\t\t<p class=\"register-button-container\"><input type=\"submit\" name=\"submit\" class=\"form-control button button-primary\" id=\"wwlc-register\" value=\"Register\" ><span class=\"wwlc-loader\"><\/span><\/p><a class=\"form-control\" id=\"log-in\" href=\"https:\/\/maylander.wine\/wholesale-log-in-page\/\" >Log In<\/a> <a class=\"form-control\" id=\"lost-password\" href=\"https:\/\/maylander.wine\/de\/mein-account\/lost-password\/\" >Lost Password<\/a>\t\t<\/div>\n\n\t\t<input class=\"input-hidden wwlc_form_field\" type=\"hidden\" name=\"wwlc_role\" id=\"wwlc_role\" value=\"\"><input class=\"input-hidden wwlc_form_field\" type=\"hidden\" name=\"wwlc_page_id\" id=\"wwlc_page_id\" value=\"0\"><\/form>\t<\/div><!--#wwlc-registration-form-->\n<\/div><!--.woocommerce-->\n<\/div>\n\t\t\t\t\t\t<\/div>\n\t\t\t\t<div class=\"elementor-element elementor-element-4479018 elementor-widget elementor-widget-text-editor\" data-id=\"4479018\" data-element_type=\"widget\" data-e-type=\"widget\" data-widget_type=\"text-editor.default\">\n\t\t\t\t\t\t\t\t\t<ul data-start=\"897\" data-end=\"1015\"><li data-section-id=\"1lwmc83\" data-start=\"897\" data-end=\"935\">Hotels, Restaurants und Weinstuben<\/li><li data-section-id=\"psj1f1\" data-start=\"936\" data-end=\"977\">Eventveranstalter und Firmenkunden<\/li><li data-section-id=\"w35kh8\" data-start=\"978\" data-end=\"1015\">Gastgewerbe und Motorsportst\u00e4tten<\/li><\/ul>\t\t\t\t\t\t\t\t<\/div>\n\t\t\t\t\t<\/div>\n\t\t\t\t<\/div>\n\t\t<div class=\"elementor-element elementor-element-863ecf0 e-flex e-con-boxed e-con e-parent\" data-id=\"863ecf0\" data-element_type=\"container\" data-e-type=\"container\">\n\t\t\t\t\t<div class=\"e-con-inner\">\n\t\t\t\t<div class=\"elementor-element elementor-element-9c767c8 animated-slow elementor-invisible elementor-widget elementor-widget-heading\" data-id=\"9c767c8\" data-element_type=\"widget\" data-e-type=\"widget\" data-settings=\"{&quot;_animation&quot;:&quot;slideInUp&quot;}\" data-widget_type=\"heading.default\">\n\t\t\t\t\t<span class=\"elementor-heading-title elementor-size-default\">Die Genehmigung wird in der Regel innerhalb von 24-48 Stunden erteilt.<\/span>\t\t\t\t<\/div>\n\t\t\t\t\t<\/div>\n\t\t\t\t<\/div>\n\t\t\t\t<\/div>\n\t\t","protected":false},"excerpt":{"rendered":"<p>Trade Access beantragen Der Zugang zu den Mayl\u00e4nder Wein-Handelspreisen ist f\u00fcr anerkannte Partner aus dem Gastgewerbe, von Veranstaltungen und Unternehmen m\u00f6glich. Diese Anwendung ist f\u00fcr Sie bestimmt: Hotels, Restaurants und Weinstuben Eventveranstalter und Firmenkunden Gastgewerbe und Motorsportst\u00e4tten Hotels, Restaurants und Weinstuben Eventveranstalter und Firmenkunden Gastgewerbe und Motorsportst\u00e4tten Die Genehmigung wird in der Regel innerhalb von [&hellip;]<\/p>\n","protected":false},"author":1,"featured_media":0,"parent":0,"menu_order":0,"comment_status":"closed","ping_status":"closed","template":"","meta":{"footnotes":""},"class_list":["post-30762","page","type-page","status-publish","hentry"],"_links":{"self":[{"href":"https:\/\/maylander.wine\/de\/wp-json\/wp\/v2\/pages\/30762","targetHints":{"allow":["GET"]}}],"collection":[{"href":"https:\/\/maylander.wine\/de\/wp-json\/wp\/v2\/pages"}],"about":[{"href":"https:\/\/maylander.wine\/de\/wp-json\/wp\/v2\/types\/page"}],"author":[{"embeddable":true,"href":"https:\/\/maylander.wine\/de\/wp-json\/wp\/v2\/users\/1"}],"replies":[{"embeddable":true,"href":"https:\/\/maylander.wine\/de\/wp-json\/wp\/v2\/comments?post=30762"}],"version-history":[{"count":3,"href":"https:\/\/maylander.wine\/de\/wp-json\/wp\/v2\/pages\/30762\/revisions"}],"predecessor-version":[{"id":30809,"href":"https:\/\/maylander.wine\/de\/wp-json\/wp\/v2\/pages\/30762\/revisions\/30809"}],"wp:attachment":[{"href":"https:\/\/maylander.wine\/de\/wp-json\/wp\/v2\/media?parent=30762"}],"curies":[{"name":"wp","href":"https:\/\/api.w.org\/{rel}","templated":true}]}}