{"id":30512,"date":"2026-04-17T13:07:03","date_gmt":"2026-04-17T13:07:03","guid":{"rendered":"https:\/\/maylander.wine\/paddock-serie\/"},"modified":"2026-04-23T12:40:31","modified_gmt":"2026-04-23T12:40:31","slug":"paddock-serie","status":"publish","type":"page","link":"https:\/\/maylander.wine\/de\/paddock-serie\/","title":{"rendered":"Paddock Serie"},"content":{"rendered":"\t\t<div data-elementor-type=\"wp-page\" data-elementor-id=\"30512\" class=\"elementor elementor-30512 elementor-29802\" data-elementor-post-type=\"page\">\n\t\t\t\t<div class=\"elementor-element elementor-element-eeb3773 e-flex e-con-boxed e-con e-parent\" data-id=\"eeb3773\" data-element_type=\"container\" data-e-type=\"container\">\n\t\t\t\t\t<div class=\"e-con-inner\">\n\t\t\t\t<div class=\"elementor-element elementor-element-e4566de elementor-widget elementor-widget-heading\" data-id=\"e4566de\" data-element_type=\"widget\" data-e-type=\"widget\" data-widget_type=\"heading.default\">\n\t\t\t\t\t<h3 class=\"elementor-heading-title elementor-size-default\">Mayl\u00e4nder Weine Paddock Serie<\/h3>\t\t\t\t<\/div>\n\t\t\t\t<div class=\"elementor-element elementor-element-3b838c7 elementor-widget elementor-widget-heading\" data-id=\"3b838c7\" data-element_type=\"widget\" data-e-type=\"widget\" data-widget_type=\"heading.default\">\n\t\t\t\t\t<h2 class=\"elementor-heading-title elementor-size-default\">Die Paddock Series ist die Gro\u00dfhandelskollektion von Mayl\u00e4nder Wine - geschaffen f\u00fcr Veranstaltungen, Gastlichkeit und energiegeladene Umgebungen, in denen gro\u00dfer Wein auf gro\u00dfe Momente trifft. Diese Serie wurde f\u00fcr Weinbars, Motorsport-Locations und erstklassige Veranstaltungen entwickelt und bietet die gleiche Sorgfalt, Herkunft und Liebe zum Detail wie unsere Apex-Serie, jedoch zu einem f\u00fcr den Handel ma\u00dfgeschneiderten Preispunkt. \n\nOb an der Rennstrecke, in einem belebten Restaurant oder bei einer privaten Veranstaltung, die Paddock Series erm\u00f6glicht es Partnern, Mayl\u00e4nder Wein selbstbewusst zu pr\u00e4sentieren - und dabei Qualit\u00e4t, Konsistenz und Zug\u00e4nglichkeit in gro\u00dfem Umfang zu kombinieren.<\/h2>\t\t\t\t<\/div>\n\t\t\t\t\t<\/div>\n\t\t\t\t<\/div>\n\t\t<div class=\"elementor-element elementor-element-3f9cf626 e-con-full e-flex e-con e-parent\" data-id=\"3f9cf626\" data-element_type=\"container\" data-e-type=\"container\">\n\t\t\t\t<div class=\"woocommerce elementor-element elementor-element-86be436 elementor-grid-3 elementor-grid-tablet-2 elementor-grid-mobile-1 elementor-widget elementor-widget-loop-grid\" data-id=\"86be436\" data-element_type=\"widget\" data-e-type=\"widget\" data-settings=\"{&quot;_skin&quot;:&quot;product&quot;,&quot;template_id&quot;:31081,&quot;columns&quot;:&quot;3&quot;,&quot;columns_tablet&quot;:&quot;2&quot;,&quot;columns_mobile&quot;:&quot;1&quot;,&quot;edit_handle_selector&quot;:&quot;[data-elementor-type=\\&quot;loop-item\\&quot;]&quot;,&quot;row_gap&quot;:{&quot;unit&quot;:&quot;px&quot;,&quot;size&quot;:&quot;&quot;,&quot;sizes&quot;:[]},&quot;row_gap_tablet&quot;:{&quot;unit&quot;:&quot;px&quot;,&quot;size&quot;:&quot;&quot;,&quot;sizes&quot;:[]},&quot;row_gap_mobile&quot;:{&quot;unit&quot;:&quot;px&quot;,&quot;size&quot;:&quot;&quot;,&quot;sizes&quot;:[]}}\" data-widget_type=\"loop-grid.product\">\n\t\t\t\t<div class=\"elementor-widget-container\">\n\t\t\t\t\t\t\t<div class=\"elementor-loop-container elementor-grid\" role=\"list\">\n\t\t<style id=\"loop-31081\">.elementor-31081 .elementor-element.elementor-element-7cc90c5{--display:flex;--flex-direction:column;--container-widget-width:100%;--container-widget-height:initial;--container-widget-flex-grow:0;--container-widget-align-self:initial;--flex-wrap-mobile:wrap;--gap:0px 0px;--row-gap:0px;--column-gap:0px;--margin-top:0px;--margin-bottom:0px;--margin-left:0px;--margin-right:0px;--padding-top:0px;--padding-bottom:0px;--padding-left:0px;--padding-right:0px;}.elementor-31081 .elementor-element.elementor-element-4f42d9a{text-align:center;margin:0px 0px calc(var(--kit-widget-spacing, 0px) + 0px) 0px;padding:0px 0px 0px 0px;}.elementor-31081 .elementor-element.elementor-element-4f42d9a .elementor-heading-title{font-family:var( --e-global-typography-accent-font-family ), Sans-serif;font-weight:var( --e-global-typography-accent-font-weight );}.elementor-31081 .elementor-element.elementor-element-959710e{text-align:center;margin:0px 0px calc(var(--kit-widget-spacing, 0px) + 0px) 0px;padding:0px 0px 0px 0px;}.elementor-31081 .elementor-element.elementor-element-e729151{text-align:center;}<\/style>\t\t<div data-elementor-type=\"loop-item\" data-elementor-id=\"31081\" class=\"elementor elementor-31081 elementor-31072 elementor-31072 e-loop-item e-loop-item-30533 post-30533 product type-product status-publish has-post-thumbnail product_cat-paddock-serie first instock shipping-taxable product-type-simple\" data-elementor-post-type=\"elementor_library\" data-custom-edit-handle=\"1\">\n\t\t\t<div class=\"elementor-element elementor-element-7cc90c5 e-flex e-con-boxed e-con e-parent\" data-id=\"7cc90c5\" data-element_type=\"container\" data-e-type=\"container\">\n\t\t\t\t\t<div class=\"e-con-inner\">\n\t\t\t\t<div class=\"elementor-element elementor-element-70d6b8d elementor-widget elementor-widget-image\" data-id=\"70d6b8d\" data-element_type=\"widget\" data-e-type=\"widget\" data-widget_type=\"image.default\">\n\t\t\t\t\t\t\t\t\t\t\t\t\t\t\t<img fetchpriority=\"high\" decoding=\"async\" width=\"300\" height=\"300\" src=\"https:\/\/maylander.wine\/wp-content\/uploads\/2026\/04\/Paddock-Series-Red.jpg\" class=\"attachment-medium size-medium wp-image-30577\" alt=\"Mayl\u00e4nder Red Paddock Serie\" \/>\t\t\t\t\t\t\t\t\t\t\t\t\t\t\t<\/div>\n\t\t\t\t<div class=\"elementor-element elementor-element-4f42d9a elementor-widget elementor-widget-woocommerce-product-title elementor-page-title elementor-widget-heading\" data-id=\"4f42d9a\" data-element_type=\"widget\" data-e-type=\"widget\" data-widget_type=\"woocommerce-product-title.default\">\n\t\t\t\t\t<h4 class=\"product_title entry-title elementor-heading-title elementor-size-default\">Paddock Serie Rot &#8211; Koffer<\/h4>\t\t\t\t<\/div>\n\t\t\t\t<div class=\"elementor-element elementor-element-959710e elementor-widget elementor-widget-woocommerce-product-price\" data-id=\"959710e\" data-element_type=\"widget\" data-e-type=\"widget\" data-widget_type=\"woocommerce-product-price.default\">\n\t\t\t\t\t<p class=\"price\"><span class=\"wcpbc-price wcpbc-price-30533\" data-product-id=\"30533\"><\/span><\/p>\n\t\t\t\t<\/div>\n\t\t\t\t<div class=\"elementor-element elementor-element-e729151 elementor-widget elementor-widget-text-editor\" data-id=\"e729151\" data-element_type=\"widget\" data-e-type=\"widget\" data-widget_type=\"text-editor.default\">\n\t\t\t\t\t\t\t\t\t<p>Gro\u00dfhandelspreis f\u00fcr Kisten: <a href=\"https:\/\/maylander.wine\/de\/grosshandel-registrierung-seite\/\">Bitte anfragen<\/a><\/p>\t\t\t\t\t\t\t\t<\/div>\n\t\t\t\t\t<\/div>\n\t\t\t\t<\/div>\n\t\t\t\t<\/div>\n\t\t\t\t<div data-elementor-type=\"loop-item\" data-elementor-id=\"31081\" class=\"elementor elementor-31081 elementor-31072 elementor-31072 e-loop-item e-loop-item-30292 post-30292 product type-product status-publish has-post-thumbnail product_cat-paddock-serie  instock shipping-taxable product-type-simple\" data-elementor-post-type=\"elementor_library\" data-custom-edit-handle=\"1\">\n\t\t\t<div class=\"elementor-element elementor-element-7cc90c5 e-flex e-con-boxed e-con e-parent\" data-id=\"7cc90c5\" data-element_type=\"container\" data-e-type=\"container\">\n\t\t\t\t\t<div class=\"e-con-inner\">\n\t\t\t\t<div class=\"elementor-element elementor-element-70d6b8d elementor-widget elementor-widget-image\" data-id=\"70d6b8d\" data-element_type=\"widget\" data-e-type=\"widget\" data-widget_type=\"image.default\">\n\t\t\t\t\t\t\t\t\t\t\t\t\t\t\t<img decoding=\"async\" width=\"300\" height=\"300\" src=\"https:\/\/maylander.wine\/wp-content\/uploads\/2026\/04\/Paddock-Series-white.jpg\" class=\"attachment-medium size-medium wp-image-29815\" alt=\"Paddock Serie Wei\u00dfer Koffer\" \/>\t\t\t\t\t\t\t\t\t\t\t\t\t\t\t<\/div>\n\t\t\t\t<div class=\"elementor-element elementor-element-4f42d9a elementor-widget elementor-widget-woocommerce-product-title elementor-page-title elementor-widget-heading\" data-id=\"4f42d9a\" data-element_type=\"widget\" data-e-type=\"widget\" data-widget_type=\"woocommerce-product-title.default\">\n\t\t\t\t\t<h4 class=\"product_title entry-title elementor-heading-title elementor-size-default\">Paddock Serie Wei\u00df &#8211; Koffer<\/h4>\t\t\t\t<\/div>\n\t\t\t\t<div class=\"elementor-element elementor-element-959710e elementor-widget elementor-widget-woocommerce-product-price\" data-id=\"959710e\" data-element_type=\"widget\" data-e-type=\"widget\" data-widget_type=\"woocommerce-product-price.default\">\n\t\t\t\t\t<p class=\"price\"><span class=\"wcpbc-price wcpbc-price-30292\" data-product-id=\"30292\"><\/span><\/p>\n\t\t\t\t<\/div>\n\t\t\t\t<div class=\"elementor-element elementor-element-e729151 elementor-widget elementor-widget-text-editor\" data-id=\"e729151\" data-element_type=\"widget\" data-e-type=\"widget\" data-widget_type=\"text-editor.default\">\n\t\t\t\t\t\t\t\t\t<p>Gro\u00dfhandelspreis f\u00fcr Kisten: <a href=\"https:\/\/maylander.wine\/de\/grosshandel-registrierung-seite\/\">Bitte anfragen<\/a><\/p>\t\t\t\t\t\t\t\t<\/div>\n\t\t\t\t\t<\/div>\n\t\t\t\t<\/div>\n\t\t\t\t<\/div>\n\t\t\t\t<\/div>\n\t\t\n\t\t\t\t\t\t<\/div>\n\t\t\t\t<\/div>\n\t\t\t\t<\/div>\n\t\t\t\t<\/div>\n\t\t","protected":false},"excerpt":{"rendered":"<p>Mayl\u00e4nder Weine Paddock Serie Die Paddock Series ist die Gro\u00dfhandelskollektion von Mayl\u00e4nder Wine &#8211; geschaffen f\u00fcr Veranstaltungen, Gastlichkeit und energiegeladene Umgebungen, in denen gro\u00dfer Wein auf gro\u00dfe Momente trifft. Diese Serie wurde f\u00fcr Weinbars, Motorsport-Locations und erstklassige Veranstaltungen entwickelt und bietet die gleiche Sorgfalt, Herkunft und Liebe zum Detail wie unsere Apex-Serie, jedoch zu einem [&hellip;]<\/p>\n","protected":false},"author":1,"featured_media":0,"parent":0,"menu_order":0,"comment_status":"closed","ping_status":"closed","template":"","meta":{"footnotes":""},"class_list":["post-30512","page","type-page","status-publish","hentry"],"_links":{"self":[{"href":"https:\/\/maylander.wine\/de\/wp-json\/wp\/v2\/pages\/30512","targetHints":{"allow":["GET"]}}],"collection":[{"href":"https:\/\/maylander.wine\/de\/wp-json\/wp\/v2\/pages"}],"about":[{"href":"https:\/\/maylander.wine\/de\/wp-json\/wp\/v2\/types\/page"}],"author":[{"embeddable":true,"href":"https:\/\/maylander.wine\/de\/wp-json\/wp\/v2\/users\/1"}],"replies":[{"embeddable":true,"href":"https:\/\/maylander.wine\/de\/wp-json\/wp\/v2\/comments?post=30512"}],"version-history":[{"count":6,"href":"https:\/\/maylander.wine\/de\/wp-json\/wp\/v2\/pages\/30512\/revisions"}],"predecessor-version":[{"id":31138,"href":"https:\/\/maylander.wine\/de\/wp-json\/wp\/v2\/pages\/30512\/revisions\/31138"}],"wp:attachment":[{"href":"https:\/\/maylander.wine\/de\/wp-json\/wp\/v2\/media?parent=30512"}],"curies":[{"name":"wp","href":"https:\/\/api.w.org\/{rel}","templated":true}]}}