{"id":29675,"date":"2026-04-08T08:13:29","date_gmt":"2026-04-08T08:13:29","guid":{"rendered":"https:\/\/maylander.wine\/maylaender-wein-aktionsbedingungen-konditionen\/"},"modified":"2026-04-17T09:39:53","modified_gmt":"2026-04-17T09:39:53","slug":"maylaender-wein-aktionsbedingungen-konditionen","status":"publish","type":"page","link":"https:\/\/maylander.wine\/de\/maylaender-wein-aktionsbedingungen-konditionen\/","title":{"rendered":"Mayl\u00e4nder Wein &#8211; Aktionsbedingungen &amp; Konditionen"},"content":{"rendered":"\t\t<div data-elementor-type=\"wp-page\" data-elementor-id=\"29675\" class=\"elementor elementor-29675 elementor-28478\" data-elementor-post-type=\"page\">\n\t\t\t\t<div class=\"elementor-element elementor-element-1c318d8a e-flex e-con-boxed e-con e-parent\" data-id=\"1c318d8a\" data-element_type=\"container\" data-e-type=\"container\">\n\t\t\t\t\t<div class=\"e-con-inner\">\n\t\t\t\t<div class=\"elementor-element elementor-element-ac79391 elementor-widget elementor-widget-heading\" data-id=\"ac79391\" data-element_type=\"widget\" data-e-type=\"widget\" data-widget_type=\"heading.default\">\n\t\t\t\t\t<h3 class=\"elementor-heading-title elementor-size-default\">Mayl\u00e4nder Wein - Aktionsbedingungen &amp; Konditionen<\/h3>\t\t\t\t<\/div>\n\t\t\t\t<div class=\"elementor-element elementor-element-7cb62ad elementor-widget elementor-widget-heading\" data-id=\"7cb62ad\" data-element_type=\"widget\" data-e-type=\"widget\" data-widget_type=\"heading.default\">\n\t\t\t\t\t<h3 class=\"elementor-heading-title elementor-size-default\">\"Gewinnen Sie ein signiertes St\u00fcck Motorsportgeschichte\"<\/h3>\t\t\t\t<\/div>\n\t\t\t\t<div class=\"elementor-element elementor-element-e34a069 elementor-widget elementor-widget-text-editor\" data-id=\"e34a069\" data-element_type=\"widget\" data-e-type=\"widget\" data-widget_type=\"text-editor.default\">\n\t\t\t\t\t\t\t\t\t<h6 data-section-id=\"f9sxyu\" data-start=\"433\" data-end=\"451\"><span role=\"text\"><strong data-start=\"436\" data-end=\"451\">1. Projekttr\u00e4ger<\/strong><\/span><\/h6><p data-start=\"452\" data-end=\"551\">Diese Aktion wird von <strong data-start=\"482\" data-end=\"533\">Box Box Box Limited (firmierend als Mayl\u00e4nder Wine)<\/strong> (&#8222;der Veranstalter&#8220;) durchgef\u00fchrt.<\/p><hr data-start=\"553\" data-end=\"556\"><h6 data-section-id=\"1o6t0vo\" data-start=\"558\" data-end=\"579\"><span role=\"text\"><strong data-start=\"561\" data-end=\"579\">2. Teilnahmeberechtigung<\/strong><\/span><\/h6><ul data-start=\"580\" data-end=\"931\"><li data-section-id=\"1abw08s\" data-start=\"580\" data-end=\"629\">Offen f\u00fcr Personen <strong data-start=\"607\" data-end=\"627\">ab 18 Jahren<\/strong><\/li><li data-section-id=\"lepxwc\" data-start=\"630\" data-end=\"730\">Die Teilnehmer m\u00fcssen in ihrem Wohnsitzland legal Alkohol kaufen und konsumieren d\u00fcrfen.<\/li><li data-section-id=\"hpcxvh\" data-start=\"731\" data-end=\"812\">Offen f\u00fcr Einwohner von L\u00e4ndern, in denen Mayl\u00e4nder Wein legal Produkte versenden darf<\/li><li data-section-id=\"155zbkj\" data-start=\"813\" data-end=\"931\">Mitarbeiter des Veranstalters, seiner Tochtergesellschaften und alle Personen, die beruflich mit der Werbeaktion zu tun haben, sind nicht teilnahmeberechtigt.<\/li><\/ul><hr data-start=\"933\" data-end=\"936\"><h6 data-section-id=\"1vcvnse\" data-start=\"938\" data-end=\"964\"><span role=\"text\"><strong data-start=\"941\" data-end=\"964\">3. Aktionszeitraum<\/strong><\/span><\/h6><ul data-start=\"965\" data-end=\"1123\"><li data-section-id=\"kg5xol\" data-start=\"965\" data-end=\"1009\">Die Aktion beginnt am <strong data-start=\"990\" data-end=\"1007\">10. April 2026<\/strong><\/li><li data-section-id=\"w8wdx\" data-start=\"1010\" data-end=\"1068\">Die Aktion endet um <strong data-start=\"1036\" data-end=\"1066\">23:59 (BST) am 24. Mai 2026<\/strong><\/li><li data-section-id=\"45gdeg\" data-start=\"1069\" data-end=\"1123\">Beitr\u00e4ge, die nach diesem Zeitpunkt eingehen, sind ung\u00fcltig.<\/li><\/ul><hr data-start=\"1125\" data-end=\"1128\"><h6 data-section-id=\"13xor76\" data-start=\"1130\" data-end=\"1149\"><span role=\"text\"><strong data-start=\"1133\" data-end=\"1149\">4. Der Preis<\/strong><\/span><\/h6><p data-start=\"1150\" data-end=\"1201\">Es wird <strong data-start=\"1164\" data-end=\"1182\">einen (1) Gewinner<\/strong> geben, der folgendes erh\u00e4lt:<\/p><ul data-start=\"1203\" data-end=\"1464\"><li data-section-id=\"1bg11l7\" data-start=\"1203\" data-end=\"1243\"><strong data-start=\"1205\" data-end=\"1243\">1 x signiert 25 | 500 Flasche (750ml)<\/strong><\/li><li data-section-id=\"5mzfxi\" data-start=\"1245\" data-end=\"1306\">Die Flasche wird individuell von Bernd Mayl\u00e4nder signiert<\/li><li data-section-id=\"g8hry2\" data-start=\"1307\" data-end=\"1372\">Die Vergabe der Flaschennummern liegt im Ermessen des Veranstalters.<\/li><li data-section-id=\"2wkopo\" data-start=\"1373\" data-end=\"1409\">Es ist keine Bargeldalternative verf\u00fcgbar<\/li><li data-section-id=\"11rv5b8\" data-start=\"1410\" data-end=\"1464\">Der Preis ist nicht \u00fcbertragbar und nicht austauschbar<\/li><\/ul><hr data-start=\"1466\" data-end=\"1469\"><h6 data-section-id=\"pyxmnx\" data-start=\"1471\" data-end=\"1493\"><span role=\"text\"><strong data-start=\"1474\" data-end=\"1493\">5. Wie man eintritt<\/strong><\/span><\/h6><h6 data-section-id=\"t5d6pf\" data-start=\"1495\" data-end=\"1545\"><span role=\"text\"><strong data-start=\"1499\" data-end=\"1543\">5.1 Kaufeingang (prim\u00e4rer Eingangsweg)<\/strong><\/span><\/h6><p data-start=\"1546\" data-end=\"1718\">W\u00e4hrend des Aktionszeitraums nehmen Kunden, die eine beliebige Flasche aus der <strong data-start=\"1618\" data-end=\"1648\">Mayl\u00e4nder Wine Apex Series<\/strong> \u00fcber die offizielle Website kaufen, automatisch an der Verlosung teil.<\/p><ul data-start=\"1720\" data-end=\"1836\"><li data-section-id=\"15572yy\" data-start=\"1720\" data-end=\"1756\"><strong data-start=\"1722\" data-end=\"1754\">1 gekaufte Flasche = 2 Eintr\u00e4ge<\/strong><\/li><li data-section-id=\"oiuif3\" data-start=\"1757\" data-end=\"1796\"><strong data-start=\"1759\" data-end=\"1794\">2 gekaufte Flaschen = 4 Eintr\u00e4ge<\/strong><\/li><li data-section-id=\"18gf873\" data-start=\"1797\" data-end=\"1836\"><strong data-start=\"1799\" data-end=\"1834\">3 gekaufte Flaschen = 6 Eintr\u00e4ge<\/strong><\/li><\/ul><p data-start=\"1838\" data-end=\"1894\">Es gibt <strong data-start=\"1847\" data-end=\"1859\">keine Begrenzung<\/strong> f\u00fcr die Anzahl der Kaufeintr\u00e4ge.<\/p><hr data-start=\"1896\" data-end=\"1899\"><h6 data-section-id=\"1bq3zui\" data-start=\"1901\" data-end=\"1961\"><span role=\"text\"><strong data-start=\"1905\" data-end=\"1959\">5.2 Freie Einreise (alternative Methode der Einreise)<\/strong><\/span><\/h6><p data-start=\"1962\" data-end=\"2054\">Eine freie Einreise ist m\u00f6glich, um die Einhaltung der britischen und EU-Werbevorschriften zu gew\u00e4hrleisten.<\/p><p data-start=\"2056\" data-end=\"2101\">Um ohne Kauf teilzunehmen, m\u00fcssen die Teilnehmer:<\/p><ul data-start=\"2103\" data-end=\"2365\"><li data-section-id=\"q6c9z9\" data-start=\"2103\" data-end=\"2157\">Folgen Sie <strong data-start=\"2112\" data-end=\"2130\">@maylanderwine<\/strong> auf Instagram oder Facebook<\/li><li data-section-id=\"d2gagm\" data-start=\"2158\" data-end=\"2196\">Wie der offizielle Beitrag zum Wettbewerb<\/li><li data-section-id=\"163bsla\" data-start=\"2197\" data-end=\"2279\">Kommentieren Sie den Beitrag (z.B. indem Sie einen Freund markieren oder angeben, wem Sie es schenken w\u00fcrden)<\/li><li data-section-id=\"1pyiv36\" data-start=\"2281\" data-end=\"2336\">Nur <strong data-start=\"2288\" data-end=\"2321\">ein (1) freier Eintritt pro Person<\/strong> ist erlaubt<\/li><li data-section-id=\"kihggv\" data-start=\"2337\" data-end=\"2365\">Es ist kein Kauf erforderlich<\/li><\/ul><hr data-start=\"2367\" data-end=\"2370\"><h6 data-section-id=\"1a20yc4\" data-start=\"2372\" data-end=\"2398\"><span role=\"text\"><strong data-start=\"2375\" data-end=\"2398\">6. Auswahl des Gewinners<\/strong><\/span><\/h6><ul data-start=\"2399\" data-end=\"2575\"><li data-section-id=\"190b0hh\" data-start=\"2399\" data-end=\"2463\">Der Gewinner wird nach dem Zufallsprinzip aus allen g\u00fcltigen Einsendungen ausgew\u00e4hlt<\/li><li data-section-id=\"1ah1zgl\" data-start=\"2464\" data-end=\"2538\">Die Auslosung findet w\u00e4hrend des <strong data-start=\"2502\" data-end=\"2536\">Grand Prix von Kanada statt (Mai 2026)<\/strong><\/li><li data-section-id=\"lbxbl\" data-start=\"2539\" data-end=\"2575\">Die Entscheidung des Veranstalters ist endg\u00fcltig<\/li><\/ul><hr data-start=\"2577\" data-end=\"2580\"><h6 data-section-id=\"6qnoe0\" data-start=\"2582\" data-end=\"2611\"><span role=\"text\"><strong data-start=\"2585\" data-end=\"2611\">7. Benachrichtigung des Gewinners<\/strong><\/span><\/h6><ul data-start=\"2612\" data-end=\"2818\"><li data-section-id=\"187jvz3\" data-start=\"2612\" data-end=\"2700\">Der Gewinner wird innerhalb von <strong data-start=\"2676\" data-end=\"2686\">5 Tagen<\/strong> nach der Verlosung per E-Mail oder \u00fcber soziale Medien benachrichtigt.<\/li><li data-section-id=\"1so06xk\" data-start=\"2701\" data-end=\"2818\">Wenn der Gewinner nicht innerhalb von <strong data-start=\"2741\" data-end=\"2751\">5 Tagen<\/strong> antwortet, beh\u00e4lt sich der Veranstalter das Recht vor, einen anderen Gewinner auszuw\u00e4hlen.<\/li><\/ul><hr data-start=\"2820\" data-end=\"2823\"><h6 data-section-id=\"1v4nocy\" data-start=\"2825\" data-end=\"2852\"><span role=\"text\"><strong data-start=\"2828\" data-end=\"2852\">8. Lieferung des Preises<\/strong><\/span><\/h6><ul data-start=\"2853\" data-end=\"3149\"><li data-section-id=\"5sdknd\" data-start=\"2853\" data-end=\"2920\">Der Preis wird dem Gewinner an die angegebene Adresse geschickt<\/li><li data-section-id=\"9rybj9\" data-start=\"2921\" data-end=\"2966\">Der Versand wird vom Veranstalter organisiert<\/li><li data-section-id=\"1c7yt66\" data-start=\"2967\" data-end=\"3064\">Der Gewinner ist ggf. f\u00fcr <strong data-start=\"3003\" data-end=\"3045\">Einfuhrz\u00f6lle, Steuern oder lokale Geb\u00fchren<\/strong> verantwortlich.<\/li><li data-section-id=\"1dl6lwz\" data-start=\"3065\" data-end=\"3149\">Der Veranstalter ist nicht verantwortlich f\u00fcr Verz\u00f6gerungen, die durch Zoll- oder Kurierdienste verursacht werden.<\/li><\/ul><hr data-start=\"3151\" data-end=\"3154\"><h6 data-section-id=\"ki21w\" data-start=\"3156\" data-end=\"3184\"><span role=\"text\"><strong data-start=\"3159\" data-end=\"3184\">9. Allgemeine Bedingungen<\/strong><\/span><\/h6><ul data-start=\"3185\" data-end=\"3537\"><li data-section-id=\"1n62vkk\" data-start=\"3185\" data-end=\"3263\">Unvollst\u00e4ndige, unleserliche oder betr\u00fcgerische Einsendungen werden disqualifiziert.<\/li><li data-section-id=\"1rquver\" data-start=\"3264\" data-end=\"3337\">Der Veranstalter beh\u00e4lt sich das Recht vor, die Teilnahmeberechtigung der Teilnehmer zu \u00fcberpr\u00fcfen<\/li><li data-section-id=\"xrrs9r\" data-start=\"3338\" data-end=\"3469\">Der Veranstalter beh\u00e4lt sich das Recht vor, die Aktion zu \u00e4ndern, auszusetzen oder abzubrechen, wenn dies aufgrund von Umst\u00e4nden, die au\u00dferhalb seiner Kontrolle liegen, erforderlich ist.<\/li><li data-section-id=\"mdsv3q\" data-start=\"3470\" data-end=\"3537\">Die Aktion unterliegt allen geltenden Gesetzen und Vorschriften<\/li><\/ul><hr data-start=\"3539\" data-end=\"3542\"><h6 data-section-id=\"x185m4\" data-start=\"3544\" data-end=\"3578\"><span role=\"text\"><strong data-start=\"3547\" data-end=\"3578\">10. Einschr\u00e4nkung der Haftung<\/strong><\/span><\/h6><p data-start=\"3579\" data-end=\"3656\">Der Veranstalter haftet nicht, soweit dies gesetzlich zul\u00e4ssig ist, f\u00fcr:<\/p><ul data-start=\"3658\" data-end=\"3845\"><li data-section-id=\"11mpcer\" data-start=\"3658\" data-end=\"3733\">Jegliche Verluste, Sch\u00e4den oder Verletzungen, die durch die Teilnahme an der Werbeaktion entstehen<\/li><li data-section-id=\"1r1s4p9\" data-start=\"3734\" data-end=\"3793\">Alle technischen Ausf\u00e4lle, Website-Probleme oder Eingabefehler<\/li><li data-section-id=\"tly10p\" data-start=\"3794\" data-end=\"3845\">Jegliche Verz\u00f6gerungen oder Ausf\u00e4lle bei der Lieferung des Preises<\/li><\/ul><hr data-start=\"3847\" data-end=\"3850\"><h6 data-section-id=\"ts3nso\" data-start=\"3852\" data-end=\"3878\"><span role=\"text\"><strong data-start=\"3855\" data-end=\"3878\">11. Datenschutz<\/strong><\/span><\/h6><ul data-start=\"3879\" data-end=\"4148\"><li data-section-id=\"1jr8wyw\" data-start=\"3879\" data-end=\"4055\">Pers\u00f6nliche Daten, die im Rahmen dieser Aktion zur Verf\u00fcgung gestellt werden, werden ausschlie\u00dflich f\u00fcr die Verwaltung der Aktion verwendet, es sei denn, der Teilnehmer hat sich f\u00fcr den Erhalt von Marketinginformationen entschieden.<\/li><li data-section-id=\"slyphx\" data-start=\"4056\" data-end=\"4148\">Die Daten werden in \u00dcbereinstimmung mit den geltenden Datenschutzgesetzen (einschlie\u00dflich GDPR) behandelt.<\/li><\/ul><hr data-start=\"4150\" data-end=\"4153\"><h6 data-section-id=\"1l3fk50\" data-start=\"4155\" data-end=\"4189\"><span role=\"text\"><strong data-start=\"4158\" data-end=\"4189\">12. Haftungsausschluss f\u00fcr soziale Medien<\/strong><\/span><\/h6><p data-start=\"4190\" data-end=\"4295\">Diese Aktion <strong data-start=\"4208\" data-end=\"4294\">wird nicht von Instagram oder Facebook gesponsert, unterst\u00fctzt, verwaltet oder mit ihnen verbunden<\/strong>.<\/p><hr data-start=\"4297\" data-end=\"4300\"><h6 data-section-id=\"1gs5r90\" data-start=\"4302\" data-end=\"4326\"><span role=\"text\"><strong data-start=\"4305\" data-end=\"4326\">13. Geltendes Recht<\/strong><\/span><\/h6><p data-start=\"4327\" data-end=\"4501\">Diese Allgemeinen Gesch\u00e4ftsbedingungen unterliegen den Gesetzen von <strong data-start=\"4380\" data-end=\"4401\">England und Wales<\/strong>, und alle Streitigkeiten unterliegen der ausschlie\u00dflichen Zust\u00e4ndigkeit der Gerichte von England und Wales.<\/p>\t\t\t\t\t\t\t\t<\/div>\n\t\t\t\t<div class=\"elementor-element elementor-element-e93fe9c elementor-widget elementor-widget-text-editor\" data-id=\"e93fe9c\" data-element_type=\"widget\" data-e-type=\"widget\" data-widget_type=\"text-editor.default\">\n\t\t\t\t\t\t\t\t\t<h5 data-start=\"1474\" data-end=\"1516\">\u00dcberpr\u00fcfungen und Dokumentation vor dem Handel<\/h5><p data-start=\"1518\" data-end=\"1766\">Bevor wir mit dem Handel beginnen, k\u00f6nnen wir potenzielle Partner auffordern, ein Antragsformular f\u00fcr den Handel auszuf\u00fcllen und ihre eigenen Due Diligence-Richtlinien und -Verfahren vorzulegen. Alle zur Verf\u00fcgung gestellten Unternehmensinformationen werden auf einer <strong data-start=\"1742\" data-end=\"1765\">risikobasierten Grundlage<\/strong> \u00fcberpr\u00fcft. <\/p><p data-start=\"1768\" data-end=\"1780\">Bitte beachten Sie:<\/p><ul data-start=\"1781\" data-end=\"2014\"><li data-start=\"1781\" data-end=\"1852\"><p data-start=\"1783\" data-end=\"1852\">Alle Kontrollen m\u00fcssen abgeschlossen und genehmigt sein <strong data-start=\"1825\" data-end=\"1850\">, bevor der Handel beginnt<\/strong><\/p><\/li><li data-start=\"1853\" data-end=\"1946\"><p data-start=\"1855\" data-end=\"1946\">Wir <strong data-start=\"1858\" data-end=\"1900\">akzeptieren nur Zahlungen per Bank\u00fcberweisung<\/strong> &#8211; Bargeldtransaktionen sind streng verboten.<\/p><\/li><li data-start=\"1947\" data-end=\"2014\"><p data-start=\"1949\" data-end=\"2014\">Ein digitaler Pr\u00fcfpfad ist f\u00fcr alle Gesch\u00e4ftstransaktionen erforderlich<\/p><\/li><\/ul>\t\t\t\t\t\t\t\t<\/div>\n\t\t\t\t<div class=\"elementor-element elementor-element-fe6e6c0 elementor-widget elementor-widget-text-editor\" data-id=\"fe6e6c0\" data-element_type=\"widget\" data-e-type=\"widget\" data-widget_type=\"text-editor.default\">\n\t\t\t\t\t\t\t\t\t<h5 data-start=\"2021\" data-end=\"2056\">Datensicherheit und Berichterstattung<\/h5><p data-start=\"2058\" data-end=\"2298\">Alle Aufzeichnungen werden in sicheren digitalen Formaten aufbewahrt, verschl\u00fcsselt und durch Firewall-Systeme gesch\u00fctzt, in \u00dcbereinstimmung mit Datensicherheitsstandards. Wir erwarten von unseren Partnern, dass sie beim Umgang mit sensiblen Unternehmensdaten \u00e4hnliche Standards einhalten. <\/p><p data-start=\"2300\" data-end=\"2427\">Wir behalten uns das Recht vor, jedes verd\u00e4chtige Verhalten oder jede Nichteinhaltung unverz\u00fcglich den zust\u00e4ndigen Aufsichtsbeh\u00f6rden zu melden.<\/p>\t\t\t\t\t\t\t\t<\/div>\n\t\t\t\t<div class=\"elementor-element elementor-element-3d03fdc elementor-widget elementor-widget-text-editor\" data-id=\"3d03fdc\" data-element_type=\"widget\" data-e-type=\"widget\" data-widget_type=\"text-editor.default\">\n\t\t\t\t\t\t\t\t\t<h5 data-start=\"2434\" data-end=\"2461\">Kontaktinformationen<\/h5><p data-start=\"2463\" data-end=\"2543\"><strong data-start=\"2463\" data-end=\"2486\">Box Box Box Limited<\/strong><br data-start=\"2486\" data-end=\"2489\">10-12 Alder Hills<br data-start=\"2506\" data-end=\"2509\">Poole, BH12 4AL<br data-start=\"2524\" data-end=\"2527\">Vereinigtes K\u00f6nigreich<\/p><p data-start=\"2545\" data-end=\"2636\">\ud83d\udcde Tel: 01202 413610 ext. 115<br data-start=\"2574\" data-end=\"2577\">\ud83d\udce7 Email: <a class=\"cursor-pointer\" href=\"mailto:info@maylander.wine\" rel=\"noopener\" data-start=\"2587\" data-end=\"2636\">info@maylander.wine<\/a><\/p>\t\t\t\t\t\t\t\t<\/div>\n\t\t\t\t\t<\/div>\n\t\t\t\t<\/div>\n\t\t\t\t<\/div>\n\t\t","protected":false},"excerpt":{"rendered":"<p>Gem\u00e4\u00df dem Registrierungssystem f\u00fcr Alkoholgro\u00dfh\u00e4ndler (AWRS) werden die Lieferanten von alkoholischen Produkten, die Gro\u00dfhandelskunden und die Transportunternehmen, die das Unternehmen mit dem Vertrieb dieser Produkte beauftragt hat, \u00fcberpr\u00fcft.<\/p>\n","protected":false},"author":1,"featured_media":0,"parent":0,"menu_order":0,"comment_status":"closed","ping_status":"closed","template":"","meta":{"footnotes":""},"class_list":["post-29675","page","type-page","status-publish","hentry"],"_links":{"self":[{"href":"https:\/\/maylander.wine\/de\/wp-json\/wp\/v2\/pages\/29675","targetHints":{"allow":["GET"]}}],"collection":[{"href":"https:\/\/maylander.wine\/de\/wp-json\/wp\/v2\/pages"}],"about":[{"href":"https:\/\/maylander.wine\/de\/wp-json\/wp\/v2\/types\/page"}],"author":[{"embeddable":true,"href":"https:\/\/maylander.wine\/de\/wp-json\/wp\/v2\/users\/1"}],"replies":[{"embeddable":true,"href":"https:\/\/maylander.wine\/de\/wp-json\/wp\/v2\/comments?post=29675"}],"version-history":[{"count":1,"href":"https:\/\/maylander.wine\/de\/wp-json\/wp\/v2\/pages\/29675\/revisions"}],"predecessor-version":[{"id":29676,"href":"https:\/\/maylander.wine\/de\/wp-json\/wp\/v2\/pages\/29675\/revisions\/29676"}],"wp:attachment":[{"href":"https:\/\/maylander.wine\/de\/wp-json\/wp\/v2\/media?parent=29675"}],"curies":[{"name":"wp","href":"https:\/\/api.w.org\/{rel}","templated":true}]}}