{"id":20694,"date":"2025-08-05T12:41:54","date_gmt":"2025-08-05T12:41:54","guid":{"rendered":"https:\/\/maylander.wine\/verschenken\/"},"modified":"2026-03-31T16:47:19","modified_gmt":"2026-03-31T16:47:19","slug":"verschenken","status":"publish","type":"page","link":"https:\/\/maylander.wine\/de\/verschenken\/","title":{"rendered":"Verschenken"},"content":{"rendered":"\t\t<div data-elementor-type=\"wp-page\" data-elementor-id=\"20694\" class=\"elementor elementor-20694 elementor-20685\" data-elementor-post-type=\"page\">\n\t\t\t\t\t\t<section class=\"elementor-section elementor-top-section elementor-element elementor-element-66fdc81c elementor-section-height-min-height elementor-section-full_width elementor-section-height-default elementor-section-items-middle\" data-id=\"66fdc81c\" data-element_type=\"section\" data-e-type=\"section\" data-settings=\"{&quot;background_background&quot;:&quot;classic&quot;}\">\n\t\t\t\t\t\t<div class=\"elementor-container elementor-column-gap-no\">\n\t\t\t\t\t<div class=\"elementor-column elementor-col-100 elementor-top-column elementor-element elementor-element-51c0b158\" data-id=\"51c0b158\" data-element_type=\"column\" data-e-type=\"column\">\n\t\t\t<div class=\"elementor-widget-wrap elementor-element-populated\">\n\t\t\t\t\t\t<section class=\"elementor-section elementor-inner-section elementor-element elementor-element-7f4c72df elementor-section-boxed elementor-section-height-default elementor-section-height-default\" data-id=\"7f4c72df\" data-element_type=\"section\" data-e-type=\"section\">\n\t\t\t\t\t\t<div class=\"elementor-container elementor-column-gap-default\">\n\t\t\t\t\t<div class=\"elementor-column elementor-col-100 elementor-inner-column elementor-element elementor-element-23c9823c\" data-id=\"23c9823c\" data-element_type=\"column\" data-e-type=\"column\" data-settings=\"{&quot;background_background&quot;:&quot;classic&quot;}\">\n\t\t\t<div class=\"elementor-widget-wrap elementor-element-populated\">\n\t\t\t\t\t\t<div class=\"elementor-element elementor-element-7645dc85 elementor-widget elementor-widget-heading\" data-id=\"7645dc85\" data-element_type=\"widget\" data-e-type=\"widget\" data-widget_type=\"heading.default\">\n\t\t\t\t\t<h2 class=\"elementor-heading-title elementor-size-default\">Schenken Sie ein Geschenk, das sie nie vergessen werden<\/h2>\t\t\t\t<\/div>\n\t\t\t\t<div class=\"elementor-element elementor-element-61975fe4 elementor-widget elementor-widget-heading\" data-id=\"61975fe4\" data-element_type=\"widget\" data-e-type=\"widget\" data-widget_type=\"heading.default\">\n\t\t\t\t\t<h2 class=\"elementor-heading-title elementor-size-default\">Entdecken Sie unsere Kollektion an Mayl\u00e4nder Weingeschenken - perfekt f\u00fcr einen besonderen Menschen, egal ob er Motorsport, edlen Wein oder beides liebt. Von kuratierten Duo und Trio Halbflaschen-Sets bis hin zu flexiblen Mayl\u00e4nder Geschenkkarten ist jede Option f\u00fcr jeden Anlass geeignet, von Weihnachten und Vatertag bis hin zu Geburtstagen, Jubil\u00e4en und Feiern jeder Art. Durchdacht pr\u00e4sentiert und m\u00fchelos zu verschenken, vermittelt jedes Geschenk ein Gef\u00fchl von Pr\u00e4zision, Tradition und Luxus - direkt nach Hause geliefert.  <\/h2>\t\t\t\t<\/div>\n\t\t\t\t\t<\/div>\n\t\t<\/div>\n\t\t\t\t\t<\/div>\n\t\t<\/section>\n\t\t\t\t\t<\/div>\n\t\t<\/div>\n\t\t\t\t\t<\/div>\n\t\t<\/section>\n\t\t<div class=\"elementor-element elementor-element-327495b2 e-flex e-con-boxed e-con e-parent\" data-id=\"327495b2\" data-element_type=\"container\" data-e-type=\"container\">\n\t\t\t\t\t<div class=\"e-con-inner\">\n\t\t<div class=\"elementor-element elementor-element-7c788fd7 e-con-full e-flex e-con e-child\" data-id=\"7c788fd7\" data-element_type=\"container\" data-e-type=\"container\">\n\t\t\t\t<div class=\"elementor-element elementor-element-2845215 elementor-widget elementor-widget-woocommerce-breadcrumb\" data-id=\"2845215\" data-element_type=\"widget\" data-e-type=\"widget\" data-widget_type=\"woocommerce-breadcrumb.default\">\n\t\t\t\t\t<nav class=\"woocommerce-breadcrumb\" aria-label=\"Breadcrumb\">Startseite<\/nav>\t\t\t\t<\/div>\n\t\t\t\t<\/div>\n\t\t\t\t\t<\/div>\n\t\t\t\t<\/div>\n\t\t<div class=\"elementor-element elementor-element-19b850e4 e-con-full e-flex e-con e-parent\" data-id=\"19b850e4\" data-element_type=\"container\" data-e-type=\"container\">\n\t\t\t\t<div class=\"elementor-element elementor-element-18677f66 elementor-product-loop-item--align-center elementor-grid-mobile-2 elementor-grid-4 elementor-grid-tablet-3 elementor-products-grid elementor-wc-products elementor-widget elementor-widget-woocommerce-products\" data-id=\"18677f66\" data-element_type=\"widget\" data-e-type=\"widget\" data-widget_type=\"woocommerce-products.default\">\n\t\t\t\t<div class=\"elementor-widget-container\">\n\t\t\t\t\t<div class=\"woocommerce columns-4 \"><ul class=\"products elementor-grid columns-4\">\n<li class=\"product type-product post-28069 status-publish first instock product_cat-geschenkkarte product_cat-verschenken has-post-thumbnail shipping-taxable purchasable product-type-variable\">\n\t<a href=\"https:\/\/maylander.wine\/de\/shop\/geschenkkarte\/\" class=\"woocommerce-LoopProduct-link woocommerce-loop-product__link\"><img fetchpriority=\"high\" decoding=\"async\" width=\"680\" height=\"680\" src=\"https:\/\/maylander.wine\/wp-content\/uploads\/2026\/03\/Gift-Card.jpg\" class=\"attachment-woocommerce_thumbnail size-woocommerce_thumbnail\" alt=\"Geschenkkarte\" \/><h2 class=\"woocommerce-loop-product__title\">Geschenkkarte<\/h2>\n\t<span class=\"price\"><span class=\"wcpbc-price wcpbc-price-28069\" data-product-id=\"28069\"><span class=\"woocommerce-Price-amount amount\" aria-hidden=\"true\"><bdi><span class=\"woocommerce-Price-currencySymbol\">&pound;<\/span>50.00<\/bdi><\/span> <span aria-hidden=\"true\"> \u2013 <\/span> <span class=\"woocommerce-Price-amount amount\" aria-hidden=\"true\"><bdi><span class=\"woocommerce-Price-currencySymbol\">&pound;<\/span>250.00<\/bdi><\/span><span class=\"screen-reader-text\">Preisspanne: &pound;50.00 bis &pound;250.00<\/span><\/span><\/span>\n<\/a><a href=\"#\" class=\"button ml-notify-btn ml-region-cta\" data-ml-popup=\"23750\" data-ml-product=\"28069\" data-ml-title=\"Geschenkkarte\" aria-haspopup=\"dialog\" role=\"button\" rel=\"nofollow\">Benachrichtigen, wenn in Ihrem Land verf\u00fcgbar<\/a>\t<span id=\"woocommerce_loop_add_to_cart_link_describedby_28069\" class=\"screen-reader-text\">\n\t\tDieses Produkt weist mehrere Varianten auf. Die Optionen k\u00f6nnen auf der Produktseite gew\u00e4hlt werden\t<\/span>\n\t\t\t<input type=\"hidden\" class=\"pmwProductId\" data-id=\"28069\">\n\t\t\t\t\t<script data-cfasync=\"false\">\n\t\t\t(window.pmwDataLayer = window.pmwDataLayer || {}).products                = window.pmwDataLayer.products || {};\n\t\t\twindow.pmwDataLayer.products[28069] = {\"id\":\"28069\",\"sku\":\"\",\"price\":50,\"brand\":\"\",\"quantity\":1,\"dyn_r_ids\":{\"post_id\":\"28069\",\"sku\":28069,\"gpf\":\"woocommerce_gpf_28069\",\"gla\":\"gla_28069\"},\"is_variable\":true,\"type\":\"variable\",\"name\":\"Geschenkkarte\",\"category\":[\"Geschenkkarte\",\"Verschenken\"],\"is_variation\":false};\n\t\t\t\t\twindow.pmw_product_position = window.pmw_product_position || 1;\n\t\twindow.pmwDataLayer.products[28069]['position'] = window.pmw_product_position++;\n\t\t\t\t<\/script>\n\t\t<\/li>\n<li class=\"product type-product post-24884 status-publish instock product_cat-rose-wine-de product_cat-rotwein product_cat-verschenken product_cat-wein product_cat-weiswein product_tag-riesling-de product_tag-weiswein has-post-thumbnail purchasable product-type-simple\">\n\t<a href=\"https:\/\/maylander.wine\/de\/shop\/halbe-flasche-weihnachtsgeschenkset-trio-3-x-375-ml-copy\/\" class=\"woocommerce-LoopProduct-link woocommerce-loop-product__link\"><img decoding=\"async\" width=\"900\" height=\"900\" src=\"https:\/\/maylander.wine\/wp-content\/uploads\/2025\/12\/Maylander-Duo-Gift-Set-face-on.jpg\" class=\"attachment-woocommerce_thumbnail size-woocommerce_thumbnail\" alt=\"Mayl\u00e4nder Wein halbe Flasche Duo-Geschenkset\" \/><h2 class=\"woocommerce-loop-product__title\">Halbe Flasche Geschenkset Duo (2x375ml)<\/h2>\n\t<span class=\"price\"><span class=\"wcpbc-price wcpbc-price-24884\" data-product-id=\"24884\"><span class=\"woocommerce-Price-amount amount\"><bdi><span class=\"woocommerce-Price-currencySymbol\">&pound;<\/span>38.00<\/bdi><\/span><\/span><\/span>\n<\/a><a href=\"#\" class=\"button ml-notify-btn ml-region-cta\" data-ml-popup=\"23750\" data-ml-product=\"24884\" data-ml-title=\"Halbe Flasche Geschenkset Duo (2x375ml)\" aria-haspopup=\"dialog\" role=\"button\" rel=\"nofollow\">Benachrichtigen, wenn in Ihrem Land verf\u00fcgbar<\/a>\t<span id=\"woocommerce_loop_add_to_cart_link_describedby_24884\" class=\"screen-reader-text\">\n\t\t\t<\/span>\n\t\t\t<input type=\"hidden\" class=\"pmwProductId\" data-id=\"24884\">\n\t\t\t\t\t<script data-cfasync=\"false\">\n\t\t\t(window.pmwDataLayer = window.pmwDataLayer || {}).products                = window.pmwDataLayer.products || {};\n\t\t\twindow.pmwDataLayer.products[24884] = {\"id\":\"24884\",\"sku\":\"570 27 25-3-1-1\",\"price\":38,\"brand\":\"\",\"quantity\":1,\"dyn_r_ids\":{\"post_id\":\"24884\",\"sku\":\"570 27 25-3-1-1\",\"gpf\":\"woocommerce_gpf_24884\",\"gla\":\"gla_24884\"},\"is_variable\":false,\"type\":\"simple\",\"name\":\"Halbe Flasche Geschenkset Duo (2x375ml)\",\"category\":[\"Ros\u00e9 WIne\",\"Rotwein\",\"Verschenken\",\"Wein\",\"Wei\u00dfwein\"],\"is_variation\":false};\n\t\t\t\t\twindow.pmw_product_position = window.pmw_product_position || 1;\n\t\twindow.pmwDataLayer.products[24884]['position'] = window.pmw_product_position++;\n\t\t\t\t<\/script>\n\t\t<\/li>\n<li class=\"product type-product post-24600 status-publish instock product_cat-rose-wine-de product_cat-rotwein product_cat-verschenken product_cat-wein product_cat-weiswein product_tag-riesling-de product_tag-weiswein has-post-thumbnail sale purchasable product-type-simple\">\n\t<a href=\"https:\/\/maylander.wine\/de\/shop\/3-halbe-riesling-flaschen-maylander-2024-375ml-copy-2\/\" class=\"woocommerce-LoopProduct-link woocommerce-loop-product__link\">\n\t<span class=\"onsale\">Angebot!<\/span>\n\t<img decoding=\"async\" width=\"900\" height=\"900\" src=\"https:\/\/maylander.wine\/wp-content\/uploads\/2025\/11\/Maylander-Trio-GIft-Set-slight-left-side-P1060564-1.jpg\" class=\"attachment-woocommerce_thumbnail size-woocommerce_thumbnail\" alt=\"Mayl\u00e4nder Trio Geschenkset\" \/><h2 class=\"woocommerce-loop-product__title\">Halbe Flasche Geschenkset &#8211; Trio (3 \u00d7 375 ml)<\/h2>\n\t<span class=\"price\"><span class=\"wcpbc-price wcpbc-price-24600\" data-product-id=\"24600\"><del aria-hidden=\"true\"><span class=\"woocommerce-Price-amount amount\"><bdi><span class=\"woocommerce-Price-currencySymbol\">&pound;<\/span>54.00<\/bdi><\/span><\/del> <span class=\"screen-reader-text\">Urspr\u00fcnglicher Preis war: &pound;54.00<\/span><ins aria-hidden=\"true\"><span class=\"woocommerce-Price-amount amount\"><bdi><span class=\"woocommerce-Price-currencySymbol\">&pound;<\/span>49.00<\/bdi><\/span><\/ins><span class=\"screen-reader-text\">Aktueller Preis ist: &pound;49.00.<\/span><\/span><\/span>\n<\/a><a href=\"#\" class=\"button ml-notify-btn ml-region-cta\" data-ml-popup=\"23750\" data-ml-product=\"24600\" data-ml-title=\"Halbe Flasche Geschenkset - Trio (3 \u00d7 375 ml)\" aria-haspopup=\"dialog\" role=\"button\" rel=\"nofollow\">Benachrichtigen, wenn in Ihrem Land verf\u00fcgbar<\/a>\t<span id=\"woocommerce_loop_add_to_cart_link_describedby_24600\" class=\"screen-reader-text\">\n\t\t\t<\/span>\n\t\t\t<input type=\"hidden\" class=\"pmwProductId\" data-id=\"24600\">\n\t\t\t\t\t<script data-cfasync=\"false\">\n\t\t\t(window.pmwDataLayer = window.pmwDataLayer || {}).products                = window.pmwDataLayer.products || {};\n\t\t\twindow.pmwDataLayer.products[24600] = {\"id\":\"24600\",\"sku\":\"570 27 25-3-1\",\"price\":49,\"brand\":\"\",\"quantity\":1,\"dyn_r_ids\":{\"post_id\":\"24600\",\"sku\":\"570 27 25-3-1\",\"gpf\":\"woocommerce_gpf_24600\",\"gla\":\"gla_24600\"},\"is_variable\":false,\"type\":\"simple\",\"name\":\"Halbe Flasche Geschenkset - Trio (3 \u00d7 375 ml)\",\"category\":[\"Ros\u00e9 WIne\",\"Rotwein\",\"Verschenken\",\"Wein\",\"Wei\u00dfwein\"],\"is_variation\":false};\n\t\t\t\t\twindow.pmw_product_position = window.pmw_product_position || 1;\n\t\twindow.pmwDataLayer.products[24600]['position'] = window.pmw_product_position++;\n\t\t\t\t<\/script>\n\t\t<\/li>\n<\/ul>\n<\/div>\t\t\t\t<\/div>\n\t\t\t\t<\/div>\n\t\t\t\t<\/div>\n\t\t\t\t<\/div>\n\t\t","protected":false},"excerpt":{"rendered":"<p>Entdecken Sie unsere Kollektion an Mayl\u00e4nder Weingeschenken, die perfekt f\u00fcr den besonderen Menschen in Ihrem Leben sind, egal ob er Motorsport oder feinen Wein liebt. Wir haben eine Reihe von ausgew\u00e4hlten Geschenksets, die Sie zu besonderen Anl\u00e4ssen wie Vatertag, Muttertag, Geburtstag oder Jahrestag beeindrucken werden. Raten Sie nicht mehr, was Sie Ihrem Freund oder einer geliebten Person schenken sollen, sondern verschenken Sie Leidenschaft, Verm\u00e4chtnis und Luxus, direkt nach Hause geliefert.<\/p>\n","protected":false},"author":1,"featured_media":19818,"parent":0,"menu_order":0,"comment_status":"closed","ping_status":"closed","template":"","meta":{"footnotes":""},"class_list":["post-20694","page","type-page","status-publish","has-post-thumbnail","hentry"],"_links":{"self":[{"href":"https:\/\/maylander.wine\/de\/wp-json\/wp\/v2\/pages\/20694","targetHints":{"allow":["GET"]}}],"collection":[{"href":"https:\/\/maylander.wine\/de\/wp-json\/wp\/v2\/pages"}],"about":[{"href":"https:\/\/maylander.wine\/de\/wp-json\/wp\/v2\/types\/page"}],"author":[{"embeddable":true,"href":"https:\/\/maylander.wine\/de\/wp-json\/wp\/v2\/users\/1"}],"replies":[{"embeddable":true,"href":"https:\/\/maylander.wine\/de\/wp-json\/wp\/v2\/comments?post=20694"}],"version-history":[{"count":0,"href":"https:\/\/maylander.wine\/de\/wp-json\/wp\/v2\/pages\/20694\/revisions"}],"wp:featuredmedia":[{"embeddable":true,"href":"https:\/\/maylander.wine\/de\/wp-json\/wp\/v2\/media\/19818"}],"wp:attachment":[{"href":"https:\/\/maylander.wine\/de\/wp-json\/wp\/v2\/media?parent=20694"}],"curies":[{"name":"wp","href":"https:\/\/api.w.org\/{rel}","templated":true}]}}